{"id":1138,"date":"2024-05-05T14:42:38","date_gmt":"2024-05-05T14:42:38","guid":{"rendered":"https:\/\/cesardi.com.br\/cantandoideias\/?page_id=1138"},"modified":"2024-05-05T22:16:57","modified_gmt":"2024-05-05T22:16:57","slug":"o-projeto-na-midia","status":"publish","type":"page","link":"https:\/\/cesardi.com.br\/cantandoideias\/sobre-o-projeto\/o-projeto-na-midia\/","title":{"rendered":"O Projeto na M\u00eddia"},"content":{"rendered":"<p>&nbsp;<\/p>\n<h1>Proje\u00e7\u00e3o na M\u00eddia<\/h1>\n<p>O Projeto <strong>CANTANDO IDEIAS, DESPERTANDO CONSCI\u00caNCIAS<\/strong> j\u00e1 foi Destaque em M\u00eddias variadas, Jornais impressos, Portais de Not\u00edcias, R\u00e1dios, TVs, M\u00eddias Sociais, Abaixo algumas Mat\u00e9rias e Links:<\/p>\n<p>&nbsp;<\/p>\n<h3>No Jornal SP Reporter News<\/h3>\n<p>*Tabo\u00e3o da Serra, Embu das Artes, Itapecerica da Serra e Jardim Maced\u00f4nia &#8211; SP<\/p>\n<p><a href=\"https:\/\/cesardi.com.br\/cantandoideias\/wp-content\/uploads\/2024\/05\/IMG_20220601_1640473982.jpg\"><img loading=\"lazy\" decoding=\"async\" class=\"alignnone wp-image-1135 size-full\" src=\"https:\/\/cesardi.com.br\/cantandoideias\/wp-content\/uploads\/2024\/05\/IMG_20220601_1640473982.jpg\" alt=\"\" width=\"1064\" height=\"1600\" srcset=\"https:\/\/cesardi.com.br\/cantandoideias\/wp-content\/uploads\/2024\/05\/IMG_20220601_1640473982.jpg 1064w, https:\/\/cesardi.com.br\/cantandoideias\/wp-content\/uploads\/2024\/05\/IMG_20220601_1640473982-200x300.jpg 200w, https:\/\/cesardi.com.br\/cantandoideias\/wp-content\/uploads\/2024\/05\/IMG_20220601_1640473982-681x1024.jpg 681w, https:\/\/cesardi.com.br\/cantandoideias\/wp-content\/uploads\/2024\/05\/IMG_20220601_1640473982-768x1155.jpg 768w, https:\/\/cesardi.com.br\/cantandoideias\/wp-content\/uploads\/2024\/05\/IMG_20220601_1640473982-1021x1536.jpg 1021w\" sizes=\"auto, (max-width: 1064px) 100vw, 1064px\" \/><\/a><\/p>\n<p>&nbsp;<\/p>\n<p>&nbsp;<\/p>\n<h3>Na R\u00e1dio Nativa FM<\/h3>\n<p>C\u00e9sar Di falou sobre o Projeto Cantando Ideias nesta Entrevista para uma das Maiores R\u00e1dios de SP e do Brasil<\/p>\n<p><iframe loading=\"lazy\" title=\"C\u00e9sar Di - Entrevista R\u00e1dio Nativa FM \/ Mano Veio e Mano Novo\" width=\"640\" height=\"360\" src=\"https:\/\/www.youtube.com\/embed\/Hj1avA0vDIk?feature=oembed\" frameborder=\"0\" allow=\"accelerometer; autoplay; clipboard-write; encrypted-media; gyroscope; picture-in-picture; web-share\" referrerpolicy=\"strict-origin-when-cross-origin\" allowfullscreen><\/iframe><\/p>\n<p>&nbsp;<\/p>\n<p>&nbsp;<\/p>\n<h3><strong>No Jornal &#8220;O Pontual&#8221;<\/strong><\/h3>\n<p>*Ve\u00edculo de comunica\u00e7\u00e3o que divulga e repercute fatos do dia a dia de Itapecerica da Serra e munic\u00edpios da regi\u00e3o do CONISUD.<\/p>\n<p style=\"text-align: center;\"><a href=\"https:\/\/cesardi.com.br\/cantandoideias\/wp-content\/uploads\/2024\/05\/IMG_20220601_1638519622.jpg\"><img loading=\"lazy\" decoding=\"async\" class=\"alignnone wp-image-1134 size-full\" src=\"https:\/\/cesardi.com.br\/cantandoideias\/wp-content\/uploads\/2024\/05\/IMG_20220601_1638519622.jpg\" alt=\"\" width=\"766\" height=\"1600\" srcset=\"https:\/\/cesardi.com.br\/cantandoideias\/wp-content\/uploads\/2024\/05\/IMG_20220601_1638519622.jpg 766w, https:\/\/cesardi.com.br\/cantandoideias\/wp-content\/uploads\/2024\/05\/IMG_20220601_1638519622-144x300.jpg 144w, https:\/\/cesardi.com.br\/cantandoideias\/wp-content\/uploads\/2024\/05\/IMG_20220601_1638519622-490x1024.jpg 490w, https:\/\/cesardi.com.br\/cantandoideias\/wp-content\/uploads\/2024\/05\/IMG_20220601_1638519622-735x1536.jpg 735w\" sizes=\"auto, (max-width: 766px) 100vw, 766px\" \/><\/a><\/p>\n<p>&nbsp;<\/p>\n<p>&nbsp;<\/p>\n<h3><strong>No Jornal Folha de Embu<\/strong><\/h3>\n<p>*Jornal de Embu das Artes\/SP, Circula tamb\u00e9m em v\u00e1rias cidades da Regi\u00e3o<\/p>\n<p><a href=\"https:\/\/cesardi.com.br\/cantandoideias\/wp-content\/uploads\/2024\/05\/IMG_20220601_1635348822.jpg\"><img loading=\"lazy\" decoding=\"async\" class=\"alignnone wp-image-1136 size-full\" src=\"https:\/\/cesardi.com.br\/cantandoideias\/wp-content\/uploads\/2024\/05\/IMG_20220601_1635348822.jpg\" alt=\"\" width=\"1200\" height=\"1600\" srcset=\"https:\/\/cesardi.com.br\/cantandoideias\/wp-content\/uploads\/2024\/05\/IMG_20220601_1635348822.jpg 1200w, https:\/\/cesardi.com.br\/cantandoideias\/wp-content\/uploads\/2024\/05\/IMG_20220601_1635348822-225x300.jpg 225w, https:\/\/cesardi.com.br\/cantandoideias\/wp-content\/uploads\/2024\/05\/IMG_20220601_1635348822-768x1024.jpg 768w, https:\/\/cesardi.com.br\/cantandoideias\/wp-content\/uploads\/2024\/05\/IMG_20220601_1635348822-1152x1536.jpg 1152w\" sizes=\"auto, (max-width: 1200px) 100vw, 1200px\" \/><\/a><\/p>\n<p>&nbsp;<\/p>\n<p>&nbsp;<\/p>\n","protected":false},"excerpt":{"rendered":"<p>&nbsp; Proje\u00e7\u00e3o na M\u00eddia O Projeto CANTANDO IDEIAS, DESPERTANDO CONSCI\u00caNCIAS j\u00e1 foi Destaque em M\u00eddias variadas, Jornais impressos, Portais de Not\u00edcias, R\u00e1dios, TVs, M\u00eddias Sociais, Abaixo algumas Mat\u00e9rias e Links: &nbsp; No Jornal SP Reporter News *Tabo\u00e3o da Serra, Embu das Artes, Itapecerica da Serra e Jardim Maced\u00f4nia &#8211; SP &nbsp; &nbsp; Na R\u00e1dio Nativa [&hellip;]<\/p>\n","protected":false},"author":1,"featured_media":0,"parent":48,"menu_order":4,"comment_status":"closed","ping_status":"closed","template":"","meta":{"footnotes":""},"class_list":["post-1138","page","type-page","status-publish","hentry"],"_links":{"self":[{"href":"https:\/\/cesardi.com.br\/cantandoideias\/wp-json\/wp\/v2\/pages\/1138","targetHints":{"allow":["GET"]}}],"collection":[{"href":"https:\/\/cesardi.com.br\/cantandoideias\/wp-json\/wp\/v2\/pages"}],"about":[{"href":"https:\/\/cesardi.com.br\/cantandoideias\/wp-json\/wp\/v2\/types\/page"}],"author":[{"embeddable":true,"href":"https:\/\/cesardi.com.br\/cantandoideias\/wp-json\/wp\/v2\/users\/1"}],"replies":[{"embeddable":true,"href":"https:\/\/cesardi.com.br\/cantandoideias\/wp-json\/wp\/v2\/comments?post=1138"}],"version-history":[{"count":7,"href":"https:\/\/cesardi.com.br\/cantandoideias\/wp-json\/wp\/v2\/pages\/1138\/revisions"}],"predecessor-version":[{"id":1152,"href":"https:\/\/cesardi.com.br\/cantandoideias\/wp-json\/wp\/v2\/pages\/1138\/revisions\/1152"}],"up":[{"embeddable":true,"href":"https:\/\/cesardi.com.br\/cantandoideias\/wp-json\/wp\/v2\/pages\/48"}],"wp:attachment":[{"href":"https:\/\/cesardi.com.br\/cantandoideias\/wp-json\/wp\/v2\/media?parent=1138"}],"curies":[{"name":"wp","href":"https:\/\/api.w.org\/{rel}","templated":true}]}}