{"id":184,"date":"2013-03-28T13:39:29","date_gmt":"2013-03-28T13:39:29","guid":{"rendered":"http:\/\/cesardi.com.br\/cantandoideias\/?page_id=184"},"modified":"2022-04-29T01:26:40","modified_gmt":"2022-04-29T01:26:40","slug":"etapas-de-implantacao","status":"publish","type":"page","link":"https:\/\/cesardi.com.br\/cantandoideias\/sobre-o-projeto\/etapas-de-implantacao\/","title":{"rendered":"Implanta\u00e7\u00e3o do Projeto"},"content":{"rendered":"<p>&nbsp;<\/p>\n<p>&nbsp;<\/p>\n<h1 style=\"text-align: left;\">Desenvolvimento din\u00e2mico<\/h1>\n<p>O Projeto\u00a0<b>Cantando Ideias, Despertando Consci\u00eancias\u2026 <\/b>tem um objetivo bastante claro, como est\u00e1 <strong><a href=\"http:\/\/www.cesardi.com.br\/cantandoideias\/\" target=\"_blank\" rel=\"noopener\">bem descrito aqui em nosso site<\/a>, <\/strong>mas a sua forma de implementa\u00e7\u00e3o na escola ou dentro da sala de aula pode variar muito de acordo com a idade, as caracter\u00edsticas pessoais e os dons mais evidentes dos alunos. E tamb\u00e9m de acordo com as caracter\u00edsticas pessoais, profissionais e a especialidade de cada professor que v\u00e1 trabalh\u00e1-lo com seus alunos.<\/p>\n<p><a href=\"http:\/\/www.cesardi.com.br\/cantandoideias\/wp-content\/uploads\/2013\/03\/20171025_113638.jpg\"><img loading=\"lazy\" decoding=\"async\" class=\"alignright wp-image-678 \" src=\"http:\/\/www.cesardi.com.br\/cantandoideias\/wp-content\/uploads\/2013\/03\/20171025_113638-300x169.jpg\" alt=\"\" width=\"388\" height=\"218\" srcset=\"https:\/\/cesardi.com.br\/cantandoideias\/wp-content\/uploads\/2013\/03\/20171025_113638-300x169.jpg 300w, https:\/\/cesardi.com.br\/cantandoideias\/wp-content\/uploads\/2013\/03\/20171025_113638-768x432.jpg 768w, https:\/\/cesardi.com.br\/cantandoideias\/wp-content\/uploads\/2013\/03\/20171025_113638-1024x576.jpg 1024w\" sizes=\"auto, (max-width: 388px) 100vw, 388px\" \/><\/a><\/p>\n<p>Entendemos que cada local, cada escola, cada momento ou per\u00edodo escolar, cada profissional&#8230; tem seu jeito de se adaptar \u00e0 grade curricular, tem sua din\u00e2mica pr\u00f3pria de ensino, entende as facilidades e virtudes mas tamb\u00e9m as dificuldades e car\u00eancias de sua turma ou escola. E dentro disto existe sim uma certa liberdade na forma como o Projeto pode ser desenvolvido, desde que n\u00e3o fuja do seu prop\u00f3sito e finalidade. E pr\u00e1 que tudo saia da melhor maneira poss\u00edvel, a Produ\u00e7\u00e3o e at\u00e9 mesmo o pr\u00f3prio C\u00e9sar Di trabalham em conjunto com a escola e os profissionais envolvidos.<\/p>\n<p>Para se ter um norteamento de como trabalhar o Projeto veja exemplos de Edi\u00e7\u00f5es j\u00e1 realizadas e que foram de um proveito espetacular:<br \/>\n<a href=\"http:\/\/www.cesardi.com.br\/cantandoideias\/edicoes-realizadas\/escola-emei-mexicano-campo-limposp\/\" target=\"_blank\" rel=\"noopener\"><strong>Exemplo &#8211; Projeto 1<\/strong><\/a><br \/>\n<a href=\"http:\/\/www.cesardi.com.br\/cantandoideias\/edicoes-realizadas\/escola-sonia-maria\/\" target=\"_blank\" rel=\"noopener\"><strong>Exemplo &#8211;\u00a0Projeto 2<\/strong><\/a><\/p>\n<p>&nbsp;<\/p>\n<p>&nbsp;<\/p>\n<p>&nbsp;<\/p>\n<p>&nbsp;<\/p>\n<p>&nbsp;<\/p>\n<p>&nbsp;<\/p>\n<h1><strong>Sugest\u00f5es:<\/strong><\/h1>\n<p><strong>1 &#8211;<\/strong> Pode-se pedir aos alunos que fa\u00e7am trabalhos sobre a Biografia, a hist\u00f3ria de vida e tamb\u00e9m profissional do m\u00fasico: Pesquisa, busca por entender a forma diferente de SER artista do C\u00e9sar Di, que diferen\u00e7a \u00e9 esta? Quais as preocupa\u00e7\u00f5es do M\u00fasico que v\u00e3o al\u00e9m do modo convencional de ser artista? Na percep\u00e7\u00e3o de cada estudante.<\/p>\n<p><a href=\"http:\/\/www.cesardi.com.br\/cantandoideias\/wp-content\/uploads\/2013\/03\/S5031640.jpg\"><img loading=\"lazy\" decoding=\"async\" class=\"alignright wp-image-693\" src=\"http:\/\/www.cesardi.com.br\/cantandoideias\/wp-content\/uploads\/2013\/03\/S5031640-300x198.jpg\" alt=\"\" width=\"357\" height=\"236\" srcset=\"https:\/\/cesardi.com.br\/cantandoideias\/wp-content\/uploads\/2013\/03\/S5031640-300x198.jpg 300w, https:\/\/cesardi.com.br\/cantandoideias\/wp-content\/uploads\/2013\/03\/S5031640-768x506.jpg 768w, https:\/\/cesardi.com.br\/cantandoideias\/wp-content\/uploads\/2013\/03\/S5031640-1024x675.jpg 1024w\" sizes=\"auto, (max-width: 357px) 100vw, 357px\" \/><\/a><\/p>\n<p><strong>2 &#8211;<\/strong> Pode-se pedir que os alunos produzam: Textos, Poesias, Poemas&#8230; baseados na hist\u00f3ria de vida e na forma do C\u00e9sar se posicionar dentro do Mercado Musical e baseado tamb\u00e9m em sua postura diante da vida.<\/p>\n<p><strong>3 &#8211;<\/strong> Pode-se pedir que os alunos escolham uma m\u00fasica a que mais se identificam(individualmente ou em grupo) e expliquem \u00e0 sua maneira o que entenderam da letra,<\/p>\n<p><strong>4 &#8211;<\/strong> Pode-se organizar pe\u00e7as de teatro, grupos musicais, jograis, corais, dan\u00e7as, din\u00e2micas variadas&#8230; utilizando as letras das can\u00e7\u00f5es do C\u00e9sar.<\/p>\n<p><strong>5 &#8211;<\/strong> Pode-se realizar toda reflex\u00e3o, todo o trabalho, todo o Projeto&#8230; a partir da leitura do\u00a0Livro \u201cO Despertar, Voc\u00ea tem coragem de ver al\u00e9m?\u201d \u2013 Primeira Parte: O Pr\u00edncipe Cabedalis e o Reino de Feudoc\u00e1pit (E \u2013 Book, Livro Digital). Este livro \u00e9 Doado a todos os alunos, professores\u2026 participantes do Projeto.<\/p>\n<p>Neste caso cada Professor tem a liberdade de poder colocar em pr\u00e1tica sua criatividade e forma que ele achar mais conveniente, de se fazer para extrair dos alunos o melhor aproveitamento poss\u00edvel.<\/p>\n<p>&nbsp;<\/p>\n<p>&nbsp;<\/p>\n<p>&nbsp;<\/p>\n<p>&nbsp;<\/p>\n<p>&nbsp;<\/p>\n<h1 style=\"text-align: left;\" align=\"center\">Levando o Projeto at\u00e9 voc\u00ea<\/h1>\n<p style=\"text-align: left;\" align=\"center\">1 &#8211; Qualquer profissional ou pessoa que se identificar e quiser levar este Projeto at\u00e9 sua Escola, Associa\u00e7\u00e3o, Empresa, Entidade&#8230; em qualquer Cidade ou Estado, \u00e9 s\u00f3 entrar em contato, <a href=\"http:\/\/www.cesardi.com.br\/cantandoideias\/contato\/\" target=\"_blank\" rel=\"noopener\"><strong>CLIQUE AQUI.<\/strong><\/a><\/p>\n<p style=\"text-align: left;\" align=\"center\">2 &#8211; N\u00f3s recebemos sua indica\u00e7\u00e3o ou pedido, entramos em contato e logo ap\u00f3s verificada a real possibilidade de desenvolvimento de uma edi\u00e7\u00e3o do Projeto, nossa Produ\u00e7\u00e3o faz uma sondagem para ver a possibilidade de capta\u00e7\u00e3o de recursos e Patrocinadores para darmos o sim ao &#8220;Start&#8221; do Projeto.<\/p>\n<p><strong>Primeiras informa\u00e7\u00f5es necess\u00e1rias: <\/strong><br \/>\nPra que possamos iniciar o processo de escolha de uma entidade onde iremos realizar uma Edi\u00e7\u00e3o do Projeto &#8220;Cantando Ideias, Despertando Consci\u00eancias&#8230;&#8221;, nos repasse as seguintes informa\u00e7\u00f5es:<br \/>\n<strong>1 &#8211;<\/strong> Nome da escola e o endere\u00e7o, localiza\u00e7\u00e3o completa&#8230;<br \/>\n<strong>2 &#8211;<\/strong> Nome do Diretor e seus contatos: Fone, whatsapp, e-mail, facebook&#8230;<br \/>\n<strong>3 &#8211;<\/strong> Nome da Coordena\u00e7\u00e3o da Escola e seus contatos: Fone, whatsapp, e-mail, facebook&#8230;<br \/>\n<strong>4 &#8211;<\/strong> Nome dos Professores que j\u00e1 se interessam em trabalhar o Projeto na Escola e seus contatos: Fone, whatsapp, e-mail, facebook&#8230;<br \/>\n<strong>5 &#8211;<\/strong> Caracter\u00edsticas das turmas:\u00a0Idade dos alunos, que ciclos ou s\u00e9ries est\u00e3o cursando.<\/p>\n<p>&nbsp;<\/p>\n<p>&nbsp;<\/p>\n<p>&nbsp;<\/p>\n<p>&nbsp;<\/p>\n<p>&nbsp;<\/p>\n<h1 style=\"text-align: left;\" align=\"center\">Alguns Passos importantes<\/h1>\n<p style=\"text-align: left;\" align=\"center\"><strong>1\u00ba \u2013 Apresenta\u00e7\u00e3o da hist\u00f3ria e da Biografia do Artista:<\/strong><\/p>\n<p>A \u00a0equipe organizadora e coordenadora do Projeto sugere que seja mostrado aos alunos, atrav\u00e9s de fotos impressas do site do m\u00fasico uma\u00a0<b>Mostra\/Exposi\u00e7\u00e3o ,\u00a0<\/b>ou que os pr\u00f3prios alunos possam ver na internet sobre a\u00a0<a href=\"http:\/\/www.cesardi.com.br\/site-oficial\/biografia\/\" target=\"_blank\" rel=\"noopener\"><strong>hist\u00f3ria e a Biografia do Artista<\/strong><\/a>\u00a0mineiro C\u00e9sar Di (com fotos, v\u00eddeos, objetos pessoais&#8230;)<br \/>\n<a href=\"http:\/\/cesardi.com.br\/cantandoideias\/wp-content\/uploads\/2013\/03\/C\u00e9sar-no-dia-de-seu-batizado.jpg\"><img loading=\"lazy\" decoding=\"async\" class=\"alignleft\" src=\"http:\/\/cesardi.com.br\/cantandoideias\/wp-content\/uploads\/2013\/03\/C\u00e9sar-no-dia-de-seu-batizado-281x300.jpg\" alt=\"C\u00e9sar no dia de seu batizado\" width=\"281\" height=\"300\" \/><\/a>\u00a0 <a href=\"http:\/\/cesardi.com.br\/cantandoideias\/wp-content\/uploads\/2013\/03\/OgAAANyacT8MPU3Fx_mv-XmRTt9e1i1kq-0Dy_3WbCYa_yddOwBmUJSEy4GYFc8iK7lLOFyfdZU7sF4UeCaqS4ixDjcAm1T1UKnHyOnT510peAHII6DFFKnXQu5U1.jpg\"><img loading=\"lazy\" decoding=\"async\" class=\"alignleft wp-image-200 \" src=\"http:\/\/cesardi.com.br\/cantandoideias\/wp-content\/uploads\/2013\/03\/OgAAANyacT8MPU3Fx_mv-XmRTt9e1i1kq-0Dy_3WbCYa_yddOwBmUJSEy4GYFc8iK7lLOFyfdZU7sF4UeCaqS4ixDjcAm1T1UKnHyOnT510peAHII6DFFKnXQu5U1-249x300.jpg\" alt=\"C\u00e9sar Di\" width=\"243\" height=\"293\" \/><\/a><\/p>\n<p>&nbsp;<\/p>\n<p>&nbsp;<\/p>\n<p>&nbsp;<\/p>\n<p>&nbsp;<\/p>\n<p>&nbsp;<\/p>\n<p>&nbsp;<\/p>\n<p>&nbsp;<\/p>\n<p>&nbsp;<\/p>\n<p>&nbsp;<\/p>\n<p>&nbsp;<\/p>\n<p><strong>2\u00ba \u2013 Distribui\u00e7\u00e3o de material gr\u00e1fico:<\/strong><\/p>\n<p>A Coordena\u00e7\u00e3o do Projeto distribui(de sala em sala) um folheto explicativo convidando todos para participarem do projeto.<\/p>\n<p>&nbsp;<\/p>\n<p><strong>3\u00ba \u2013 Come\u00e7am as palestras<\/strong><\/p>\n<p>A primeira palestra <strong>\u201cO Despertar, a M\u00fasica e o Amor\u201d<\/strong>\u00a0\u00e9 dada para todos os professores e toda diretoria. Logo em seguida come\u00e7am as palestras com os alunos.<\/p>\n<p>&nbsp;<\/p>\n<p><strong>4\u00ba \u2013 Preenchendo um cupom para concorrer \u00e0 um KIT C\u00e9sar Di<\/strong><\/p>\n<p>Ap\u00f3s assistir a palestra todos os participantes (alunos e professores)\u00a0 preenchem um cupom para concorrer a\u00a0<strong>um KIT C\u00e9sar Di(camiseta, bandana, CDs + 100,00 &#8211; Cem Reais)<\/strong><\/p>\n<p>E ainda recebem + 2 cupons cada para doarem aos seus 2 melhores amigos que n\u00e3o estejam participando do Projeto(pode ser pai, m\u00e3e, irm\u00e3o, amigo&#8230;) E que assim ganham tamb\u00e9m o direito de concorrer ao Kit.<\/p>\n<p><span style=\"color: #ff0000;\">OBS: O sorteio \u00e9 feito no dia do show de encerramento do Projeto e s\u00f3 ganha quem estiver presente.\u00a0<\/span><\/p>\n<p><span style=\"color: #ff0000;\"><br \/>\n<a href=\"http:\/\/cesardi.com.br\/cantandoideias\/wp-content\/uploads\/2013\/03\/Logo-Camisa-Festa-na-Pra\u00e7a-20x30cm.jpg\"><img loading=\"lazy\" decoding=\"async\" class=\"alignleft\" src=\"http:\/\/cesardi.com.br\/cantandoideias\/wp-content\/uploads\/2013\/03\/Logo-Camisa-Festa-na-Pra\u00e7a-20x30cm-300x174.jpg\" alt=\"Logo Camisa Festa na Pra\u00e7a 20x30cm\" width=\"300\" height=\"174\" \/><\/a><\/span> <a href=\"http:\/\/cesardi.com.br\/cantandoideias\/wp-content\/uploads\/2013\/03\/S50305384.jpg\"><img loading=\"lazy\" decoding=\"async\" class=\"alignnone wp-image-205\" src=\"http:\/\/cesardi.com.br\/cantandoideias\/wp-content\/uploads\/2013\/03\/S50305384-300x187.jpg\" alt=\"S5030538\" width=\"277\" height=\"173\" \/><\/a><\/p>\n<p>&nbsp;<\/p>\n<p>&nbsp;<\/p>\n<p><strong>5\u00ba &#8211; M\u00fasicas do C\u00e9sar Di<\/strong><\/p>\n<p>A \u00a0equipe organizadora e coordenadora do Projeto sugere que sejam trabalhadas, pelo menos, 3 m\u00fasicas do repert\u00f3rio do C\u00e9sar Di. E estas can\u00e7\u00f5es podem ser escolhidas de acordo com as caracter\u00edsticas e a identifica\u00e7\u00e3o de cada local, turma, escola&#8230;<\/p>\n<p>&nbsp;<\/p>\n<p style=\"text-align: left;\"><strong>6\u00ba &#8211; 1 CD \u201cDIGITAL\u201d do C\u00e9sar Di gr\u00e1tis para cada participante do Projeto<\/strong><\/p>\n<p style=\"text-align: left;\">Todos os participantes da palestra(alunos e professores) ganham um CD \u201cDIGITAL\u201d do C\u00e9sar Di.<\/p>\n<p style=\"text-align: center;\"><em id=\"__mceDel\"><a href=\"http:\/\/cesardi.com.br\/cantandoideias\/wp-content\/uploads\/2013\/03\/S5031772-21.jpg\"><img loading=\"lazy\" decoding=\"async\" class=\"alignleft wp-image-212 \" src=\"http:\/\/cesardi.com.br\/cantandoideias\/wp-content\/uploads\/2013\/03\/S5031772-21-300x224.jpg\" alt=\"S5031772 (2)\" width=\"283\" height=\"211\" \/><\/a><a href=\"http:\/\/cesardi.com.br\/cantandoideias\/wp-content\/uploads\/2013\/03\/S5030547.jpg\"><img loading=\"lazy\" decoding=\"async\" class=\"alignleft wp-image-213 \" src=\"http:\/\/cesardi.com.br\/cantandoideias\/wp-content\/uploads\/2013\/03\/S5030547-300x225.jpg\" alt=\"S5030547\" width=\"284\" height=\"213\" \/><\/a><\/em><\/p>\n<p>&nbsp;<\/p>\n<p>&nbsp;<\/p>\n<p>&nbsp;<\/p>\n<p>&nbsp;<\/p>\n<p>&nbsp;<\/p>\n<p>&nbsp;<\/p>\n<p>&nbsp;<\/p>\n<p>&nbsp;<\/p>\n<p style=\"text-align: left;\"><strong>9\u00ba &#8211; Entrando em contato diretamente com o C\u00e9sar Di<\/strong><\/p>\n<p style=\"text-align: left;\">Os participantes do Projeto podem e devem entrar em contato com o m\u00fasico atrav\u00e9s de suas redes sociais, e-mails, whatsapp e recados no seu site. Podem perguntar o que quiserem, pesquisar, ler a sua biografia, Ver os v\u00eddeos de shows, entrevistas, clipes e etc&#8230;\u00a0 Todos s\u00e3o respondidos, e isto \u00e9 sim&#8230; de vital import\u00e2ncia no processo.<\/p>\n<p>&nbsp;<\/p>\n<p><strong>10\u00ba &#8211; Show do C\u00e9sar Di\u00a0<\/strong><\/p>\n<p style=\"text-align: left;\">E por fim todos assistem gratuitamente a um super show do C\u00e9sar Di no encerramento do Projeto.<br \/>\n<a href=\"http:\/\/cesardi.com.br\/meubairrotemcultura\/wp-content\/uploads\/2013\/03\/Virada-Cultural.jpg\"><img loading=\"lazy\" decoding=\"async\" class=\"size-medium wp-image-265 alignleft\" src=\"http:\/\/cesardi.com.br\/meubairrotemcultura\/wp-content\/uploads\/2013\/03\/Virada-Cultural-300x152.jpg\" alt=\"Virada Cultural\" width=\"309\" height=\"156\" \/><\/a><a href=\"http:\/\/cesardi.com.br\/meubairrotemcultura\/wp-content\/uploads\/2013\/03\/S50317341.jpg\"><img loading=\"lazy\" decoding=\"async\" class=\"size-medium wp-image-266 alignleft\" src=\"http:\/\/cesardi.com.br\/meubairrotemcultura\/wp-content\/uploads\/2013\/03\/S50317341-300x239.jpg\" alt=\"S5031734\" width=\"195\" height=\"156\" \/><\/a><\/p>\n<p>&nbsp;<\/p>\n<p>&nbsp;<\/p>\n<p>&nbsp;<\/p>\n<p>&nbsp;<\/p>\n<p>&nbsp;<\/p>\n<hr \/>\n<p>&nbsp;<\/p>\n<p>&nbsp;<\/p>\n<p>&nbsp;<\/p>\n<p>&#8212;&#8212;&#8212;&#8212;&#8212;&#8212;&#8212;&#8212;&#8212;&#8212;&#8212;&#8212;&#8212;&#8212;&#8212;&#8212;&#8212;&#8212;&#8212;&#8212;&#8212;&#8212;&#8212;&#8212;&#8212;&#8212;&#8212;&#8212;-<\/p>\n<h1>C\u00e9sar Di \u2013 Um grande artista brasileiro<\/h1>\n<div><b>V\u00eddeo Release 21 anos de Estrada c\/ shows, apresenta\u00e7\u00f5es Brasil afora e em R\u00e1dios e TVs. <\/b>Assista no V\u00eddeo abaixo:<\/div>\n<div class=\"flex-video\"><iframe loading=\"lazy\" src=\"https:\/\/www.youtube.com\/embed\/4wldBrOoWXA?feature=oembed\" width=\"640\" height=\"360\" frameborder=\"0\" allowfullscreen=\"allowfullscreen\" data-mce-fragment=\"1\"><\/iframe><\/div>\n<p>&nbsp;<\/p>\n","protected":false},"excerpt":{"rendered":"<p>&nbsp; &nbsp; Desenvolvimento din\u00e2mico O Projeto\u00a0Cantando Ideias, Despertando Consci\u00eancias\u2026 tem um objetivo bastante claro, como est\u00e1 bem descrito aqui em nosso site, mas a sua forma de implementa\u00e7\u00e3o na escola ou dentro da sala de aula pode variar muito de acordo com a idade, as caracter\u00edsticas pessoais e os dons mais evidentes dos alunos. E [&hellip;]<\/p>\n","protected":false},"author":1,"featured_media":0,"parent":48,"menu_order":2,"comment_status":"open","ping_status":"open","template":"","meta":{"footnotes":""},"class_list":["post-184","page","type-page","status-publish","hentry"],"_links":{"self":[{"href":"https:\/\/cesardi.com.br\/cantandoideias\/wp-json\/wp\/v2\/pages\/184","targetHints":{"allow":["GET"]}}],"collection":[{"href":"https:\/\/cesardi.com.br\/cantandoideias\/wp-json\/wp\/v2\/pages"}],"about":[{"href":"https:\/\/cesardi.com.br\/cantandoideias\/wp-json\/wp\/v2\/types\/page"}],"author":[{"embeddable":true,"href":"https:\/\/cesardi.com.br\/cantandoideias\/wp-json\/wp\/v2\/users\/1"}],"replies":[{"embeddable":true,"href":"https:\/\/cesardi.com.br\/cantandoideias\/wp-json\/wp\/v2\/comments?post=184"}],"version-history":[{"count":43,"href":"https:\/\/cesardi.com.br\/cantandoideias\/wp-json\/wp\/v2\/pages\/184\/revisions"}],"predecessor-version":[{"id":1080,"href":"https:\/\/cesardi.com.br\/cantandoideias\/wp-json\/wp\/v2\/pages\/184\/revisions\/1080"}],"up":[{"embeddable":true,"href":"https:\/\/cesardi.com.br\/cantandoideias\/wp-json\/wp\/v2\/pages\/48"}],"wp:attachment":[{"href":"https:\/\/cesardi.com.br\/cantandoideias\/wp-json\/wp\/v2\/media?parent=184"}],"curies":[{"name":"wp","href":"https:\/\/api.w.org\/{rel}","templated":true}]}}