{"id":220,"date":"2013-03-28T19:52:46","date_gmt":"2013-03-28T19:52:46","guid":{"rendered":"http:\/\/cesardi.com.br\/cantandoideias\/?page_id=220"},"modified":"2022-04-29T01:42:03","modified_gmt":"2022-04-29T01:42:03","slug":"organizacao","status":"publish","type":"page","link":"https:\/\/cesardi.com.br\/cantandoideias\/sobre-o-projeto\/organizacao\/","title":{"rendered":"Organiza\u00e7\u00e3o"},"content":{"rendered":"<p>&nbsp;<\/p>\n<p>&nbsp;<\/p>\n<h2><strong>\u2013 Dire\u00e7\u00e3o Geral:<\/strong><\/h2>\n<p><a href=\"https:\/\/cesardi.com.br\/cantandoideias\/wp-content\/uploads\/2013\/03\/400dpiLogo-2.jpg\"><img loading=\"lazy\" decoding=\"async\" class=\"alignnone wp-image-658\" src=\"https:\/\/cesardi.com.br\/cantandoideias\/wp-content\/uploads\/2013\/03\/400dpiLogo-2-300x181.jpg\" alt=\"\" width=\"429\" height=\"259\" srcset=\"https:\/\/cesardi.com.br\/cantandoideias\/wp-content\/uploads\/2013\/03\/400dpiLogo-2-300x181.jpg 300w, https:\/\/cesardi.com.br\/cantandoideias\/wp-content\/uploads\/2013\/03\/400dpiLogo-2-768x464.jpg 768w, https:\/\/cesardi.com.br\/cantandoideias\/wp-content\/uploads\/2013\/03\/400dpiLogo-2-1024x619.jpg 1024w\" sizes=\"auto, (max-width: 429px) 100vw, 429px\" \/><\/a><\/p>\n<p><strong>Site:<\/strong>\u00a0<a href=\"http:\/\/www.cesardi.com.br\/movimento-evolutivo\/apresentacao\/\" target=\"_blank\" rel=\"noopener\"><strong>Clique Aqui.<\/strong><\/a><\/p>\n<p>&nbsp;<\/p>\n<hr \/>\n<p>&nbsp;<\/p>\n<p>&nbsp;<\/p>\n<h3><strong>Equipe Instituto Movimento Evolutivo:<\/strong><\/h3>\n<p><strong><em>*C\u00e9sar Di<\/em><\/strong>: Poeta, Escritor, Cantor, Compositor, Palestrante e Fundador do Instituto Movimento Evolutivo<br \/>\nSite:\u00a0<a href=\"http:\/\/www.cesardi.com.br\/\" target=\"_blank\" rel=\"noopener\">cesardi.com.br<\/a><\/p>\n<p><em><strong>*Andressa Cristina:<\/strong><\/em> Amante da Natureza e dos animais, Auxiliar de veterin\u00e1ria. Envolvida desde o in\u00edcio em todos os trabalhos do Instituto: Produ\u00e7\u00e3o geral, fotografia, v\u00eddeos, cuidado com os animais, amplo suporte de amparo incondicional a todos os Projetos.<\/p>\n<p>&nbsp;<\/p>\n<p>&nbsp;<\/p>\n<p>&nbsp;<\/p>\n<h1><strong>Contatos:\u00a0<\/strong><\/h1>\n<p>E-mail: producaocesardi@gmail.com<\/p>\n<p>Fones: (11) 9 84221463 (Tim)<\/p>\n<p>&nbsp;<\/p>\n<p>&nbsp;<\/p>\n<p>&nbsp;<\/p>\n<p>&#8212;&#8212;&#8212;&#8212;&#8212;&#8212;&#8212;&#8212;&#8212;&#8212;&#8212;&#8212;&#8212;&#8212;&#8212;&#8212;&#8212;&#8212;&#8212;&#8212;&#8212;&#8212;&#8212;&#8212;&#8212;&#8212;&#8212;&#8212;-<\/p>\n<h1>C\u00e9sar Di \u2013 Um grande artista brasileiro<\/h1>\n<div><b>V\u00eddeo Release 21 anos de Estrada c\/ shows, apresenta\u00e7\u00f5es Brasil afora e em R\u00e1dios e TVs. <\/b>Assista no V\u00eddeo abaixo:<\/div>\n<div class=\"flex-video\"><iframe loading=\"lazy\" src=\"https:\/\/www.youtube.com\/embed\/4wldBrOoWXA?feature=oembed\" width=\"640\" height=\"360\" frameborder=\"0\" allowfullscreen=\"allowfullscreen\" data-mce-fragment=\"1\"><\/iframe><\/div>\n<p>&nbsp;<\/p>\n<hr \/>\n<p>&nbsp;<\/p>\n<p><a href=\"http:\/\/www.cesardi.com.br\/cantandoideias\/ime-instituto\/apresentacao\/\"><img loading=\"lazy\" decoding=\"async\" class=\"alignright wp-image-7529\" src=\"http:\/\/cesardi.com.br\/wp-content\/uploads\/2017\/09\/400dpiLogo-2-300x227.jpg\" alt=\"\" width=\"148\" height=\"112\" \/><\/a>Procuramos desenvolver A\u00e7\u00f5es, Planos, Estudos e Projetos que de alguma forma contribuam para o aumento do conhecimento esclarecedor, para o &#8220;Despertar&#8221; e a expans\u00e3o de nossas consci\u00eancias e mem\u00f3rias c\u00f3smicas.<\/p>\n<p><a href=\"http:\/\/www.cesardi.com.br\/cantandoideias\/ime-instituto\/apresentacao\/\" target=\"_blank\" rel=\"noopener noreferrer\"><strong>Saiba + <\/strong><\/a> sobre o nosso trabalho.<\/p>\n<hr \/>\n","protected":false},"excerpt":{"rendered":"<p>&nbsp; &nbsp; \u2013 Dire\u00e7\u00e3o Geral: Site:\u00a0Clique Aqui. &nbsp; &nbsp; &nbsp; Equipe Instituto Movimento Evolutivo: *C\u00e9sar Di: Poeta, Escritor, Cantor, Compositor, Palestrante e Fundador do Instituto Movimento Evolutivo Site:\u00a0cesardi.com.br *Andressa Cristina: Amante da Natureza e dos animais, Auxiliar de veterin\u00e1ria. Envolvida desde o in\u00edcio em todos os trabalhos do Instituto: Produ\u00e7\u00e3o geral, fotografia, v\u00eddeos, cuidado com [&hellip;]<\/p>\n","protected":false},"author":1,"featured_media":0,"parent":48,"menu_order":4,"comment_status":"open","ping_status":"open","template":"","meta":{"footnotes":""},"class_list":["post-220","page","type-page","status-publish","hentry"],"_links":{"self":[{"href":"https:\/\/cesardi.com.br\/cantandoideias\/wp-json\/wp\/v2\/pages\/220","targetHints":{"allow":["GET"]}}],"collection":[{"href":"https:\/\/cesardi.com.br\/cantandoideias\/wp-json\/wp\/v2\/pages"}],"about":[{"href":"https:\/\/cesardi.com.br\/cantandoideias\/wp-json\/wp\/v2\/types\/page"}],"author":[{"embeddable":true,"href":"https:\/\/cesardi.com.br\/cantandoideias\/wp-json\/wp\/v2\/users\/1"}],"replies":[{"embeddable":true,"href":"https:\/\/cesardi.com.br\/cantandoideias\/wp-json\/wp\/v2\/comments?post=220"}],"version-history":[{"count":21,"href":"https:\/\/cesardi.com.br\/cantandoideias\/wp-json\/wp\/v2\/pages\/220\/revisions"}],"predecessor-version":[{"id":1084,"href":"https:\/\/cesardi.com.br\/cantandoideias\/wp-json\/wp\/v2\/pages\/220\/revisions\/1084"}],"up":[{"embeddable":true,"href":"https:\/\/cesardi.com.br\/cantandoideias\/wp-json\/wp\/v2\/pages\/48"}],"wp:attachment":[{"href":"https:\/\/cesardi.com.br\/cantandoideias\/wp-json\/wp\/v2\/media?parent=220"}],"curies":[{"name":"wp","href":"https:\/\/api.w.org\/{rel}","templated":true}]}}