{"id":222,"date":"2013-03-28T19:56:07","date_gmt":"2013-03-28T19:56:07","guid":{"rendered":"http:\/\/cesardi.com.br\/cantandoideias\/?page_id=222"},"modified":"2022-04-29T01:49:43","modified_gmt":"2022-04-29T01:49:43","slug":"infraestrutura","status":"publish","type":"page","link":"https:\/\/cesardi.com.br\/cantandoideias\/patrocinadores\/infraestrutura\/","title":{"rendered":"Infraestrutura"},"content":{"rendered":"<p>&nbsp;<\/p>\n<p>&nbsp;<\/p>\n<p><strong>Organiza\u00e7\u00e3o<\/strong><br \/>\nO Projeto Cantando Ideias, Despertando Consci\u00eancias&#8230; \u00e9 uma realiza\u00e7\u00e3o do <a href=\"http:\/\/www.cesardi.com.br\/cantandoideias\/ime-instituto\/apresentacao\/\" target=\"_blank\" rel=\"noopener\"><strong>Instituto Movimento Evolutivo.<\/strong><\/a><br \/>\nMas tamb\u00e9m fazemos parceria com organiza\u00e7\u00f5es n\u00e3o governamentais, com entidades, empresas, l\u00edderes, com\u00e9rcios locais e a Prefeitura do munic\u00edpio onde est\u00e1 sendo realizado.<\/p>\n<p><a href=\"http:\/\/cesardi.com.br\/meubairrotemcultura\/wp-content\/uploads\/2013\/03\/S5031909.jpg\"><img loading=\"lazy\" decoding=\"async\" class=\" wp-image-239 alignleft\" src=\"http:\/\/cesardi.com.br\/meubairrotemcultura\/wp-content\/uploads\/2013\/03\/S5031909-300x164.jpg\" alt=\"S5031909\" width=\"263\" height=\"144\" \/><\/a><a href=\"http:\/\/cesardi.com.br\/meubairrotemcultura\/wp-content\/uploads\/2013\/03\/show_festa_da_maca.jpg\"><img loading=\"lazy\" decoding=\"async\" class=\" wp-image-247 alignleft\" src=\"http:\/\/cesardi.com.br\/meubairrotemcultura\/wp-content\/uploads\/2013\/03\/show_festa_da_maca-300x150.jpg\" alt=\"show_festa_da_maca\" width=\"289\" height=\"145\" \/><\/a><\/p>\n<p>&nbsp;<\/p>\n<p>&nbsp;<\/p>\n<p>&nbsp;<\/p>\n<p>&nbsp;<\/p>\n<p>&nbsp;<\/p>\n<p>&nbsp;<\/p>\n<p><strong>Projeto nas escolas<\/strong><br \/>\nO projeto leva para dentro das escolas um palestrante e sua equipe de apoio. S\u00e3o centenas de palestras que atingem diretamente Milhares de alunos da rede p\u00fablica de ensino.<\/p>\n<p>&nbsp;<\/p>\n<p><strong>Tudo Gratuito<\/strong><br \/>\nO Projeto leva para o seu encerramento uma estrutura profissional de palco, som, ilumina\u00e7\u00e3o e seguran\u00e7a, onde os alunos e toda a comunidade tem acesso gratuitamente ao show e ainda podem participar de sorteios de brindes que ocorrem durante o Evento.<\/p>\n<p>&nbsp;<\/p>\n<p>&nbsp;<\/p>\n<p>&nbsp;<\/p>\n<p>&#8212;&#8212;&#8212;&#8212;&#8212;&#8212;&#8212;&#8212;&#8212;&#8212;&#8212;&#8212;&#8212;&#8212;&#8212;&#8212;&#8212;&#8212;&#8212;&#8212;&#8212;&#8212;&#8212;&#8212;&#8212;&#8212;&#8212;&#8212;-<\/p>\n<h1>C\u00e9sar Di \u2013 Um grande artista brasileiro<\/h1>\n<div><b>V\u00eddeo Release 21 anos de Estrada c\/ shows, apresenta\u00e7\u00f5es Brasil afora e em R\u00e1dios e TVs. <\/b>Assista no V\u00eddeo abaixo:<\/div>\n<div class=\"flex-video\"><iframe loading=\"lazy\" src=\"https:\/\/www.youtube.com\/embed\/4wldBrOoWXA?feature=oembed\" width=\"640\" height=\"360\" frameborder=\"0\" allowfullscreen=\"allowfullscreen\" data-mce-fragment=\"1\"><\/iframe><\/div>\n<p>&nbsp;<\/p>\n","protected":false},"excerpt":{"rendered":"<p>&nbsp; &nbsp; Organiza\u00e7\u00e3o O Projeto Cantando Ideias, Despertando Consci\u00eancias&#8230; \u00e9 uma realiza\u00e7\u00e3o do Instituto Movimento Evolutivo. Mas tamb\u00e9m fazemos parceria com organiza\u00e7\u00f5es n\u00e3o governamentais, com entidades, empresas, l\u00edderes, com\u00e9rcios locais e a Prefeitura do munic\u00edpio onde est\u00e1 sendo realizado. &nbsp; &nbsp; &nbsp; &nbsp; &nbsp; &nbsp; Projeto nas escolas O projeto leva para dentro das escolas [&hellip;]<\/p>\n","protected":false},"author":1,"featured_media":0,"parent":743,"menu_order":2,"comment_status":"open","ping_status":"open","template":"","meta":{"footnotes":""},"class_list":["post-222","page","type-page","status-publish","hentry"],"_links":{"self":[{"href":"https:\/\/cesardi.com.br\/cantandoideias\/wp-json\/wp\/v2\/pages\/222","targetHints":{"allow":["GET"]}}],"collection":[{"href":"https:\/\/cesardi.com.br\/cantandoideias\/wp-json\/wp\/v2\/pages"}],"about":[{"href":"https:\/\/cesardi.com.br\/cantandoideias\/wp-json\/wp\/v2\/types\/page"}],"author":[{"embeddable":true,"href":"https:\/\/cesardi.com.br\/cantandoideias\/wp-json\/wp\/v2\/users\/1"}],"replies":[{"embeddable":true,"href":"https:\/\/cesardi.com.br\/cantandoideias\/wp-json\/wp\/v2\/comments?post=222"}],"version-history":[{"count":10,"href":"https:\/\/cesardi.com.br\/cantandoideias\/wp-json\/wp\/v2\/pages\/222\/revisions"}],"predecessor-version":[{"id":1088,"href":"https:\/\/cesardi.com.br\/cantandoideias\/wp-json\/wp\/v2\/pages\/222\/revisions\/1088"}],"up":[{"embeddable":true,"href":"https:\/\/cesardi.com.br\/cantandoideias\/wp-json\/wp\/v2\/pages\/743"}],"wp:attachment":[{"href":"https:\/\/cesardi.com.br\/cantandoideias\/wp-json\/wp\/v2\/media?parent=222"}],"curies":[{"name":"wp","href":"https:\/\/api.w.org\/{rel}","templated":true}]}}