{"id":385,"date":"2014-06-29T02:30:51","date_gmt":"2014-06-29T02:30:51","guid":{"rendered":"http:\/\/cesardi.com.br\/cantandoideias\/?page_id=385"},"modified":"2022-04-29T12:38:05","modified_gmt":"2022-04-29T12:38:05","slug":"apresentacao","status":"publish","type":"page","link":"https:\/\/cesardi.com.br\/cantandoideias\/ime-instituto\/apresentacao\/","title":{"rendered":"Apresenta\u00e7\u00e3o Instituto"},"content":{"rendered":"<p><a href=\"http:\/\/cesardi.com.br\/wp-content\/uploads\/2015\/06\/400dpiLogo-2.jpg\"><img loading=\"lazy\" decoding=\"async\" class=\"alignnone wp-image-7507 \" src=\"http:\/\/cesardi.com.br\/wp-content\/uploads\/2015\/06\/400dpiLogo-2.jpg\" alt=\"\" width=\"278\" height=\"168\" \/><\/a><\/p>\n<p>O <strong>Instituto Movimento Evolutivo\u00a0<\/strong>(Com Sede na cidade de Itapecerica da Serra\/SP), desenvolve v\u00e1rias atividades conscienciais despertadoras: culturais evolutivas, art\u00edsticas, sociais, psicol\u00f3gicas, educacionais, espirituais, terap\u00eauticas, energ\u00e9ticas\u2026 agindo tamb\u00e9m na fomenta\u00e7\u00e3o de novas ideias e pr\u00e1ticas expansionistas do AMOR UNIVERSAL, buscando colaborar com o processo de &#8220;Auto Cura&#8221; das consci\u00eancias do planeta.<\/p>\n<p>&nbsp;<\/p>\n<p>&nbsp;<\/p>\n<p><strong>Nossa Vis\u00e3o<\/strong><br \/>\nO Instituto trabalha com o objetivo de ser um grande fomentador no DESPERTAR DE CONSCI\u00caNCIAS. Entendemos que podemos aproveitar muito mais e melhor esta nossa valiosa oportunidade de estadia aqui neste planeta. E objetivando isto procuramos nos tornar uma plataforma de apoio e impulsionamento \u00e0 todos que querem enxergar mais, ir muito al\u00e9m do Senso Comum, \u00a0compreender e sentir o real sentido de estar aqui.<br \/>\n&nbsp;<\/p>\n<p><strong>Nossa\u00a0Proposta<\/strong><br \/>\nDespertar em todos n\u00f3s o desejo pelo desenvolvimento do SER UM HUMANO cada vez MELHOR. Caminhar no sentido de buscar o crescimento e a evolu\u00e7\u00e3o constante procurando acender cada vez mais a nossa LUZ INTERIOR \u00a0e acessar a MENTE UNIVERSAL, a CONSCI\u00caNCIA C\u00d3SMICA, buscando a vibra\u00e7\u00e3o do verdadeiro AMOR C\u00d3SMICO UNIVERSAL. Utilizando para isto muitos recursos e principalmente a m\u00fasica como ve\u00edculo injetor de instrumentos para a auto an\u00e1lise, o questionamento esclarecedor, inteligente e sadio.<\/p>\n<p>&nbsp;<\/p>\n<p><strong>Nosso Desejo<\/strong><br \/>\nContribuir para que as pessoas possam dar o Start do CRESCIMENTO EVOLUTIVO o quanto mais cedo poss\u00edvel em suas vidas. Que possamos ser impulsionadores do disparo do gatilho para o aperfei\u00e7oamento Consciencial individual objetivando a auto realiza\u00e7\u00e3o e a verdadeira felicidade das pessoas. E esperamos \u00a0potencializar em todos as condi\u00e7\u00f5es de criar, nutrir e realizar coisas que possam ser verdadeiramente \u00fateis para si e tamb\u00e9m para o desenvolvimento de toda a humanidade.<\/p>\n<p>&nbsp;<\/p>\n<p><strong>Nossa Pol\u00edtica<\/strong><br \/>\nProcuramos atrav\u00e9s desta organiza\u00e7\u00e3o\u00a0promover a informa\u00e7\u00e3o e o conhecimento de uma forma simples, descomplicada e sem v\u00ednculos prejudiciais, mesquinhos ou de depend\u00eancia indispens\u00e1vel com nenhuma corrente religiosa, m\u00edstica, filos\u00f3fica ou pol\u00edtico partid\u00e1ria.<br \/>\nRespeitamos todas as institui\u00e7\u00f5es mencionadas acima, mas ao mesmo tempo n\u00e3o nos prendemos a nenhuma delas de forma absoluta, pois objetivamos o pensamento e a consci\u00eancia livres.<\/p>\n<p>Procuramos desenvolver A\u00e7\u00f5es, Planos, Estudos e Projetos que de alguma forma contribuam para o aumento do<strong>\u00a0<\/strong>conhecimento esclarecedor e para a expans\u00e3o de nossas consci\u00eancias,<strong>\u00a0<\/strong>trabalhando assim para buscar o crescimento cont\u00ednuo no sentido principalmente de SER e n\u00e3o s\u00f3 no sentido de TER ou POSSUIR.<br \/>\n&nbsp;<\/p>\n<p><strong>Nossa estrat\u00e9gia<\/strong><br \/>\nEm nossas atividades est\u00e3o programados: Shows, Projetos Culturais Evolutivos, Eventos, Palestras, Livros, Cursos, V\u00eddeos, \u00c1udios, Semin\u00e1rios, Encontros, Estudos variados, Pr\u00e1ticas, Debates, Viv\u00eancias, Workshops, F\u00f3runs, Divulga\u00e7\u00e3o de CDs em \u00e1udio, Publica\u00e7\u00f5es, Atendimentos, Projetos para o crescimento humano&#8230;&#8230; tudo sempre com muita alegria e entusiasmo porque pr\u00e1 n\u00f3s se n\u00e3o for para nos divertirmos, ser mais felizes e sorrirmos cada vez mais n\u00e3o vale a pena nenhum esfor\u00e7o.<\/p>\n<p><a href=\"http:\/\/www.cesardi.com.br\/projetos-culturais\/\" target=\"_blank\" rel=\"noopener noreferrer\"><strong>CLIQUE AQUI,<\/strong><\/a> Conhe\u00e7a nossos Projetos.<br \/>\n<strong><a href=\"http:\/\/www.cesardi.com.br\/movimento-evolutivo\/participar\/\" target=\"_blank\" rel=\"noopener noreferrer\">CLIQUE AQUI,<\/a><\/strong>\u00a0<strong>Conhe\u00e7a toda a exten\u00e7\u00e3o do nosso trabalho e o &#8220;Movimento Evolutivo&#8221;<\/strong> que estamos desenvolvendo principalmente atrav\u00e9s da m\u00fasica e de nossos Projetos Culturais EVOLUTIVOS. Participe com a gente.<\/p>\n<p>&nbsp;<\/p>\n<p>&nbsp;<\/p>\n<h2><a href=\"http:\/\/www.cesardi.com.br\/movimento-evolutivo\/doacoes\/\" target=\"_blank\" rel=\"noopener noreferrer\"><span style=\"color: #000000;\"><span style=\"color: #ff0000;\">Suas Doa\u00e7\u00f5es s\u00e3o muito importantes &#8211; Colabore<\/span><\/span><\/a><\/h2>\n<p>&nbsp;<\/p>\n<p><iframe loading=\"lazy\" title=\"C\u00e9sar Di e o Instituto Movimento Evolutivo - Curso de Reiki c\/ Gr\u00e9cia Santos\" width=\"640\" height=\"360\" src=\"https:\/\/www.youtube.com\/embed\/8sd-736ey1w?start=23&#038;feature=oembed\" frameborder=\"0\" allow=\"accelerometer; autoplay; clipboard-write; encrypted-media; gyroscope; picture-in-picture; web-share\" referrerpolicy=\"strict-origin-when-cross-origin\" allowfullscreen><\/iframe><\/p>\n<p>&nbsp;<\/p>\n<p><iframe loading=\"lazy\" title=\"C\u00e9sar Di - Como sair dos altos e baixos emocionais (parceria com Gr\u00e9cia Santos)\" width=\"640\" height=\"360\" src=\"https:\/\/www.youtube.com\/embed\/APP3LhjMUc4?feature=oembed\" frameborder=\"0\" allow=\"accelerometer; autoplay; clipboard-write; encrypted-media; gyroscope; picture-in-picture; web-share\" referrerpolicy=\"strict-origin-when-cross-origin\" allowfullscreen><\/iframe><\/p>\n<p>&nbsp;<\/p>\n<p>Um Poeta, Um Show, Uma LUZ Musical\u2026<\/p>\n<div class=\"flex-video\"><iframe loading=\"lazy\" src=\"https:\/\/www.youtube.com\/embed\/4wldBrOoWXA?feature=oembed\" width=\"640\" height=\"360\" frameborder=\"0\" allowfullscreen=\"allowfullscreen\" data-mce-fragment=\"1\"><\/iframe><\/div>\n<h1><\/h1>\n<p>&nbsp;<\/p>\n<h2>Contatos:<\/h2>\n<p>E-mail: producaocesardi@gmail.com<br \/>\nFones: (11) 9 84221463 (Tim \/ Whatsapp)<\/p>\n<hr \/>\n<p><a href=\"http:\/\/www.cesardi.com.br\/movimento-evolutivo\/apresentacao\/\"><img loading=\"lazy\" decoding=\"async\" class=\"alignright wp-image-7529\" src=\"http:\/\/cesardi.com.br\/wp-content\/uploads\/2017\/09\/400dpiLogo-2-300x227.jpg\" alt=\"\" width=\"148\" height=\"112\" \/><\/a>Procuramos desenvolver A\u00e7\u00f5es, Planos, Estudos e Projetos que de alguma forma contribuam para o aumento do conhecimento esclarecedor, para o &#8220;Despertar&#8221; e a expans\u00e3o de nossas consci\u00eancias e mem\u00f3rias c\u00f3smicas.<\/p>\n<p><a href=\"http:\/\/www.cesardi.com.br\/movimento-evolutivo\/apresentacao\/\" target=\"_blank\" rel=\"noopener noreferrer\"><strong>Saiba + <\/strong><\/a> sobre o nosso trabalho.<\/p>\n","protected":false},"excerpt":{"rendered":"<p>O Instituto Movimento Evolutivo\u00a0(Com Sede na cidade de Itapecerica da Serra\/SP), desenvolve v\u00e1rias atividades conscienciais despertadoras: culturais evolutivas, art\u00edsticas, sociais, psicol\u00f3gicas, educacionais, espirituais, terap\u00eauticas, energ\u00e9ticas\u2026 agindo tamb\u00e9m na fomenta\u00e7\u00e3o de novas ideias e pr\u00e1ticas expansionistas do AMOR UNIVERSAL, buscando colaborar com o processo de &#8220;Auto Cura&#8221; das consci\u00eancias do planeta. &nbsp; &nbsp; Nossa Vis\u00e3o O [&hellip;]<\/p>\n","protected":false},"author":1,"featured_media":0,"parent":383,"menu_order":1,"comment_status":"open","ping_status":"open","template":"","meta":{"footnotes":""},"class_list":["post-385","page","type-page","status-publish","hentry"],"_links":{"self":[{"href":"https:\/\/cesardi.com.br\/cantandoideias\/wp-json\/wp\/v2\/pages\/385","targetHints":{"allow":["GET"]}}],"collection":[{"href":"https:\/\/cesardi.com.br\/cantandoideias\/wp-json\/wp\/v2\/pages"}],"about":[{"href":"https:\/\/cesardi.com.br\/cantandoideias\/wp-json\/wp\/v2\/types\/page"}],"author":[{"embeddable":true,"href":"https:\/\/cesardi.com.br\/cantandoideias\/wp-json\/wp\/v2\/users\/1"}],"replies":[{"embeddable":true,"href":"https:\/\/cesardi.com.br\/cantandoideias\/wp-json\/wp\/v2\/comments?post=385"}],"version-history":[{"count":8,"href":"https:\/\/cesardi.com.br\/cantandoideias\/wp-json\/wp\/v2\/pages\/385\/revisions"}],"predecessor-version":[{"id":1103,"href":"https:\/\/cesardi.com.br\/cantandoideias\/wp-json\/wp\/v2\/pages\/385\/revisions\/1103"}],"up":[{"embeddable":true,"href":"https:\/\/cesardi.com.br\/cantandoideias\/wp-json\/wp\/v2\/pages\/383"}],"wp:attachment":[{"href":"https:\/\/cesardi.com.br\/cantandoideias\/wp-json\/wp\/v2\/media?parent=385"}],"curies":[{"name":"wp","href":"https:\/\/api.w.org\/{rel}","templated":true}]}}