{"id":394,"date":"2014-06-29T02:52:12","date_gmt":"2014-06-29T02:52:12","guid":{"rendered":"http:\/\/cesardi.com.br\/cantandoideias\/?page_id=394"},"modified":"2022-04-29T13:18:05","modified_gmt":"2022-04-29T13:18:05","slug":"doacoes","status":"publish","type":"page","link":"https:\/\/cesardi.com.br\/cantandoideias\/ime-instituto\/doacoes\/","title":{"rendered":"Doa\u00e7\u00f5es"},"content":{"rendered":"<h2 style=\"text-align: left;\">\u00a0<a href=\"http:\/\/www.cesardi.com.br\/movimento-evolutivo\/apresentacao\/\"><img loading=\"lazy\" decoding=\"async\" class=\"alignnone wp-image-7529\" src=\"http:\/\/cesardi.com.br\/wp-content\/uploads\/2017\/09\/400dpiLogo-2-300x227.jpg\" alt=\"\" width=\"235\" height=\"178\" \/><\/a><\/h2>\n<p>&nbsp;<\/p>\n<p>&nbsp;<\/p>\n<h1 style=\"text-align: left;\"><strong><span style=\"color: #333333;\">Ajude-nos a continuar este trabalho.<\/span><\/strong><\/h1>\n<p style=\"text-align: left;\">Seja muito bem vindo(a) e obrigado de cora\u00e7\u00e3o.<\/p>\n<h2>Nosso PIX \u00e9: 11 984221463\u00a0 ou&#8230;<\/h2>\n<p>&nbsp;<\/p>\n<p style=\"text-align: left;\"><img loading=\"lazy\" decoding=\"async\" class=\"alignnone wp-image-7390 size-full\" src=\"http:\/\/cesardi.com.br\/wp-content\/uploads\/2013\/03\/no.png\" alt=\"\" width=\"465\" height=\"166\" \/><br \/>\n<!-- INICIO FORMULARIO BOTAO PAGSEGURO --><\/p>\n<form action=\"https:\/\/pagseguro.uol.com.br\/checkout\/v2\/donation.html\" method=\"post\"><!-- N\u00c3O EDITE OS COMANDOS DAS LINHAS ABAIXO --><br \/>\n<input name=\"currency\" type=\"hidden\" value=\"BRL\" \/><br \/>\n<input name=\"receiverEmail\" type=\"hidden\" value=\"cesardicris@gmail.com\" \/><br \/>\n<input name=\"iot\" type=\"hidden\" value=\"button\" \/><br \/>\n<input alt=\"Pague com PagSeguro - \u00e9 r\u00e1pido, gr\u00e1tis e seguro!\" name=\"submit\" src=\"https:\/\/stc.pagseguro.uol.com.br\/public\/img\/botoes\/doacoes\/209x48-doar-azul-assina.gif\" type=\"image\" \/><\/form>\n<p><!-- FINAL FORMULARIO BOTAO PAGSEGURO --><\/p>\n<p>&nbsp;<\/p>\n<h2><strong>Ou fa\u00e7a seu dep\u00f3sito direto na conta da Caixa Econ\u00f4mica Federal:<\/strong><\/h2>\n<p><strong>&#8211; Ag\u00eancia:<\/strong> 0981<br \/>\n<strong>&#8211; Conta Poupan\u00e7a:<\/strong> 00076027-3<br \/>\n<strong>&#8211; OP:<\/strong> 013<br \/>\n<strong>&#8211; Nome:<\/strong> No\u00e9 C\u00e9sar Dos Reis<br \/>\n<strong>&#8211; CPF:<\/strong> 247.413.138-83<\/p>\n<p><strong>*Feito o dep\u00f3sito envie uma foto do comprovante ou n\u00famero de identifica\u00e7\u00e3o para:<\/strong><br \/>\n<strong>&#8211; O<\/strong><strong>\u00a0Whatsapp:<\/strong> (11) 984221463<br \/>\n<strong>&#8211; Ou para o E-mail: <\/strong>producaocesardi@gmail.com<\/p>\n<p>&nbsp;<\/p>\n<h2 style=\"text-align: left;\"><\/h2>\n<p>&nbsp;<\/p>\n<h2 style=\"text-align: left;\"><strong>Veja no link abaixo, outras formas para voc\u00ea participar&#8230;<\/strong><\/h2>\n<ul>\n<li style=\"text-align: left;\"><a href=\"http:\/\/www.cesardi.com.br\/movimento-evolutivo\/participar\/\" target=\"_blank\" rel=\"noopener noreferrer\"><strong>CLIQUE AQUI<\/strong><\/a> e saiba + sobre o &#8220;Movimento Evolutivo&#8221; e sobre toda a extens\u00e3o do nosso trabalho.<\/li>\n<\/ul>\n<p><!-- FINAL FORMULARIO BOTAO PAGSEGURO --><\/p>\n<ul>\n<li><a href=\"http:\/\/www.cesardi.com.br\/lojinha\/\" target=\"_blank\" rel=\"noopener noreferrer\"><strong>CLIQUE AQUI\u00a0<\/strong><\/a>Para adquirir Produtos em nossa loja.<\/li>\n<\/ul>\n<p><a href=\"http:\/\/www.cesardi.com.br\/movimento-evolutivo\/apresentacao\/\"><img loading=\"lazy\" decoding=\"async\" class=\"alignright wp-image-7529\" src=\"http:\/\/cesardi.com.br\/wp-content\/uploads\/2017\/09\/400dpiLogo-2-300x227.jpg\" alt=\"\" width=\"148\" height=\"112\" \/><\/a>Procuramos desenvolver A\u00e7\u00f5es, Planos, Estudos e Projetos que de alguma forma contribuam para o aumento do conhecimento esclarecedor, para o &#8220;Despertar&#8221; e a expans\u00e3o de nossas consci\u00eancias e mem\u00f3rias c\u00f3smicas.<\/p>\n<p><a href=\"http:\/\/www.cesardi.com.br\/movimento-evolutivo\/apresentacao\/\" target=\"_blank\" rel=\"noopener noreferrer\"><strong>Saiba + <\/strong><\/a> sobre o nosso trabalho.<\/p>\n","protected":false},"excerpt":{"rendered":"<p>\u00a0 &nbsp; &nbsp; Ajude-nos a continuar este trabalho. Seja muito bem vindo(a) e obrigado de cora\u00e7\u00e3o. Nosso PIX \u00e9: 11 984221463\u00a0 ou&#8230; &nbsp; &nbsp; Ou fa\u00e7a seu dep\u00f3sito direto na conta da Caixa Econ\u00f4mica Federal: &#8211; Ag\u00eancia: 0981 &#8211; Conta Poupan\u00e7a: 00076027-3 &#8211; OP: 013 &#8211; Nome: No\u00e9 C\u00e9sar Dos Reis &#8211; CPF: 247.413.138-83 *Feito [&hellip;]<\/p>\n","protected":false},"author":1,"featured_media":0,"parent":383,"menu_order":3,"comment_status":"open","ping_status":"open","template":"","meta":{"footnotes":""},"class_list":["post-394","page","type-page","status-publish","hentry"],"_links":{"self":[{"href":"https:\/\/cesardi.com.br\/cantandoideias\/wp-json\/wp\/v2\/pages\/394","targetHints":{"allow":["GET"]}}],"collection":[{"href":"https:\/\/cesardi.com.br\/cantandoideias\/wp-json\/wp\/v2\/pages"}],"about":[{"href":"https:\/\/cesardi.com.br\/cantandoideias\/wp-json\/wp\/v2\/types\/page"}],"author":[{"embeddable":true,"href":"https:\/\/cesardi.com.br\/cantandoideias\/wp-json\/wp\/v2\/users\/1"}],"replies":[{"embeddable":true,"href":"https:\/\/cesardi.com.br\/cantandoideias\/wp-json\/wp\/v2\/comments?post=394"}],"version-history":[{"count":6,"href":"https:\/\/cesardi.com.br\/cantandoideias\/wp-json\/wp\/v2\/pages\/394\/revisions"}],"predecessor-version":[{"id":1118,"href":"https:\/\/cesardi.com.br\/cantandoideias\/wp-json\/wp\/v2\/pages\/394\/revisions\/1118"}],"up":[{"embeddable":true,"href":"https:\/\/cesardi.com.br\/cantandoideias\/wp-json\/wp\/v2\/pages\/383"}],"wp:attachment":[{"href":"https:\/\/cesardi.com.br\/cantandoideias\/wp-json\/wp\/v2\/media?parent=394"}],"curies":[{"name":"wp","href":"https:\/\/api.w.org\/{rel}","templated":true}]}}