{"id":396,"date":"2014-06-29T02:54:32","date_gmt":"2014-06-29T02:54:32","guid":{"rendered":"http:\/\/cesardi.com.br\/cantandoideias\/?page_id=396"},"modified":"2022-04-29T13:10:48","modified_gmt":"2022-04-29T13:10:48","slug":"faca-parte","status":"publish","type":"page","link":"https:\/\/cesardi.com.br\/cantandoideias\/ime-instituto\/faca-parte\/","title":{"rendered":"Fa\u00e7a Parte"},"content":{"rendered":"<p>&nbsp;<\/p>\n<header>\n<h3 style=\"text-align: left;\"><span style=\"color: #800080;\"><strong><span style=\"color: #000000;\">Voc\u00ea pode fazer parte de v\u00e1rias formas.<\/span><\/strong><\/span><\/h3>\n<header><a href=\"http:\/\/www.cesardi.com.br\/wp-content\/uploads\/2013\/03\/universo-natural-dominio-do-amor-modified-C\u00f3pia1.jpg\"><img loading=\"lazy\" decoding=\"async\" class=\"alignnone wp-image-4152\" src=\"http:\/\/www.cesardi.com.br\/wp-content\/uploads\/2013\/03\/universo-natural-dominio-do-amor-modified-C\u00f3pia1.jpg\" alt=\"universo-natural-dominio-do-amor modified - C\u00f3pia\" width=\"711\" height=\"311\" \/><\/a><br \/>\n<strong><span style=\"color: #333333;\">1 &#8211; <\/span>Assumindo uma postura de Construtor Universal<\/strong><br \/>\nAssumindo conscientemente um desejo de ser \u00fatil ao crescimento consciencial deste planeta, um profundo desejo de trabalhar pela LUZ e buscando a cada dia mais se tornar um ser humano mais gentil, mais cooperador com todos e se tornando um grande construtor de voc\u00ea mesmo, buscando rever e melhorar todos os comportamentos disfuncionais. Dando sempre o melhor de si em qualquer \u00e1rea em que possa estar atuando.<\/header>\n<header><\/header>\n<header><\/header>\n<header><strong><span style=\"color: #333333;\">2 &#8211; <\/span>Se tornando apoiador, incentivador e divulgador<\/strong><br \/>\nProcurando n\u00e3o s\u00f3 ouvir mas tamb\u00e9m adquirir e divulgar o trabalho e as m\u00fasicas do C\u00e9sar Di e de outros artistas que trazem esta tem\u00e1tica de crescimento no sentido de SER um humano melhor. Voc\u00ea pode se tornar um grande disseminador de um novo jeito de se fazer arte no pa\u00eds. N\u00e3o adianta a gente viver reclamando da musicalidade ruim, dos artistas vazios&#8230; Vamos agora divulgar e mostrar que existem sim grandes artistas que fazem trabalhos que valem a pena. Agindo assim estar\u00e1 colaborando e fazendo parte de um Movimento que pode simplesmente &#8220;REVOLUCIONAR&#8221; as mentes e trazer uma grande expans\u00e3o de consci\u00eancia para as pessoas. A m\u00fasica \u00e9 um ve\u00edculo important\u00edssimo mas tem que ser ouvida. Mostre e sugira aos outros.<br \/>\nOuvir CDs: <a href=\"http:\/\/www.cesardi.com.br\/site-oficial\/discografia\/\" target=\"_blank\" rel=\"noopener noreferrer\"><strong>CLIQUE AQUI\u00a0<\/strong><\/a><br \/>\nPoesias: <strong><a href=\"http:\/\/www.cesardi.com.br\/site-oficial\/poesias\/\" target=\"_blank\" rel=\"noopener noreferrer\">CLIQUE AQUI<\/a><\/strong><br \/>\nTextos: <a href=\"http:\/\/www.cesardi.com.br\/category\/textos-cesar-di\/\" target=\"_blank\" rel=\"noopener noreferrer\"><strong>CLIQUE AQUI<\/strong><\/a><\/header>\n<header><\/header>\n<header><\/header>\n<header><strong><span style=\"color: #333333;\">3 \u2013<\/span> Doando cr\u00e9ditos (Dep\u00f3sito em dinheiro)<\/strong><\/header>\n<form action=\"https:\/\/pagseguro.uol.com.br\/checkout\/v2\/donation.html\" method=\"post\" target=\"pagseguro\"><input name=\"receiverEmail\" type=\"hidden\" value=\"producaocesardi@gmail.com\" \/>Este \u00e9 o nosso PIX:\u00a0 11 &#8211; 984221463<\/p>\n<p>Ou fa\u00e7a seu dep\u00f3sito direto na conta da Caixa Econ\u00f4mica Federal:<br \/>\n\u2013 Ag\u00eancia: 0981<br \/>\n\u2013 Conta Poupan\u00e7a: 00076027-3<br \/>\n\u2013 OP: 013<br \/>\n\u2013 Nome: No\u00e9 C\u00e9sar Dos Reis<br \/>\n\u2013 CPF: 247.413.138-83<br \/>\n*Feito o dep\u00f3sito envie uma foto do comprovante ou n\u00famero de identifica\u00e7\u00e3o para:<br \/>\n\u2013 O Whatsapp: (11) 984221463<br \/>\n\u2013 Ou para o E-mail: producaocesardi@gmail.com<\/p>\n<\/form>\n<p>&nbsp;<\/p>\n<p><strong><span style=\"color: #333333;\">4 \u2013<\/span> Se tornando um patrono social dos Projetos. (Dep\u00f3sito em dinheiro)<\/strong><br \/>\nAssim voc\u00ea se torna um important\u00edssimo apoiador dos Projetos. Um doador an\u00f4nimo ou se preferir seu nome aparecer\u00e1 como colaborador, simpatizante\u2026 e n\u00e3o como Patrocinador. Assim que fizer o dep\u00f3sito envie um e-mail para <span style=\"color: #333333;\"><span style=\"text-decoration: underline; color: #0000ff;\">producaocesardi@gmail.com<\/span> informando como gostaria de ser mencionado.<\/span><\/p>\n<form action=\"https:\/\/pagseguro.uol.com.br\/checkout\/v2\/donation.html\" method=\"post\" target=\"pagseguro\"><input name=\"receiverEmail\" type=\"hidden\" value=\"producaocesardi@gmail.com\" \/><\/p>\n<p>&nbsp;<\/p>\n<\/form>\n<p><strong><span style=\"color: #333333;\">5 \u2013<\/span> Comprando CDs e produtos na nossa loja online<\/strong><br \/>\n<a href=\"http:\/\/cesardi.com.br\/lojinha\/\" target=\"_blank\" rel=\"noopener noreferrer\">http:\/\/cesardi.com.br\/lojinha\/<\/a><\/p>\n<p>Nossos produtos personalizados (Camisetas, Bandanas, CDs, M\u00fasicas avulsas, Livros, Cursos, palestras, V\u00eddeos, Adesivos e Utens\u00edlios variados) s\u00e3o \u00f3timos e lindos para uso pr\u00f3prio, divulga\u00e7\u00e3o de nossas ideias e tamb\u00e9m para presentear a quem voc\u00ea ama.<\/p>\n<p>&nbsp;<\/p>\n<p><strong><span style=\"color: #333333;\">6 \u2013<\/span> Mensagens positivas<\/strong><br \/>\nDeixadas nos v\u00eddeos no youtube, nas redes sociais e nos sites do C\u00e9sar e dos projetos<br \/>\nFacebook &#8211; Amigos do C\u00e9sar Di: <a href=\"https:\/\/www.facebook.com\/groups\/cesardi\" target=\"_blank\" rel=\"nofollow noopener noreferrer\">https:\/\/www.facebook.com\/<wbr \/>groups\/cesardi<\/a><br \/>\nFacebook &#8211; F\u00e3 Page: <a href=\"http:\/\/www.facebook.com\/oficialCesarDi\" target=\"_blank\" rel=\"noopener noreferrer\">http:\/\/www.facebook.com\/oficialCesarDi<\/a><br \/>\nYoutube: <a href=\"https:\/\/www.youtube.com\/c\/C%C3%A9sarDiartista?sub_confirmation=1\" target=\"_blank\" rel=\"noopener noreferrer\"><strong>CLIQUE AQUI<\/strong><\/a><\/p>\n<p>&nbsp;<\/p>\n<p><strong><span style=\"color: #333333;\">7 \u2013 <\/span>Compartilhamento<\/strong><br \/>\nDivulgando os banners, fotos e os v\u00eddeos dos projetos e do C\u00e9sar Di nas redes sociais, para seus contatos e em seus sites pessoais e curtindo e participando tamb\u00e9m atrav\u00e9s do facebook.<\/p>\n<p>Fotos Divulga\u00e7\u00e3o no Facebook: <a href=\"https:\/\/www.facebook.com\/media\/set\/?set=a.644301895636148.1073741839.198408750225467&amp;type=3\" target=\"_blank\" rel=\"noopener noreferrer\">https:\/\/www.facebook.com\/media\/set\/?set=a.644301895636148.1073741839.198408750225467&amp;type=3<\/a><br \/>\nFotos divulga\u00e7\u00e3o no site p\/ baixar: <a href=\"http:\/\/www.cesardi.com.br\/movimento-evolutivo\/fotos-divulgacao\/\" target=\"_blank\" rel=\"noopener noreferrer\">http:\/\/www.cesardi.com.br\/movimento-evolutivo\/fotos-divulgacao\/<\/a><\/p>\n<p>&nbsp;<\/p>\n<p><strong><span style=\"color: #333333;\">8 \u2013<\/span> Emitindo energia positiva <\/strong><br \/>\nAtrav\u00e9s de pensamentos positivos e de b\u00ean\u00e7\u00e3os \u00e0 todo o trabalho e ao C\u00e9sar, aos organizadores e aos projetos em geral<\/p>\n<p>&nbsp;<\/p>\n<p><strong><span style=\"color: #333333;\">9 \u2013<\/span> Volunt\u00e1rio <\/strong><br \/>\nTrabalho nos dias dos eventos<\/p>\n<p>&nbsp;<\/p>\n<p><strong><span style=\"color: #333333;\">10 \u2013<\/span> Comprando Cotas de Patroc\u00ednio ou participando dos Projetos Culturais, Sociais e atendimentos que desenvolvemos:<br \/>\n<\/strong><b>&#8211; <\/b>Projeto Meu Bairro ou minha Cidade Tem Cultura<br \/>\n<b>&#8211; <\/b>Projeto Cantando Ideias, Despertando Consci\u00eancias&#8230;<br \/>\n&#8211; Projeto Meu Bairro Musical<br \/>\n&#8211; Projeto Encontro Cultural de Mineiros<br \/>\n&#8211; Projeto Amparando Talentos<br \/>\n&#8211; Projeto FORROCK &#8211; MPB, Encontro do S\u00e9culo: Raul Seixas e Luiz Gonzaga<br \/>\n&#8211; Projeto Meu Bairro Tem Cultura &#8211; Vers\u00e3o Pocket<br \/>\n&#8211; Projeto Gera\u00e7\u00f5es que se Renovam<br \/>\n<strong>Conhe\u00e7a todos: <a href=\"http:\/\/www.cesardi.com.br\/projetos-culturais\/\" target=\"_blank\" rel=\"noopener noreferrer\">Clique Aqui<\/a><\/strong><\/p>\n<p>&nbsp;<\/p>\n<p><strong><span style=\"color: #333333;\">11 &#8211;<\/span> Comparecendo aos shows do C\u00e9sar Di e apoiando os projetos <\/strong><\/p>\n<p>&nbsp;<\/p>\n<p><strong><span style=\"color: #333333;\">12 &#8211;<\/span> Cadastrando-se nos sites e participando dos f\u00f3runs de discuss\u00e3o, comentando, criticando, elogiando&#8230;<\/strong><br \/>\nDando sua opini\u00e3o a respeito das m\u00fasicas, dos livros, dos v\u00eddeos e dos textos do C\u00e9sar Di e das informa\u00e7\u00f5es colocadas nos sites<\/p>\n<p>&nbsp;<\/p>\n<p><span style=\"color: #333333;\"><strong>13 &#8211;<\/strong><\/span> <strong>Participando dos nossos Shows e Projetos online:<\/strong><br \/>\n<a href=\"http:\/\/www.cesardi.com.br\/cadastro-premios\/projetos-online\/\" target=\"_blank\" rel=\"noopener noreferrer\">http:\/\/www.cesardi.com.br\/cadastro-premios\/projetos-online\/<\/a><\/p>\n<p>&nbsp;<\/p>\n<p><strong><span style=\"color: #333333;\">14 &#8211;<\/span> Contratante<\/strong><br \/>\nContratando os shows, palestras e projetos do C\u00e9sar Di para sua cidade, seus eventos, empresa, grupo de amigos, escolas, associa\u00e7\u00f5es&#8230;<\/p>\n<p>&nbsp;<\/p>\n<p><strong>15 &#8211;<\/strong> <strong>Buscador de esclarecimento<\/strong><br \/>\nTorne-se um estudante em busca de conhecimento esclarecedor. Veja em nosso site algumas dicas de material de estudo, <a href=\"http:\/\/www.cesardi.com.br\/site-oficial\/material-de-estudos\/\" target=\"_blank\" rel=\"noopener noreferrer\"><strong>Clique Aqui<\/strong><\/a><\/p>\n<\/header>\n<p>&nbsp;<\/p>\n<p>&nbsp;<\/p>\n<p>&nbsp;<\/p>\n<h2>Obrigado pela confian\u00e7a<\/h2>\n<p><a href=\"http:\/\/cesardi.com.br\/wp-content\/uploads\/2015\/11\/r.jpg\" target=\"_blank\" rel=\"noopener noreferrer\"><img loading=\"lazy\" decoding=\"async\" class=\"alignright wp-image-5181 \" src=\"http:\/\/cesardi.com.br\/wp-content\/uploads\/2015\/11\/r.jpg\" alt=\"r\" width=\"245\" height=\"403\" \/><\/a><strong>Meus irm\u00e3os e irm\u00e3s,<\/strong> parceiros, amigos de caminhada e de travessia nesta nossa breve passagem que estamos fazendo juntos por aqui nesta pequenina bolinha chamada de planeta Terra, muito obrigado pela companhia e por tudo. Pe\u00e7o que confiem em nosso trabalho e tenham certeza da nossa sinceridade em tudo que estamos nos propondo \u00e0 fazer. Fazemos de verdade com o cora\u00e7\u00e3o e esperamos poder sermos referenciais positivos sempre. Nosso intuito \u00e9 o de ajudar.<\/p>\n<p><strong>Estamos sempre divulgando cada item,<\/strong> cada Projeto, cada, ideia&#8230; dentro do nosso alcance e do que pensamos ser o mais correto poss\u00edvel. Al\u00e9m das redes sociais como o facebook, o Twiter, o Youtube, o palcoMP3 e outros, temos tamb\u00e9m o nosso Portal e juntando tudo isto j\u00e1 temos alguns milh\u00f5es de visualiza\u00e7\u00f5es, o que nos deixa muito felizes e agradecidos por podermos estar de alguma forma atingindo positivamente as consci\u00eancias deste planeta.<\/p>\n<p><strong>ASS:<\/strong> C\u00e9sar Di e EQUIPE.<\/p>\n<p>&nbsp;<\/p>\n<p>&nbsp;<\/p>\n<p>&nbsp;<\/p>\n<p>&nbsp;<\/p>\n<p>&nbsp;<\/p>\n<p><strong>Um Poeta, Um Show, Uma LUZ Musical\u2026<\/strong><\/p>\n<div class=\"flex-video\"><iframe loading=\"lazy\" src=\"https:\/\/www.youtube.com\/embed\/4wldBrOoWXA?feature=oembed\" width=\"640\" height=\"360\" frameborder=\"0\" allowfullscreen=\"allowfullscreen\" data-mce-fragment=\"1\"><\/iframe><\/div>\n<h1><\/h1>\n<p>&nbsp;<\/p>\n<p>&nbsp;<\/p>\n<p>&nbsp;<\/p>\n<p>&nbsp;<\/p>\n<hr \/>\n<p><a href=\"http:\/\/www.cesardi.com.br\/movimento-evolutivo\/apresentacao\/\"><img loading=\"lazy\" decoding=\"async\" class=\"alignright wp-image-7529\" src=\"http:\/\/cesardi.com.br\/wp-content\/uploads\/2017\/09\/400dpiLogo-2-300x227.jpg\" alt=\"\" width=\"148\" height=\"112\" \/><\/a>Procuramos desenvolver A\u00e7\u00f5es, Planos, Estudos e Projetos que de alguma forma contribuam para o aumento do conhecimento esclarecedor, para o &#8220;Despertar&#8221; e a expans\u00e3o de nossas consci\u00eancias e mem\u00f3rias c\u00f3smicas.<\/p>\n<p><a href=\"http:\/\/www.cesardi.com.br\/movimento-evolutivo\/apresentacao\/\" target=\"_blank\" rel=\"noopener noreferrer\"><strong>Saiba + <\/strong><\/a> sobre o nosso trabalho.<\/p>\n","protected":false},"excerpt":{"rendered":"<p>&nbsp; Voc\u00ea pode fazer parte de v\u00e1rias formas. 1 &#8211; Assumindo uma postura de Construtor Universal Assumindo conscientemente um desejo de ser \u00fatil ao crescimento consciencial deste planeta, um profundo desejo de trabalhar pela LUZ e buscando a cada dia mais se tornar um ser humano mais gentil, mais cooperador com todos e se tornando [&hellip;]<\/p>\n","protected":false},"author":1,"featured_media":0,"parent":383,"menu_order":4,"comment_status":"open","ping_status":"open","template":"","meta":{"footnotes":""},"class_list":["post-396","page","type-page","status-publish","hentry"],"_links":{"self":[{"href":"https:\/\/cesardi.com.br\/cantandoideias\/wp-json\/wp\/v2\/pages\/396","targetHints":{"allow":["GET"]}}],"collection":[{"href":"https:\/\/cesardi.com.br\/cantandoideias\/wp-json\/wp\/v2\/pages"}],"about":[{"href":"https:\/\/cesardi.com.br\/cantandoideias\/wp-json\/wp\/v2\/types\/page"}],"author":[{"embeddable":true,"href":"https:\/\/cesardi.com.br\/cantandoideias\/wp-json\/wp\/v2\/users\/1"}],"replies":[{"embeddable":true,"href":"https:\/\/cesardi.com.br\/cantandoideias\/wp-json\/wp\/v2\/comments?post=396"}],"version-history":[{"count":9,"href":"https:\/\/cesardi.com.br\/cantandoideias\/wp-json\/wp\/v2\/pages\/396\/revisions"}],"predecessor-version":[{"id":1112,"href":"https:\/\/cesardi.com.br\/cantandoideias\/wp-json\/wp\/v2\/pages\/396\/revisions\/1112"}],"up":[{"embeddable":true,"href":"https:\/\/cesardi.com.br\/cantandoideias\/wp-json\/wp\/v2\/pages\/383"}],"wp:attachment":[{"href":"https:\/\/cesardi.com.br\/cantandoideias\/wp-json\/wp\/v2\/media?parent=396"}],"curies":[{"name":"wp","href":"https:\/\/api.w.org\/{rel}","templated":true}]}}