{"id":454,"date":"2014-07-03T23:46:11","date_gmt":"2014-07-03T23:46:11","guid":{"rendered":"http:\/\/cesardi.com.br\/cantandoideias\/?page_id=454"},"modified":"2022-04-29T01:58:26","modified_gmt":"2022-04-29T01:58:26","slug":"edicao-em-mg","status":"publish","type":"page","link":"https:\/\/cesardi.com.br\/cantandoideias\/edicoes-realizadas\/edicao-em-mg\/","title":{"rendered":"Pocrane &#8211; M. Gerais"},"content":{"rendered":"<div class=\"separator\" style=\"clear: both; text-align: center;\"><\/div>\n<p>O cantor, Compositor e Poeta mineiro C\u00e9sar Di fez uma visita surpresa aos alunos da Escola Anita Garibaldi em Pocrane\/MG. A visita aconteceu ter\u00e7a feira dia 06\/12\/2011. O m\u00fasico fez um grande show na cidade dia 04\/12 e fez quest\u00e3o de ir conhecer os alunos que trabalharam em sala de aula sobre sua obra.<\/p>\n<p>C\u00e9sar Di desenvolve em escolas um Projeto chamado Cantando Id\u00e9ias, Despertando Consci\u00eancias&#8230; e em Pocrane a Professora Maria Ducarmo fez com os alunos um trabalho onde eles fizeram um paralelo entre a globaliza\u00e7\u00e3o, o desenvolvimento tecnol\u00f3gico mundial e o crescimento evolutivo do ser humano, usando para isto as can\u00e7\u00f5es do nosso Poeta C\u00e9sar Di.<\/p>\n<p><em>Show do C\u00e9sar di na cidade de Pocrane\/MG<\/em><\/p>\n<p><iframe loading=\"lazy\" title=\"Show em Pocrane \/ MG - C\u00e9sar Di no Gin\u00e1sio Poliesportivo - #Raridade9\" width=\"640\" height=\"360\" src=\"https:\/\/www.youtube.com\/embed\/SojrADv1tvo?start=886&#038;feature=oembed\" frameborder=\"0\" allow=\"accelerometer; autoplay; clipboard-write; encrypted-media; gyroscope; picture-in-picture; web-share\" referrerpolicy=\"strict-origin-when-cross-origin\" allowfullscreen><\/iframe><\/p>\n<p>A visita do m\u00fasico \u00e0 escola deixou os alunos em polvorosa, todos queriam cantar, pegar aut\u00f3grafos e fotografar ao lado artista.<\/p>\n<p><strong>Confira abaixo as fotos:<\/strong><\/p>\n<p><a href=\"http:\/\/www.cesardi.com.br\/cantandoideias\/wp-content\/uploads\/2014\/07\/S5030534.jpg\"><img loading=\"lazy\" decoding=\"async\" class=\"alignnone wp-image-1039 size-full\" src=\"http:\/\/www.cesardi.com.br\/cantandoideias\/wp-content\/uploads\/2014\/07\/S5030534.jpg\" alt=\"\" width=\"1600\" height=\"1048\" srcset=\"https:\/\/cesardi.com.br\/cantandoideias\/wp-content\/uploads\/2014\/07\/S5030534.jpg 1600w, https:\/\/cesardi.com.br\/cantandoideias\/wp-content\/uploads\/2014\/07\/S5030534-300x197.jpg 300w, https:\/\/cesardi.com.br\/cantandoideias\/wp-content\/uploads\/2014\/07\/S5030534-768x503.jpg 768w, https:\/\/cesardi.com.br\/cantandoideias\/wp-content\/uploads\/2014\/07\/S5030534-1024x671.jpg 1024w\" sizes=\"auto, (max-width: 1600px) 100vw, 1600px\" \/><\/a><\/p>\n<div style=\"text-align: center;\"><\/div>\n<div><\/div>\n<div class=\"separator\" style=\"clear: both; text-align: center;\"><a style=\"margin-left: 1em; margin-right: 1em;\" href=\"http:\/\/2.bp.blogspot.com\/-xPw9MNYNNzc\/TuD8a2IQQHI\/AAAAAAAABXw\/bK6jSoZTtoc\/s1600\/S5030499.JPG\"><img loading=\"lazy\" decoding=\"async\" style=\"border: 0px;\" src=\"http:\/\/2.bp.blogspot.com\/-xPw9MNYNNzc\/TuD8a2IQQHI\/AAAAAAAABXw\/bK6jSoZTtoc\/s400\/S5030499.JPG\" alt=\"C\u00e9sar Di\" width=\"400\" height=\"186\" border=\"0\" \/><\/a><\/div>\n<div class=\"separator\" style=\"clear: both; text-align: center;\"><\/div>\n<div class=\"separator\" style=\"clear: both; text-align: center;\"><a style=\"margin-left: 1em; margin-right: 1em;\" href=\"http:\/\/1.bp.blogspot.com\/-5BNv4-JNc3I\/TuD7SH6-ueI\/AAAAAAAABXY\/UDXMXfc2h1o\/s1600\/S5030545.JPG\"><img loading=\"lazy\" decoding=\"async\" style=\"border: 0px;\" src=\"http:\/\/1.bp.blogspot.com\/-5BNv4-JNc3I\/TuD7SH6-ueI\/AAAAAAAABXY\/UDXMXfc2h1o\/s400\/S5030545.JPG\" alt=\"C\u00e9sar Di\" width=\"400\" height=\"283\" border=\"0\" \/><\/a><\/div>\n<div class=\"separator\" style=\"clear: both; text-align: center;\"><\/div>\n<div class=\"separator\" style=\"clear: both; text-align: center;\"><a style=\"margin-left: 1em; margin-right: 1em;\" href=\"http:\/\/4.bp.blogspot.com\/-AHsB9xwArB4\/TuD-8urz-PI\/AAAAAAAABYI\/vn3SRrGRVrk\/s1600\/S5030508.JPG\"><img loading=\"lazy\" decoding=\"async\" style=\"border: 0px;\" src=\"http:\/\/4.bp.blogspot.com\/-AHsB9xwArB4\/TuD-8urz-PI\/AAAAAAAABYI\/vn3SRrGRVrk\/s400\/S5030508.JPG\" alt=\"C\u00e9sar Di\" width=\"400\" height=\"264\" border=\"0\" \/><\/a><\/div>\n<div class=\"separator\" style=\"clear: both; text-align: center;\"><\/div>\n<div class=\"separator\" style=\"clear: both; text-align: center;\"><a style=\"margin-left: 1em; margin-right: 1em;\" href=\"http:\/\/3.bp.blogspot.com\/-rc5wMexG8Ow\/TuD_SI8MTTI\/AAAAAAAABYU\/THSVxDUO-74\/s1600\/S5030516.JPG\"><img loading=\"lazy\" decoding=\"async\" style=\"border: 0px;\" src=\"http:\/\/3.bp.blogspot.com\/-rc5wMexG8Ow\/TuD_SI8MTTI\/AAAAAAAABYU\/THSVxDUO-74\/s400\/S5030516.JPG\" alt=\"C\u00e9sar Di\" width=\"400\" height=\"300\" border=\"0\" \/><\/a><\/div>\n<div class=\"separator\" style=\"clear: both; text-align: center;\"><\/div>\n<div class=\"separator\" style=\"clear: both; text-align: center;\"><a style=\"margin-left: 1em; margin-right: 1em;\" href=\"http:\/\/1.bp.blogspot.com\/-s3o_gh_7zaw\/TuD_2O7KtLI\/AAAAAAAABYg\/UO_Hw14mMZw\/s1600\/S5030521.JPG\"><img loading=\"lazy\" decoding=\"async\" style=\"border: 0px;\" src=\"http:\/\/1.bp.blogspot.com\/-s3o_gh_7zaw\/TuD_2O7KtLI\/AAAAAAAABYg\/UO_Hw14mMZw\/s400\/S5030521.JPG\" alt=\"C\u00e9sar Di\" width=\"400\" height=\"283\" border=\"0\" \/><\/a><\/div>\n<div class=\"separator\" style=\"clear: both; text-align: center;\"><\/div>\n<div class=\"separator\" style=\"clear: both; text-align: center;\"><a style=\"margin-left: 1em; margin-right: 1em;\" href=\"http:\/\/2.bp.blogspot.com\/-IVqjfal3Ci0\/TuEAEbkxt_I\/AAAAAAAABYs\/1udcKmQPxTM\/s1600\/S5030523.JPG\"><img loading=\"lazy\" decoding=\"async\" style=\"border: 0px;\" src=\"http:\/\/2.bp.blogspot.com\/-IVqjfal3Ci0\/TuEAEbkxt_I\/AAAAAAAABYs\/1udcKmQPxTM\/s400\/S5030523.JPG\" alt=\"C\u00e9sar Di\" width=\"400\" height=\"236\" border=\"0\" \/><\/a><\/div>\n<div class=\"separator\" style=\"clear: both; text-align: center;\"><\/div>\n<div class=\"separator\" style=\"clear: both; text-align: center;\"><a style=\"margin-left: 1em; margin-right: 1em;\" href=\"http:\/\/3.bp.blogspot.com\/-92Ec1VNIxTQ\/TuEAbCvngxI\/AAAAAAAABY4\/-DM9dESfcxw\/s1600\/S5030525.JPG\"><img loading=\"lazy\" decoding=\"async\" style=\"border: 0px;\" src=\"http:\/\/3.bp.blogspot.com\/-92Ec1VNIxTQ\/TuEAbCvngxI\/AAAAAAAABY4\/-DM9dESfcxw\/s400\/S5030525.JPG\" alt=\"C\u00e9sar Di\" width=\"400\" height=\"317\" border=\"0\" \/><\/a><\/div>\n<div class=\"separator\" style=\"clear: both; text-align: center;\"><\/div>\n<div class=\"separator\" style=\"clear: both; text-align: center;\"><a style=\"margin-left: 1em; margin-right: 1em;\" href=\"http:\/\/2.bp.blogspot.com\/-fU2eTT6cbgI\/TuEArlxspZI\/AAAAAAAABZE\/uVie1uWDIfs\/s1600\/S5030527.JPG\"><img loading=\"lazy\" decoding=\"async\" style=\"border: 0px;\" src=\"http:\/\/2.bp.blogspot.com\/-fU2eTT6cbgI\/TuEArlxspZI\/AAAAAAAABZE\/uVie1uWDIfs\/s400\/S5030527.JPG\" alt=\"C\u00e9sar Di\" width=\"400\" height=\"300\" border=\"0\" \/><\/a><\/div>\n<div class=\"separator\" style=\"clear: both; text-align: center;\"><\/div>\n<div class=\"separator\" style=\"clear: both; text-align: center;\"><a style=\"margin-left: 1em; margin-right: 1em;\" href=\"http:\/\/3.bp.blogspot.com\/-drhi9GiXCFk\/TuEA7sTtLWI\/AAAAAAAABZQ\/x_3--M0_hL0\/s1600\/S5030528.JPG\"><img loading=\"lazy\" decoding=\"async\" style=\"border: 0px;\" src=\"http:\/\/3.bp.blogspot.com\/-drhi9GiXCFk\/TuEA7sTtLWI\/AAAAAAAABZQ\/x_3--M0_hL0\/s400\/S5030528.JPG\" alt=\"C\u00e9sar Di\" width=\"400\" height=\"311\" border=\"0\" \/><\/a><\/div>\n<div class=\"separator\" style=\"clear: both; text-align: center;\"><\/div>\n<div class=\"separator\" style=\"clear: both; text-align: center;\"><a style=\"margin-left: 1em; margin-right: 1em;\" href=\"http:\/\/1.bp.blogspot.com\/-iPvgY-oLLzM\/TuEBIOi9qDI\/AAAAAAAABZc\/iV-ncC18nZE\/s1600\/S5030529.JPG\"><img loading=\"lazy\" decoding=\"async\" style=\"border: 0px;\" src=\"http:\/\/1.bp.blogspot.com\/-iPvgY-oLLzM\/TuEBIOi9qDI\/AAAAAAAABZc\/iV-ncC18nZE\/s400\/S5030529.JPG\" alt=\"C\u00e9sar Di\" width=\"400\" height=\"332\" border=\"0\" \/><\/a><\/div>\n<div class=\"separator\" style=\"clear: both; text-align: center;\"><\/div>\n<div class=\"separator\" style=\"clear: both; text-align: center;\"><a style=\"margin-left: 1em; margin-right: 1em;\" href=\"http:\/\/4.bp.blogspot.com\/-HNw0X7ndpFY\/TuEBV6RNShI\/AAAAAAAABZo\/I64MDveLgEo\/s1600\/S5030534.JPG\"><img loading=\"lazy\" decoding=\"async\" style=\"border: 0px;\" src=\"http:\/\/4.bp.blogspot.com\/-HNw0X7ndpFY\/TuEBV6RNShI\/AAAAAAAABZo\/I64MDveLgEo\/s400\/S5030534.JPG\" alt=\"C\u00e9sar Di\" width=\"400\" height=\"262\" border=\"0\" \/><\/a><\/div>\n<div class=\"separator\" style=\"clear: both; text-align: center;\"><\/div>\n<div class=\"separator\" style=\"clear: both; text-align: center;\"><a style=\"margin-left: 1em; margin-right: 1em;\" href=\"http:\/\/1.bp.blogspot.com\/-akyLmb6I14w\/TuEBms0vM5I\/AAAAAAAABZ0\/gFNurfeqv88\/s1600\/S5030536.JPG\"><img loading=\"lazy\" decoding=\"async\" style=\"border: 0px;\" src=\"http:\/\/1.bp.blogspot.com\/-akyLmb6I14w\/TuEBms0vM5I\/AAAAAAAABZ0\/gFNurfeqv88\/s400\/S5030536.JPG\" alt=\"C\u00e9sar Di\" width=\"400\" height=\"313\" border=\"0\" \/><\/a><\/div>\n<div class=\"separator\" style=\"clear: both; text-align: center;\"><\/div>\n<div class=\"separator\" style=\"clear: both; text-align: center;\"><a style=\"margin-left: 1em; margin-right: 1em;\" href=\"http:\/\/4.bp.blogspot.com\/-AxkYV5ml3pg\/TuECAm16cGI\/AAAAAAAABaA\/VnJ2nM4jPvQ\/s1600\/S5030538.JPG\"><img loading=\"lazy\" decoding=\"async\" style=\"border: 0px;\" src=\"http:\/\/4.bp.blogspot.com\/-AxkYV5ml3pg\/TuECAm16cGI\/AAAAAAAABaA\/VnJ2nM4jPvQ\/s400\/S5030538.JPG\" alt=\"C\u00e9sar Di\" width=\"400\" height=\"250\" border=\"0\" \/><\/a><\/div>\n<div class=\"separator\" style=\"clear: both; text-align: center;\"><\/div>\n<div class=\"separator\" style=\"clear: both; text-align: center;\"><a style=\"margin-left: 1em; margin-right: 1em;\" href=\"http:\/\/1.bp.blogspot.com\/-v184D6gXDZE\/TuECPTVo_TI\/AAAAAAAABaM\/2p2-NmsjlH4\/s1600\/S5030541.JPG\"><img loading=\"lazy\" decoding=\"async\" style=\"border: 0px;\" src=\"http:\/\/1.bp.blogspot.com\/-v184D6gXDZE\/TuECPTVo_TI\/AAAAAAAABaM\/2p2-NmsjlH4\/s400\/S5030541.JPG\" alt=\"C\u00e9sar Di\" width=\"400\" height=\"314\" border=\"0\" \/><\/a><\/div>\n<div class=\"separator\" style=\"clear: both; text-align: center;\"><\/div>\n<div class=\"separator\" style=\"clear: both; text-align: center;\"><a style=\"margin-left: 1em; margin-right: 1em;\" href=\"http:\/\/3.bp.blogspot.com\/-ZNccRlU-ikE\/TuEC35CUzUI\/AAAAAAAABaY\/FRm9SoYaCeQ\/s1600\/S5030545.JPG\"><img loading=\"lazy\" decoding=\"async\" style=\"border: 0px;\" src=\"http:\/\/3.bp.blogspot.com\/-ZNccRlU-ikE\/TuEC35CUzUI\/AAAAAAAABaY\/FRm9SoYaCeQ\/s400\/S5030545.JPG\" alt=\"C\u00e9sar Di\" width=\"400\" height=\"283\" border=\"0\" \/><\/a><\/div>\n<div class=\"separator\" style=\"clear: both; text-align: center;\"><\/div>\n<div class=\"separator\" style=\"clear: both; text-align: center;\"><a style=\"margin-left: 1em; margin-right: 1em;\" href=\"http:\/\/3.bp.blogspot.com\/-6DemP9Fy_g0\/TuEEuBsnSEI\/AAAAAAAABak\/_zucAd3e2Tc\/s1600\/S5030547.JPG\"><img loading=\"lazy\" decoding=\"async\" style=\"border: 0px;\" src=\"http:\/\/3.bp.blogspot.com\/-6DemP9Fy_g0\/TuEEuBsnSEI\/AAAAAAAABak\/_zucAd3e2Tc\/s400\/S5030547.JPG\" alt=\"C\u00e9sar Di\" width=\"400\" height=\"300\" border=\"0\" \/><\/a><\/div>\n<div class=\"separator\" style=\"clear: both; text-align: center;\"><\/div>\n<div class=\"separator\" style=\"clear: both; text-align: center;\"><a style=\"margin-left: 1em; margin-right: 1em;\" href=\"http:\/\/1.bp.blogspot.com\/-xOD_JsrWpFI\/TuEFG3uq7DI\/AAAAAAAABaw\/mxrktMwvHpw\/s1600\/S5030555.JPG\"><img loading=\"lazy\" decoding=\"async\" style=\"border: 0px;\" src=\"http:\/\/1.bp.blogspot.com\/-xOD_JsrWpFI\/TuEFG3uq7DI\/AAAAAAAABaw\/mxrktMwvHpw\/s400\/S5030555.JPG\" alt=\"C\u00e9sar Di\" width=\"400\" height=\"302\" border=\"0\" \/><\/a><\/div>\n<div class=\"separator\" style=\"clear: both; text-align: center;\"><\/div>\n<div class=\"separator\" style=\"clear: both; text-align: center;\"><a style=\"margin-left: 1em; margin-right: 1em;\" href=\"http:\/\/4.bp.blogspot.com\/-y23lTr-GFM8\/TuEFxLlQEeI\/AAAAAAAABa8\/D4kh_eDU_RE\/s1600\/S5030558.JPG\"><img loading=\"lazy\" decoding=\"async\" style=\"border: 0px;\" src=\"http:\/\/4.bp.blogspot.com\/-y23lTr-GFM8\/TuEFxLlQEeI\/AAAAAAAABa8\/D4kh_eDU_RE\/s400\/S5030558.JPG\" alt=\"C\u00e9sar Di\" width=\"400\" height=\"238\" border=\"0\" \/><\/a><\/div>\n<div class=\"separator\" style=\"clear: both; text-align: center;\"><\/div>\n<div class=\"separator\" style=\"clear: both; text-align: center;\"><a style=\"margin-left: 1em; margin-right: 1em;\" href=\"http:\/\/2.bp.blogspot.com\/-7-UDfcIzkEs\/TuEGH9dXRCI\/AAAAAAAABbI\/GyvGhpPzHRk\/s1600\/S5030560.JPG\"><img loading=\"lazy\" decoding=\"async\" style=\"border: 0px;\" src=\"http:\/\/2.bp.blogspot.com\/-7-UDfcIzkEs\/TuEGH9dXRCI\/AAAAAAAABbI\/GyvGhpPzHRk\/s400\/S5030560.JPG\" alt=\"C\u00e9sar Di\" width=\"400\" height=\"268\" border=\"0\" \/><\/a><\/div>\n<div class=\"separator\" style=\"clear: both; text-align: center;\"><\/div>\n<div class=\"separator\" style=\"clear: both; text-align: center;\"><a style=\"margin-left: 1em; margin-right: 1em;\" href=\"http:\/\/1.bp.blogspot.com\/-kIoXv3mq7JY\/TuEGdZ_Yr-I\/AAAAAAAABbU\/Uh3G1JqTPzM\/s1600\/S5030570.JPG\"><img loading=\"lazy\" decoding=\"async\" style=\"border: 0px;\" src=\"http:\/\/1.bp.blogspot.com\/-kIoXv3mq7JY\/TuEGdZ_Yr-I\/AAAAAAAABbU\/Uh3G1JqTPzM\/s400\/S5030570.JPG\" alt=\"C\u00e9sar Di\" width=\"334\" height=\"400\" border=\"0\" \/><\/a><\/div>\n<div class=\"separator\" style=\"clear: both; text-align: center;\"><\/div>\n<div class=\"separator\" style=\"clear: both; text-align: center;\"><a style=\"margin-left: 1em; margin-right: 1em;\" href=\"http:\/\/4.bp.blogspot.com\/-k0Vo3yPuLl4\/TuEG1MGc2cI\/AAAAAAAABbg\/KXu7UlUL1jM\/s1600\/S5030580.JPG\"><img loading=\"lazy\" decoding=\"async\" style=\"border: 0px;\" src=\"http:\/\/4.bp.blogspot.com\/-k0Vo3yPuLl4\/TuEG1MGc2cI\/AAAAAAAABbg\/KXu7UlUL1jM\/s400\/S5030580.JPG\" alt=\"C\u00e9sar Di\" width=\"400\" height=\"311\" border=\"0\" \/><\/a><\/div>\n<p>&nbsp;<\/p>\n<p>&nbsp;<\/p>\n<p>&nbsp;<\/p>\n<p>&#8212;&#8212;&#8212;&#8212;&#8212;&#8212;&#8212;&#8212;&#8212;&#8212;&#8212;&#8212;&#8212;&#8212;&#8212;&#8212;&#8212;&#8212;&#8212;&#8212;&#8212;&#8212;&#8212;&#8212;&#8212;&#8212;&#8212;&#8212;-<\/p>\n<h1>C\u00e9sar Di \u2013 Um grande artista brasileiro<\/h1>\n<div><b>V\u00eddeo Release 21 anos de Estrada c\/ shows, apresenta\u00e7\u00f5es Brasil afora e em R\u00e1dios e TVs. <\/b>Assista no V\u00eddeo abaixo:<\/div>\n<div class=\"flex-video\"><iframe loading=\"lazy\" src=\"https:\/\/www.youtube.com\/embed\/4wldBrOoWXA?feature=oembed\" width=\"640\" height=\"360\" frameborder=\"0\" allowfullscreen=\"allowfullscreen\" data-mce-fragment=\"1\"><\/iframe><\/div>\n<p>&nbsp;<\/p>\n","protected":false},"excerpt":{"rendered":"<p>O cantor, Compositor e Poeta mineiro C\u00e9sar Di fez uma visita surpresa aos alunos da Escola Anita Garibaldi em Pocrane\/MG. A visita aconteceu ter\u00e7a feira dia 06\/12\/2011. O m\u00fasico fez um grande show na cidade dia 04\/12 e fez quest\u00e3o de ir conhecer os alunos que trabalharam em sala de aula sobre sua obra. C\u00e9sar [&hellip;]<\/p>\n","protected":false},"author":1,"featured_media":0,"parent":461,"menu_order":2,"comment_status":"open","ping_status":"open","template":"","meta":{"footnotes":""},"class_list":["post-454","page","type-page","status-publish","hentry"],"_links":{"self":[{"href":"https:\/\/cesardi.com.br\/cantandoideias\/wp-json\/wp\/v2\/pages\/454","targetHints":{"allow":["GET"]}}],"collection":[{"href":"https:\/\/cesardi.com.br\/cantandoideias\/wp-json\/wp\/v2\/pages"}],"about":[{"href":"https:\/\/cesardi.com.br\/cantandoideias\/wp-json\/wp\/v2\/types\/page"}],"author":[{"embeddable":true,"href":"https:\/\/cesardi.com.br\/cantandoideias\/wp-json\/wp\/v2\/users\/1"}],"replies":[{"embeddable":true,"href":"https:\/\/cesardi.com.br\/cantandoideias\/wp-json\/wp\/v2\/comments?post=454"}],"version-history":[{"count":8,"href":"https:\/\/cesardi.com.br\/cantandoideias\/wp-json\/wp\/v2\/pages\/454\/revisions"}],"predecessor-version":[{"id":1092,"href":"https:\/\/cesardi.com.br\/cantandoideias\/wp-json\/wp\/v2\/pages\/454\/revisions\/1092"}],"up":[{"embeddable":true,"href":"https:\/\/cesardi.com.br\/cantandoideias\/wp-json\/wp\/v2\/pages\/461"}],"wp:attachment":[{"href":"https:\/\/cesardi.com.br\/cantandoideias\/wp-json\/wp\/v2\/media?parent=454"}],"curies":[{"name":"wp","href":"https:\/\/api.w.org\/{rel}","templated":true}]}}