{"id":458,"date":"2014-07-03T23:50:58","date_gmt":"2014-07-03T23:50:58","guid":{"rendered":"http:\/\/cesardi.com.br\/cantandoideias\/?page_id=458"},"modified":"2022-04-29T02:00:30","modified_gmt":"2022-04-29T02:00:30","slug":"escola-julia-de-castro","status":"publish","type":"page","link":"https:\/\/cesardi.com.br\/cantandoideias\/edicoes-realizadas\/escola-julia-de-castro\/","title":{"rendered":"Escola J\u00falia de Castro"},"content":{"rendered":"<p>&nbsp;<\/p>\n<p>O show do Cantor, Compositor e Poeta Mineiro C\u00e9sar Di aconteceu nesta quinta-feira dia 17 de novembro na FIT Faculdade de Itapecerica da Serra\/SP, e foi o encerramento do Projeto Cantando Id\u00e9ias, Despertando Consci\u00eancias&#8230; que o m\u00fasico vem realizando em escolas p\u00fablicas.<br \/>\nO projeto \u00e9 desenvolvido em sala de aula e j\u00e1 atingiu centenas de alunos em suas tr\u00eas edi\u00e7\u00f5es j\u00e1 realizadas.<\/p>\n<p>&nbsp;<\/p>\n<p><iframe loading=\"lazy\" title=\"#Raridade8 - Show C\u00e9sar Di - A Chapa j\u00e1 t\u00e1 quente e Reflex\u00f5es(Raridades, Fatos Hist\u00f3ricos)\" width=\"640\" height=\"360\" src=\"https:\/\/www.youtube.com\/embed\/vEY1Go0iZB0?feature=oembed\" frameborder=\"0\" allow=\"accelerometer; autoplay; clipboard-write; encrypted-media; gyroscope; picture-in-picture; web-share\" referrerpolicy=\"strict-origin-when-cross-origin\" allowfullscreen><\/iframe><\/p>\n<p>&nbsp;<\/p>\n<p><strong>C\u00e9sar Di canta Z\u00e9 Ramalho em momento do show&#8230;<\/strong><\/p>\n<p><iframe loading=\"lazy\" title=\"Entre a Serpente e a Estrela - C\u00e9sar Di\" width=\"640\" height=\"480\" src=\"https:\/\/www.youtube.com\/embed\/xaQm8CIinDQ?feature=oembed\" frameborder=\"0\" allow=\"accelerometer; autoplay; clipboard-write; encrypted-media; gyroscope; picture-in-picture; web-share\" referrerpolicy=\"strict-origin-when-cross-origin\" allowfullscreen><\/iframe><\/p>\n<p><a href=\"http:\/\/4.bp.blogspot.com\/-UhCEL81hLvk\/TsbwqnNpkYI\/AAAAAAAABH0\/rCO2q74dJGo\/s1600\/S5030167.JPG\"><img loading=\"lazy\" decoding=\"async\" class=\"aligncenter\" src=\"http:\/\/4.bp.blogspot.com\/-UhCEL81hLvk\/TsbwqnNpkYI\/AAAAAAAABH0\/rCO2q74dJGo\/s400\/S5030167.JPG\" alt=\"C\u00e9sar Di\" width=\"400\" height=\"296\" border=\"0\" \/><\/a><\/p>\n<table class=\"tr-caption-container\" style=\"margin-left: auto; margin-right: auto; text-align: center;\" cellspacing=\"0\" cellpadding=\"0\" align=\"center\">\n<tbody>\n<tr>\n<td style=\"text-align: center;\"><a style=\"margin-left: auto; margin-right: auto;\" href=\"http:\/\/4.bp.blogspot.com\/-QgsRR52GFME\/Tsbt5XDC6ZI\/AAAAAAAABHQ\/ASTmlWIW9YE\/s1600\/S5030137.JPG\"><img loading=\"lazy\" decoding=\"async\" style=\"border: 0px;\" src=\"http:\/\/4.bp.blogspot.com\/-QgsRR52GFME\/Tsbt5XDC6ZI\/AAAAAAAABHQ\/ASTmlWIW9YE\/s400\/S5030137.JPG\" alt=\"C\u00e9sar Di\" width=\"400\" height=\"236\" border=\"0\" \/><\/a><\/td>\n<\/tr>\n<tr>\n<td class=\"tr-caption\" style=\"text-align: center;\"><span style=\"font-size: x-small; text-align: start;\">O grande locutor Rocha Mattos anuncia C\u00e9sar Di no palco da Faculdade FIT<\/span><\/td>\n<\/tr>\n<\/tbody>\n<\/table>\n<p>&nbsp;<\/p>\n<table class=\"tr-caption-container\" style=\"margin-left: auto; margin-right: auto; text-align: center;\" cellspacing=\"0\" cellpadding=\"0\" align=\"center\">\n<tbody>\n<tr>\n<td style=\"text-align: center;\"><a style=\"margin-left: auto; margin-right: auto;\" href=\"http:\/\/4.bp.blogspot.com\/--Gw2sH4YNxU\/Tsbv7ybAAaI\/AAAAAAAABHc\/rTER3v6LuCY\/s1600\/S5030195.JPG\"><img loading=\"lazy\" decoding=\"async\" style=\"border: 0px;\" src=\"http:\/\/4.bp.blogspot.com\/--Gw2sH4YNxU\/Tsbv7ybAAaI\/AAAAAAAABHc\/rTER3v6LuCY\/s400\/S5030195.JPG\" alt=\"C\u00e9sar Di\" width=\"400\" height=\"306\" border=\"0\" \/><\/a><\/td>\n<\/tr>\n<tr>\n<td class=\"tr-caption\" style=\"text-align: center;\"><span style=\"font-size: x-small; text-align: start;\">O vereador Z\u00e9 Maria(Patrocinador do Projeto) de chap\u00e9u, marca presen\u00e7a no show do C\u00e9sar Di ao lado do seu acessor Jos\u00e9 Carlos<\/span><\/td>\n<\/tr>\n<\/tbody>\n<\/table>\n<div class=\"separator\" style=\"clear: both; text-align: center;\"><a style=\"margin-left: 1em; margin-right: 1em;\" href=\"http:\/\/3.bp.blogspot.com\/-73SzkQhKpbU\/TsbwHENCLqI\/AAAAAAAABHo\/O0l6JeX674M\/s1600\/S5030168.JPG\"><img loading=\"lazy\" decoding=\"async\" style=\"border: 0px;\" src=\"http:\/\/3.bp.blogspot.com\/-73SzkQhKpbU\/TsbwHENCLqI\/AAAAAAAABHo\/O0l6JeX674M\/s400\/S5030168.JPG\" alt=\"C\u00e9sar Di\" width=\"400\" height=\"295\" border=\"0\" \/><\/a><\/div>\n<div class=\"separator\" style=\"clear: both; text-align: center;\"><\/div>\n<div class=\"separator\" style=\"clear: both; text-align: center;\"><a style=\"margin-left: 1em; margin-right: 1em;\" href=\"http:\/\/4.bp.blogspot.com\/-aCFjgs1dbec\/Tsbx5FObOII\/AAAAAAAABIA\/xsLDFbn1EFU\/s1600\/P1030610.JPG\"><img loading=\"lazy\" decoding=\"async\" style=\"border: 0px;\" src=\"http:\/\/4.bp.blogspot.com\/-aCFjgs1dbec\/Tsbx5FObOII\/AAAAAAAABIA\/xsLDFbn1EFU\/s400\/P1030610.JPG\" alt=\"C\u00e9sar Di\" width=\"400\" height=\"288\" border=\"0\" \/><\/a><\/div>\n<div class=\"separator\" style=\"clear: both; text-align: center;\"><\/div>\n<div class=\"separator\" style=\"clear: both; text-align: center;\"><\/div>\n<div class=\"separator\" style=\"clear: both; text-align: center;\"><a style=\"margin-left: 1em; margin-right: 1em;\" href=\"http:\/\/1.bp.blogspot.com\/-iqYsBbMRc4U\/TsbyP9G5GzI\/AAAAAAAABIY\/VU5QNBtoU_M\/s1600\/P1030784.JPG\"><img loading=\"lazy\" decoding=\"async\" style=\"border: 0px;\" src=\"http:\/\/1.bp.blogspot.com\/-iqYsBbMRc4U\/TsbyP9G5GzI\/AAAAAAAABIY\/VU5QNBtoU_M\/s400\/P1030784.JPG\" alt=\"C\u00e9sar Di\" width=\"400\" height=\"379\" border=\"0\" \/><\/a><\/div>\n<div class=\"separator\" style=\"clear: both; text-align: center;\"><\/div>\n<div class=\"separator\" style=\"clear: both; text-align: center;\"><a style=\"margin-left: 1em; margin-right: 1em;\" href=\"http:\/\/1.bp.blogspot.com\/-uByBBo84yMY\/TsbyVTEHFhI\/AAAAAAAABIk\/T4k9Jr4LQMs\/s1600\/P1030787.JPG\"><img loading=\"lazy\" decoding=\"async\" style=\"border: 0px;\" src=\"http:\/\/1.bp.blogspot.com\/-uByBBo84yMY\/TsbyVTEHFhI\/AAAAAAAABIk\/T4k9Jr4LQMs\/s400\/P1030787.JPG\" alt=\"C\u00e9sar Di\" width=\"400\" height=\"348\" border=\"0\" \/><\/a><\/div>\n<p>&nbsp;<\/p>\n<table class=\"tr-caption-container\" style=\"margin-left: auto; margin-right: auto; text-align: center;\" cellspacing=\"0\" cellpadding=\"0\" align=\"center\">\n<tbody>\n<tr>\n<td style=\"text-align: center;\"><a style=\"margin-left: auto; margin-right: auto;\" href=\"http:\/\/4.bp.blogspot.com\/-A4KX7MFOtd0\/Tsbye2WgVgI\/AAAAAAAABIw\/q5Q5LXz-ADI\/s1600\/P1030817.JPG\"><img loading=\"lazy\" decoding=\"async\" style=\"border: 0px;\" src=\"http:\/\/4.bp.blogspot.com\/-A4KX7MFOtd0\/Tsbye2WgVgI\/AAAAAAAABIw\/q5Q5LXz-ADI\/s400\/P1030817.JPG\" alt=\"C\u00e9sar Di\" width=\"241\" height=\"400\" border=\"0\" \/><\/a><\/td>\n<\/tr>\n<tr>\n<td class=\"tr-caption\" style=\"text-align: center;\"><span style=\"font-size: x-small; text-align: start;\">C\u00e9sar Di e a Professora Elisangela<\/span><\/td>\n<\/tr>\n<\/tbody>\n<\/table>\n<div class=\"separator\" style=\"clear: both; text-align: center;\"><\/div>\n<div class=\"separator\" style=\"clear: both; text-align: center;\"><a style=\"margin-left: 1em; margin-right: 1em;\" href=\"http:\/\/2.bp.blogspot.com\/-nYylgHiEEr0\/TscAmR__4FI\/AAAAAAAABLY\/p-grc_hBuak\/s1600\/P1030851.JPG\"><img loading=\"lazy\" decoding=\"async\" style=\"border: 0px;\" src=\"http:\/\/2.bp.blogspot.com\/-nYylgHiEEr0\/TscAmR__4FI\/AAAAAAAABLY\/p-grc_hBuak\/s400\/P1030851.JPG\" alt=\"C\u00e9sar Di\" width=\"276\" height=\"400\" border=\"0\" \/><\/a><\/div>\n<div class=\"separator\" style=\"clear: both; text-align: center;\"><\/div>\n<div class=\"separator\" style=\"clear: both; text-align: center;\"><a style=\"margin-left: 1em; margin-right: 1em;\" href=\"http:\/\/2.bp.blogspot.com\/-7xHym2xwLlI\/TsbyqEPZQwI\/AAAAAAAABJI\/EDyt6kyCoT0\/s1600\/P1030835.JPG\"><img loading=\"lazy\" decoding=\"async\" style=\"border: 0px;\" src=\"http:\/\/2.bp.blogspot.com\/-7xHym2xwLlI\/TsbyqEPZQwI\/AAAAAAAABJI\/EDyt6kyCoT0\/s400\/P1030835.JPG\" alt=\"C\u00e9sar Di\" width=\"300\" height=\"400\" border=\"0\" \/><\/a><\/div>\n<div class=\"separator\" style=\"clear: both; text-align: center;\"><\/div>\n<div class=\"separator\" style=\"clear: both; text-align: center;\"><a style=\"margin-left: 1em; margin-right: 1em;\" href=\"http:\/\/2.bp.blogspot.com\/-tFmMmvD_BuU\/TsbywdZ8r5I\/AAAAAAAABJU\/r_yV2buVI1E\/s1600\/P1030839.JPG\"><img loading=\"lazy\" decoding=\"async\" style=\"border: 0px;\" src=\"http:\/\/2.bp.blogspot.com\/-tFmMmvD_BuU\/TsbywdZ8r5I\/AAAAAAAABJU\/r_yV2buVI1E\/s400\/P1030839.JPG\" alt=\"C\u00e9sar Di\" width=\"216\" height=\"400\" border=\"0\" \/><\/a><\/div>\n<div class=\"separator\" style=\"clear: both; text-align: center;\"><\/div>\n<div class=\"separator\" style=\"clear: both; text-align: center;\"><a style=\"margin-left: 1em; margin-right: 1em;\" href=\"http:\/\/1.bp.blogspot.com\/-fw0gHcbeOl0\/Tsby2TS3LyI\/AAAAAAAABJg\/dUYug8VJop0\/s1600\/P1030841.JPG\"><img loading=\"lazy\" decoding=\"async\" style=\"border: 0px;\" src=\"http:\/\/1.bp.blogspot.com\/-fw0gHcbeOl0\/Tsby2TS3LyI\/AAAAAAAABJg\/dUYug8VJop0\/s400\/P1030841.JPG\" alt=\"C\u00e9sar Di\" width=\"400\" height=\"297\" border=\"0\" \/><\/a><\/div>\n<div class=\"separator\" style=\"clear: both; text-align: center;\"><\/div>\n<div class=\"separator\" style=\"clear: both; text-align: center;\"><a style=\"margin-left: 1em; margin-right: 1em;\" href=\"http:\/\/2.bp.blogspot.com\/-RLKOst5C9wY\/Tsby9V5YrwI\/AAAAAAAABJs\/kH3PMz7TJTQ\/s1600\/P1030842.JPG\"><img loading=\"lazy\" decoding=\"async\" style=\"border: 0px;\" src=\"http:\/\/2.bp.blogspot.com\/-RLKOst5C9wY\/Tsby9V5YrwI\/AAAAAAAABJs\/kH3PMz7TJTQ\/s400\/P1030842.JPG\" alt=\"C\u00e9sar Di\" width=\"323\" height=\"400\" border=\"0\" \/><\/a><\/div>\n<div class=\"separator\" style=\"clear: both; text-align: center;\"><\/div>\n<p>&nbsp;<\/p>\n<table class=\"tr-caption-container\" style=\"margin-left: auto; margin-right: auto; text-align: center;\" cellspacing=\"0\" cellpadding=\"0\" align=\"center\">\n<tbody>\n<tr>\n<td style=\"text-align: center;\"><a style=\"margin-left: auto; margin-right: auto;\" href=\"http:\/\/1.bp.blogspot.com\/-ASd7kjhVSxA\/TsbzGRaDqGI\/AAAAAAAABJ4\/Snku6_Wj-ds\/s1600\/S5030176.JPG\"><img loading=\"lazy\" decoding=\"async\" style=\"border: 0px;\" src=\"http:\/\/1.bp.blogspot.com\/-ASd7kjhVSxA\/TsbzGRaDqGI\/AAAAAAAABJ4\/Snku6_Wj-ds\/s400\/S5030176.JPG\" alt=\"C\u00e9sar Di\" width=\"400\" height=\"246\" border=\"0\" \/><\/a><\/td>\n<\/tr>\n<tr>\n<td class=\"tr-caption\" style=\"text-align: center;\"><span style=\"font-size: x-small; text-align: start;\">Universit\u00e1rios da Faculdadde FIT<\/span><\/td>\n<\/tr>\n<\/tbody>\n<\/table>\n<p>&nbsp;<\/p>\n<table class=\"tr-caption-container\" style=\"margin-left: auto; margin-right: auto; text-align: center;\" cellspacing=\"0\" cellpadding=\"0\" align=\"center\">\n<tbody>\n<tr>\n<td style=\"text-align: center;\"><a style=\"margin-left: auto; margin-right: auto;\" href=\"http:\/\/1.bp.blogspot.com\/-fA6WZILnaeI\/TsbzPuCefnI\/AAAAAAAABKE\/ZLGAK14Dbhc\/s1600\/S5030183.JPG\"><img loading=\"lazy\" decoding=\"async\" style=\"border: 0px;\" src=\"http:\/\/1.bp.blogspot.com\/-fA6WZILnaeI\/TsbzPuCefnI\/AAAAAAAABKE\/ZLGAK14Dbhc\/s400\/S5030183.JPG\" alt=\"C\u00e9sar Di\" width=\"400\" height=\"254\" border=\"0\" \/><\/a><\/td>\n<\/tr>\n<tr>\n<td class=\"tr-caption\" style=\"text-align: center;\"><span style=\"font-size: x-small; text-align: start;\">Alunos da Escola Julia de Castro Carneiro<\/span><\/td>\n<\/tr>\n<\/tbody>\n<\/table>\n<div class=\"separator\" style=\"clear: both; text-align: center;\"><a style=\"margin-left: 1em; margin-right: 1em;\" href=\"http:\/\/1.bp.blogspot.com\/-l2PPi1d6C_s\/TsbzZbR_yyI\/AAAAAAAABKQ\/qlfQHy2UOlo\/s1600\/S5030206.JPG\"><img loading=\"lazy\" decoding=\"async\" style=\"border: 0px;\" src=\"http:\/\/1.bp.blogspot.com\/-l2PPi1d6C_s\/TsbzZbR_yyI\/AAAAAAAABKQ\/qlfQHy2UOlo\/s400\/S5030206.JPG\" alt=\"C\u00e9sar Di\" width=\"400\" height=\"288\" border=\"0\" \/><\/a><\/div>\n<div class=\"separator\" style=\"clear: both; text-align: center;\"><\/div>\n<div class=\"separator\" style=\"clear: both; text-align: center;\"><a style=\"margin-left: 1em; margin-right: 1em;\" href=\"http:\/\/4.bp.blogspot.com\/-zkcI_vAPHNI\/TsbyLQYS2rI\/AAAAAAAABIM\/BAVKeQeLsE4\/s1600\/P1030783.JPG\"><img loading=\"lazy\" decoding=\"async\" style=\"border: 0px;\" src=\"http:\/\/4.bp.blogspot.com\/-zkcI_vAPHNI\/TsbyLQYS2rI\/AAAAAAAABIM\/BAVKeQeLsE4\/s400\/P1030783.JPG\" alt=\"C\u00e9sar Di\" width=\"300\" height=\"400\" border=\"0\" \/><\/a><\/div>\n<div class=\"separator\" style=\"clear: both; text-align: center;\"><\/div>\n<p>Obrigado \u00e0 Escola J\u00falia de Castro Carneiro.<\/p>\n<p>Obrigado ao Radialista Luiz Wilson da R\u00e1dio Imprensa FM pela divulga\u00e7\u00e3o:<br \/>\n<a href=\"http:\/\/www.luizwilsonpintandoosete.com.br\/\">http:\/\/www.luizwilsonpintandoosete.com.br<\/a><\/p>\n<p>Obrigado \u00e0 banda Reggaebelde do Jornalista e Poeta Paraibano Ant\u00f4nio Carlos da Fonseca pelo show de abertura:<\/p>\n<div class=\"separator\" style=\"clear: both; text-align: center;\"><a style=\"margin-left: 1em; margin-right: 1em;\" href=\"http:\/\/4.bp.blogspot.com\/-_MJ2NISxTKY\/Tsb4KLdPMuI\/AAAAAAAABKo\/Z583gOB0Haw\/s1600\/S5030140.JPG\"><img loading=\"lazy\" decoding=\"async\" style=\"border: 0px;\" src=\"http:\/\/4.bp.blogspot.com\/-_MJ2NISxTKY\/Tsb4KLdPMuI\/AAAAAAAABKo\/Z583gOB0Haw\/s400\/S5030140.JPG\" alt=\"C\u00e9sar Di\" width=\"400\" height=\"195\" border=\"0\" \/><\/a><\/div>\n<div class=\"separator\" style=\"clear: both; text-align: center;\"><\/div>\n<p>Muito obrigado aos nossos Patrocinadores:<br \/>\n1 &#8211; Vereador Z\u00e9 Maria 11 &#8211; 97448068<br \/>\n<a href=\"http:\/\/www.zemaria.net\/\">www.zemaria.net<\/a><br \/>\n2 &#8211; J.C. Nobre Produ\u00e7\u00f5es 11 &#8211; 73103116<br \/>\n3 &#8211; Deputado Estadual Geraldo Cruz<br \/>\n<a href=\"http:\/\/www.geraldocruz.com.br\/\">www.geraldocruz.com.br<\/a><br \/>\n4 &#8211; Fit Faculdade de Itapecerica da Serra 11 &#8211; 46686767<br \/>\n<a href=\"http:\/\/www.faculdadefit.edu.br\/\">www.faculdadefit.edu.br<\/a><br \/>\n5 &#8211; Prefeitura Municipal de Itapecerica da Serra<br \/>\n6 &#8211; Afonsoom Estudio de Ensaio e Grava\u00e7\u00e3o em Interlagos\/SP<br \/>\n11 &#8211; 56694054 <a href=\"http:\/\/www.afonsoomestudio.com.br\/\">www.afonsoomestudio.com.br<\/a><\/p>\n<p>Obrigado Rede NGT de Televis\u00e3o, Programa Espa\u00e7o 48 MPB, pela Cobertura especial.<br \/>\ncanal 48 uhf em S\u00e3o Paulo com transmiss\u00e3o tamb\u00e9m para todo territ\u00f3rio nacional.<br \/>\nTransmiss\u00e3o tamb\u00e9m para todo o planeta atrav\u00e9s da internet. <a href=\"http:\/\/www.redengt.com.br\/\">www.redengt.com.br<\/a><\/p>\n<div class=\"separator\" style=\"clear: both; text-align: center;\"><\/div>\n<div class=\"separator\" style=\"clear: both; text-align: center;\"><a style=\"margin-left: 1em; margin-right: 1em;\" href=\"http:\/\/1.bp.blogspot.com\/-QHNrPuC7CZs\/Tsb4gPck_eI\/AAAAAAAABK0\/KMfPiDMTKQQ\/s1600\/S5030190.JPG\"><img loading=\"lazy\" decoding=\"async\" style=\"border: 0px;\" src=\"http:\/\/1.bp.blogspot.com\/-QHNrPuC7CZs\/Tsb4gPck_eI\/AAAAAAAABK0\/KMfPiDMTKQQ\/s400\/S5030190.JPG\" alt=\"C\u00e9sar Di\" width=\"400\" height=\"305\" border=\"0\" \/><\/a><\/div>\n<p>&nbsp;<\/p>\n<table class=\"tr-caption-container\" style=\"margin-left: auto; margin-right: auto; text-align: center;\" cellspacing=\"0\" cellpadding=\"0\" align=\"center\">\n<tbody>\n<tr>\n<td style=\"text-align: center;\"><a style=\"margin-left: auto; margin-right: auto;\" href=\"http:\/\/1.bp.blogspot.com\/-f9o6SxJEwBc\/Tsb79K1kgQI\/AAAAAAAABLM\/KPFOThM2pFg\/s1600\/P1030825.JPG\"><img loading=\"lazy\" decoding=\"async\" style=\"border: 0px;\" src=\"http:\/\/1.bp.blogspot.com\/-f9o6SxJEwBc\/Tsb79K1kgQI\/AAAAAAAABLM\/KPFOThM2pFg\/s400\/P1030825.JPG\" alt=\"C\u00e9sar Di\" width=\"300\" height=\"400\" border=\"0\" \/><\/a><\/td>\n<\/tr>\n<tr>\n<td class=\"tr-caption\" style=\"text-align: center;\"><span style=\"font-size: x-small; text-align: start;\">C\u00e9sar Di e a Professora Elisangela gravam depoimento sobre o Projeto Cantando Id\u00e9ias para TV<\/span><\/td>\n<\/tr>\n<\/tbody>\n<\/table>\n<p>&nbsp;<\/p>\n<p>&nbsp;<\/p>\n<p>&nbsp;<\/p>\n<p>&#8212;&#8212;&#8212;&#8212;&#8212;&#8212;&#8212;&#8212;&#8212;&#8212;&#8212;&#8212;&#8212;&#8212;&#8212;&#8212;&#8212;&#8212;&#8212;&#8212;&#8212;&#8212;&#8212;&#8212;&#8212;&#8212;&#8212;&#8212;-<\/p>\n<h1>C\u00e9sar Di \u2013 Um grande artista brasileiro<\/h1>\n<div><b>V\u00eddeo Release 21 anos de Estrada c\/ shows, apresenta\u00e7\u00f5es Brasil afora e em R\u00e1dios e TVs. <\/b>Assista no V\u00eddeo abaixo:<\/div>\n<div class=\"flex-video\"><iframe loading=\"lazy\" src=\"https:\/\/www.youtube.com\/embed\/4wldBrOoWXA?feature=oembed\" width=\"640\" height=\"360\" frameborder=\"0\" allowfullscreen=\"allowfullscreen\" data-mce-fragment=\"1\"><\/iframe><\/div>\n<p>&nbsp;<\/p>\n","protected":false},"excerpt":{"rendered":"<p>&nbsp; O show do Cantor, Compositor e Poeta Mineiro C\u00e9sar Di aconteceu nesta quinta-feira dia 17 de novembro na FIT Faculdade de Itapecerica da Serra\/SP, e foi o encerramento do Projeto Cantando Id\u00e9ias, Despertando Consci\u00eancias&#8230; que o m\u00fasico vem realizando em escolas p\u00fablicas. O projeto \u00e9 desenvolvido em sala de aula e j\u00e1 atingiu centenas [&hellip;]<\/p>\n","protected":false},"author":1,"featured_media":0,"parent":461,"menu_order":3,"comment_status":"open","ping_status":"open","template":"","meta":{"footnotes":""},"class_list":["post-458","page","type-page","status-publish","hentry"],"_links":{"self":[{"href":"https:\/\/cesardi.com.br\/cantandoideias\/wp-json\/wp\/v2\/pages\/458","targetHints":{"allow":["GET"]}}],"collection":[{"href":"https:\/\/cesardi.com.br\/cantandoideias\/wp-json\/wp\/v2\/pages"}],"about":[{"href":"https:\/\/cesardi.com.br\/cantandoideias\/wp-json\/wp\/v2\/types\/page"}],"author":[{"embeddable":true,"href":"https:\/\/cesardi.com.br\/cantandoideias\/wp-json\/wp\/v2\/users\/1"}],"replies":[{"embeddable":true,"href":"https:\/\/cesardi.com.br\/cantandoideias\/wp-json\/wp\/v2\/comments?post=458"}],"version-history":[{"count":9,"href":"https:\/\/cesardi.com.br\/cantandoideias\/wp-json\/wp\/v2\/pages\/458\/revisions"}],"predecessor-version":[{"id":1093,"href":"https:\/\/cesardi.com.br\/cantandoideias\/wp-json\/wp\/v2\/pages\/458\/revisions\/1093"}],"up":[{"embeddable":true,"href":"https:\/\/cesardi.com.br\/cantandoideias\/wp-json\/wp\/v2\/pages\/461"}],"wp:attachment":[{"href":"https:\/\/cesardi.com.br\/cantandoideias\/wp-json\/wp\/v2\/media?parent=458"}],"curies":[{"name":"wp","href":"https:\/\/api.w.org\/{rel}","templated":true}]}}