{"id":475,"date":"2014-07-04T01:48:47","date_gmt":"2014-07-04T01:48:47","guid":{"rendered":"http:\/\/cesardi.com.br\/cantandoideias\/?page_id=475"},"modified":"2022-04-29T02:02:30","modified_gmt":"2022-04-29T02:02:30","slug":"escola-natercia-cremm","status":"publish","type":"page","link":"https:\/\/cesardi.com.br\/cantandoideias\/edicoes-realizadas\/escola-natercia-cremm\/","title":{"rendered":"Escola Nat\u00e9rcia Cremm"},"content":{"rendered":"<div class=\"separator\" style=\"clear: both; text-align: center;\"><\/div>\n<p>O M\u00fasico mineiro C\u00e9sar Di subiu ao palco da FIT Faculdade de Itapecerica da Serra aproximadamente \u00e0s 18:45 do dia 29\/06\/2011 e n\u00e3o decepcionou os f\u00e3s que o aguardavam&#8230; Apesar dos problemas com o som, C\u00e9sar Di deu um show com seu talento e seu carisma e no final atendeu \u00e0 todos, distribuiu abra\u00e7os e aut\u00f3grafos!!! Foi um grande evento transmitido ao vivo para todo planeta atrav\u00e9s da oesTV, televis\u00e3o pela internet!!!<\/p>\n<p>Para quem duvida a\u00ed est\u00e1 a prova de que a juventude de hoje em dia n\u00e3o s\u00f3 curte Funk e Rap&#8230;<\/p>\n<p><iframe loading=\"lazy\" title=\"C\u00e9sar Di - Show na Faculdade de Itapecerica da Serra\/SP.\" width=\"640\" height=\"360\" src=\"https:\/\/www.youtube.com\/embed\/iHNK6ZtSCzk?feature=oembed\" frameborder=\"0\" allow=\"accelerometer; autoplay; clipboard-write; encrypted-media; gyroscope; picture-in-picture; web-share\" referrerpolicy=\"strict-origin-when-cross-origin\" allowfullscreen><\/iframe><\/p>\n<p>&nbsp;<\/p>\n<p>O show do m\u00fasico nesta quarta-feira dia 29 de junho, fez parte do Projeto \u201cCantando Id\u00e9ias, Despertando Consci\u00eancias&#8230;\u201d que desta vez foi desenvolvido na Escola Nat\u00e9rcia Creemm do Parque Jandaia, Bairro do Crispim em Itap. Serra\/SP, com alunos do Ensino M\u00e9dio da Professora V\u00e2nia Moura . Este \u00e9 mais um dos v\u00e1rios Projetos Culturais que C\u00e9sar Di desenvolve em v\u00e1rias cidades.<\/p>\n<p>O Projeto Cantando Id\u00e9ias, Despertando Consci\u00eancias&#8230; \u00e9 in\u00e9dito, inovador e important\u00edssimo.<\/p>\n<p>E C\u00e9sar Di faz quest\u00e3o de ressaltar a import\u00e2ncia dos seus colaboradores:<\/p>\n<p>Esta edi\u00e7\u00e3o do Projeto teve como Patrocinadores:<\/p>\n<p>1 &#8211; J.C Nobre Produ\u00e7\u00f5es<\/p>\n<p>2 &#8211; Vereador Professor Jos\u00e9 Maria de Itapecerica da Serra\/SP<\/p>\n<p>3 &#8211; Deputado Estadual Geraldo Cruz<\/p>\n<p>4 &#8211; FIT Faculdade de Itapecerica da Serra<\/p>\n<p>e contou tamb\u00e9m com o apoio da Prefeitura Municipal e da Secretaria de Cultura de Itapecerica da Serra\/SP.<\/p>\n<p>Obrigado \u00e0 todos!!!<\/p>\n<p>Obrigado \u00e0 toda Produ\u00e7\u00e3o C\u00e9sar Di: F\u00e1bio Leal, Elizabete Filgueira, Andr\u00e9 Sim\u00f5es, Prince Aiury, Patrick Pereira, Andressa Cristina, Geraldo Magela, Luana Farias e ao grande locutor Rocha Mattos.<\/p>\n<p>Obrigado Tamb\u00e9m \u00e0 toda equipe da oesTV que transmitiu ao vivo o evento!!!<\/p>\n<p style=\"text-align: center;\"><a href=\"http:\/\/1.bp.blogspot.com\/-47fTvycO5Jk\/Tg8liIHvv4I\/AAAAAAAAA0I\/Ln9XyBTuoJA\/s1600\/100_0666.JPG\"><img loading=\"lazy\" decoding=\"async\" src=\"http:\/\/1.bp.blogspot.com\/-47fTvycO5Jk\/Tg8liIHvv4I\/AAAAAAAAA0I\/Ln9XyBTuoJA\/s400\/100_0666.JPG\" alt=\"\" width=\"383\" height=\"400\" border=\"0\" \/><\/a><\/p>\n<div class=\"separator\" style=\"clear: both; text-align: center;\"><a style=\"margin-left: 1em; margin-right: 1em;\" href=\"http:\/\/1.bp.blogspot.com\/-wsQUB9dztSg\/Tg8eDcpWgzI\/AAAAAAAAAyI\/2i39UCG0OO8\/s1600\/100_0684.JPG\"><img loading=\"lazy\" decoding=\"async\" src=\"http:\/\/1.bp.blogspot.com\/-wsQUB9dztSg\/Tg8eDcpWgzI\/AAAAAAAAAyI\/2i39UCG0OO8\/s400\/100_0684.JPG\" alt=\"\" width=\"400\" height=\"300\" border=\"0\" \/><\/a><\/div>\n<div class=\"separator\" style=\"clear: both; text-align: center;\"><a style=\"margin-left: 1em; margin-right: 1em;\" href=\"http:\/\/1.bp.blogspot.com\/-dCpuBEY-Uk4\/Tg6sl249_9I\/AAAAAAAAAwo\/IaZWaSIJbNs\/s1600\/100_0678.JPG\"><img loading=\"lazy\" decoding=\"async\" src=\"http:\/\/1.bp.blogspot.com\/-dCpuBEY-Uk4\/Tg6sl249_9I\/AAAAAAAAAwo\/IaZWaSIJbNs\/s400\/100_0678.JPG\" alt=\"\" width=\"400\" height=\"300\" border=\"0\" \/><\/a><\/div>\n<div class=\"separator\" style=\"clear: both; text-align: center;\"><a style=\"margin-left: 1em; margin-right: 1em;\" href=\"http:\/\/4.bp.blogspot.com\/-f5n4pvfClB0\/Tg6uFDOLIJI\/AAAAAAAAAw4\/tXJt2MeE1b4\/s1600\/100_0686.JPG\"><img loading=\"lazy\" decoding=\"async\" src=\"http:\/\/4.bp.blogspot.com\/-f5n4pvfClB0\/Tg6uFDOLIJI\/AAAAAAAAAw4\/tXJt2MeE1b4\/s400\/100_0686.JPG\" alt=\"\" width=\"400\" height=\"300\" border=\"0\" \/><\/a><\/div>\n<div class=\"separator\" style=\"clear: both; text-align: center;\"><a style=\"margin-left: 1em; margin-right: 1em;\" href=\"http:\/\/1.bp.blogspot.com\/-yndhOb_MpKs\/Tg8kKpL1TpI\/AAAAAAAAA0A\/CZGh2LFD7GI\/s1600\/100_0696.JPG\"><img loading=\"lazy\" decoding=\"async\" src=\"http:\/\/1.bp.blogspot.com\/-yndhOb_MpKs\/Tg8kKpL1TpI\/AAAAAAAAA0A\/CZGh2LFD7GI\/s400\/100_0696.JPG\" alt=\"\" width=\"400\" height=\"275\" border=\"0\" \/><\/a><\/div>\n<p>C\u00e9sar Di entre Giane e Bia(Departamento de Cultura de Itapecerica da Serra). De um o lado Vereador Professor Jos\u00e9 Maria e do outro Geraldo Magela, Prince e o filho do Vereador Jos\u00e9 Maria.<\/p>\n<div class=\"separator\" style=\"clear: both; text-align: center;\"><a style=\"margin-left: 1em; margin-right: 1em;\" href=\"http:\/\/1.bp.blogspot.com\/-3pTS7NbnkWo\/Tg8jFdRegsI\/AAAAAAAAAz4\/sKbx4aFJjH0\/s1600\/100_0728.JPG\"><img loading=\"lazy\" decoding=\"async\" src=\"http:\/\/1.bp.blogspot.com\/-3pTS7NbnkWo\/Tg8jFdRegsI\/AAAAAAAAAz4\/sKbx4aFJjH0\/s400\/100_0728.JPG\" alt=\"\" width=\"400\" height=\"267\" border=\"0\" \/><\/a><\/div>\n<div class=\"separator\" style=\"clear: both; text-align: center;\"><a style=\"margin-left: 1em; margin-right: 1em;\" href=\"http:\/\/4.bp.blogspot.com\/-9IKdn2WTYjQ\/Tg8ikNkiNHI\/AAAAAAAAAzw\/F_UixNbS1rc\/s1600\/100_0706.JPG\"><img loading=\"lazy\" decoding=\"async\" src=\"http:\/\/4.bp.blogspot.com\/-9IKdn2WTYjQ\/Tg8ikNkiNHI\/AAAAAAAAAzw\/F_UixNbS1rc\/s400\/100_0706.JPG\" alt=\"\" width=\"400\" height=\"302\" border=\"0\" \/><\/a><\/div>\n<div class=\"separator\" style=\"clear: both; text-align: center;\"><a style=\"margin-left: 1em; margin-right: 1em;\" href=\"http:\/\/4.bp.blogspot.com\/-3kJHHCF-40Y\/Tg8iTA1urXI\/AAAAAAAAAzo\/htuVZUZpDMQ\/s1600\/100_0703.JPG\"><img loading=\"lazy\" decoding=\"async\" src=\"http:\/\/4.bp.blogspot.com\/-3kJHHCF-40Y\/Tg8iTA1urXI\/AAAAAAAAAzo\/htuVZUZpDMQ\/s400\/100_0703.JPG\" alt=\"\" width=\"400\" height=\"300\" border=\"0\" \/><\/a><\/div>\n<div class=\"separator\" style=\"clear: both; text-align: center;\"><a style=\"margin-left: 1em; margin-right: 1em;\" href=\"http:\/\/4.bp.blogspot.com\/-a0vfP2Up0jY\/Tg8iB61vIaI\/AAAAAAAAAzg\/PljFPrwe878\/s1600\/100_0713.JPG\"><img loading=\"lazy\" decoding=\"async\" src=\"http:\/\/4.bp.blogspot.com\/-a0vfP2Up0jY\/Tg8iB61vIaI\/AAAAAAAAAzg\/PljFPrwe878\/s400\/100_0713.JPG\" alt=\"\" width=\"400\" height=\"313\" border=\"0\" \/><\/a><\/div>\n<div class=\"separator\" style=\"clear: both; text-align: center;\"><a style=\"margin-left: 1em; margin-right: 1em;\" href=\"http:\/\/2.bp.blogspot.com\/-pHOoMxXcc2g\/Tg8h1ijWvmI\/AAAAAAAAAzY\/hklRZXsUNqg\/s1600\/100_0699.JPG\"><img loading=\"lazy\" decoding=\"async\" src=\"http:\/\/2.bp.blogspot.com\/-pHOoMxXcc2g\/Tg8h1ijWvmI\/AAAAAAAAAzY\/hklRZXsUNqg\/s400\/100_0699.JPG\" alt=\"\" width=\"400\" height=\"300\" border=\"0\" \/><\/a><\/div>\n<div class=\"separator\" style=\"clear: both; text-align: center;\"><a style=\"margin-left: 1em; margin-right: 1em;\" href=\"http:\/\/1.bp.blogspot.com\/-V4IJ08XtLlg\/Tg8hlBQDv6I\/AAAAAAAAAzQ\/9ncLDn9AH5M\/s1600\/100_0698.JPG\"><img loading=\"lazy\" decoding=\"async\" src=\"http:\/\/1.bp.blogspot.com\/-V4IJ08XtLlg\/Tg8hlBQDv6I\/AAAAAAAAAzQ\/9ncLDn9AH5M\/s400\/100_0698.JPG\" alt=\"\" width=\"400\" height=\"300\" border=\"0\" \/><\/a><\/div>\n<div class=\"separator\" style=\"clear: both; text-align: center;\"><a style=\"margin-left: 1em; margin-right: 1em;\" href=\"http:\/\/2.bp.blogspot.com\/-A6Vq9W2TF0I\/Tg8hLPc0ThI\/AAAAAAAAAzI\/KA_8cM66P40\/s1600\/100_0716.JPG\"><img loading=\"lazy\" decoding=\"async\" src=\"http:\/\/2.bp.blogspot.com\/-A6Vq9W2TF0I\/Tg8hLPc0ThI\/AAAAAAAAAzI\/KA_8cM66P40\/s400\/100_0716.JPG\" alt=\"\" width=\"324\" height=\"400\" border=\"0\" \/><\/a><\/div>\n<div class=\"separator\" style=\"clear: both; text-align: center;\"><a style=\"margin-left: 1em; margin-right: 1em;\" href=\"http:\/\/2.bp.blogspot.com\/-iiVmNDkwC_s\/Tg8hAhriHkI\/AAAAAAAAAzA\/MjLc7X5a8SQ\/s1600\/100_0694.JPG\"><img loading=\"lazy\" decoding=\"async\" src=\"http:\/\/2.bp.blogspot.com\/-iiVmNDkwC_s\/Tg8hAhriHkI\/AAAAAAAAAzA\/MjLc7X5a8SQ\/s400\/100_0694.JPG\" alt=\"\" width=\"400\" height=\"300\" border=\"0\" \/><\/a><\/div>\n<p>C\u00e9sar Di e Meire Quadros (l\u00edder comunit\u00e1ria e candidata \u00e0 Prefeita de Emb\u00fa Gua\u00e7u\/SP)<\/p>\n<div class=\"separator\" style=\"clear: both; text-align: center;\"><a style=\"margin-left: 1em; margin-right: 1em;\" href=\"http:\/\/3.bp.blogspot.com\/-UdsexGlFbdk\/Tg8gkZaAnhI\/AAAAAAAAAy4\/TjRg88oc6kg\/s1600\/100_0693.JPG\"><img loading=\"lazy\" decoding=\"async\" src=\"http:\/\/3.bp.blogspot.com\/-UdsexGlFbdk\/Tg8gkZaAnhI\/AAAAAAAAAy4\/TjRg88oc6kg\/s400\/100_0693.JPG\" alt=\"\" width=\"400\" height=\"300\" border=\"0\" \/><\/a><\/div>\n<div class=\"separator\" style=\"clear: both; text-align: center;\"><a style=\"margin-left: 1em; margin-right: 1em;\" href=\"http:\/\/2.bp.blogspot.com\/-UvsAUzXeHUE\/Tg8gG4xpfdI\/AAAAAAAAAyw\/XOulnZkzt7I\/s1600\/100_0692.JPG\"><img loading=\"lazy\" decoding=\"async\" src=\"http:\/\/2.bp.blogspot.com\/-UvsAUzXeHUE\/Tg8gG4xpfdI\/AAAAAAAAAyw\/XOulnZkzt7I\/s400\/100_0692.JPG\" alt=\"\" width=\"400\" height=\"276\" border=\"0\" \/><\/a><\/div>\n<div class=\"separator\" style=\"clear: both; text-align: center;\"><a style=\"margin-left: 1em; margin-right: 1em;\" href=\"http:\/\/3.bp.blogspot.com\/-GcAystwWj9g\/Tg8fuTj4gpI\/AAAAAAAAAyo\/TgxgQwwb4dg\/s1600\/100_0724.JPG\"><img loading=\"lazy\" decoding=\"async\" src=\"http:\/\/3.bp.blogspot.com\/-GcAystwWj9g\/Tg8fuTj4gpI\/AAAAAAAAAyo\/TgxgQwwb4dg\/s400\/100_0724.JPG\" alt=\"\" width=\"400\" height=\"380\" border=\"0\" \/><\/a><\/div>\n<div class=\"separator\" style=\"clear: both; text-align: center;\"><a style=\"margin-left: 1em; margin-right: 1em;\" href=\"http:\/\/4.bp.blogspot.com\/-nQk3-mBSz-8\/Tg8er6oXYqI\/AAAAAAAAAyY\/Irt2_B4HNcQ\/s1600\/100_0689.JPG\"><img loading=\"lazy\" decoding=\"async\" src=\"http:\/\/4.bp.blogspot.com\/-nQk3-mBSz-8\/Tg8er6oXYqI\/AAAAAAAAAyY\/Irt2_B4HNcQ\/s400\/100_0689.JPG\" alt=\"\" width=\"380\" height=\"400\" border=\"0\" \/><\/a><\/div>\n<div class=\"separator\" style=\"clear: both; text-align: center;\"><a style=\"margin-left: 1em; margin-right: 1em;\" href=\"http:\/\/2.bp.blogspot.com\/-DTeiIrQJwcU\/Tg8ed2fR59I\/AAAAAAAAAyQ\/DF7ScLT_qCw\/s1600\/100_0691.JPG\"><img loading=\"lazy\" decoding=\"async\" src=\"http:\/\/2.bp.blogspot.com\/-DTeiIrQJwcU\/Tg8ed2fR59I\/AAAAAAAAAyQ\/DF7ScLT_qCw\/s400\/100_0691.JPG\" alt=\"\" width=\"400\" height=\"327\" border=\"0\" \/><\/a><\/div>\n<div class=\"separator\" style=\"clear: both; text-align: center;\"><a style=\"margin-left: 1em; margin-right: 1em;\" href=\"http:\/\/3.bp.blogspot.com\/-5hi6mKAfQn8\/Tg8dn0AqkLI\/AAAAAAAAAyA\/V3jTNPtIHLM\/s1600\/100_0685.JPG\"><img loading=\"lazy\" decoding=\"async\" src=\"http:\/\/3.bp.blogspot.com\/-5hi6mKAfQn8\/Tg8dn0AqkLI\/AAAAAAAAAyA\/V3jTNPtIHLM\/s400\/100_0685.JPG\" alt=\"\" width=\"400\" height=\"300\" border=\"0\" \/><\/a><\/div>\n<div class=\"separator\" style=\"clear: both; text-align: center;\"><a style=\"margin-left: 1em; margin-right: 1em;\" href=\"http:\/\/1.bp.blogspot.com\/-9JFXgBKFQQ8\/Tg6tzDHQAhI\/AAAAAAAAAww\/oPUD30R0Afs\/s1600\/100_0682.JPG\"><img loading=\"lazy\" decoding=\"async\" src=\"http:\/\/1.bp.blogspot.com\/-9JFXgBKFQQ8\/Tg6tzDHQAhI\/AAAAAAAAAww\/oPUD30R0Afs\/s400\/100_0682.JPG\" alt=\"\" width=\"400\" height=\"300\" border=\"0\" \/><\/a><\/div>\n<div class=\"separator\" style=\"clear: both; text-align: center;\"><a style=\"margin-left: 1em; margin-right: 1em;\" href=\"http:\/\/4.bp.blogspot.com\/-irv6LpjElzg\/Tg6sOTAeU8I\/AAAAAAAAAwg\/mBkaqkAXVGk\/s1600\/100_0720.JPG\"><img loading=\"lazy\" decoding=\"async\" src=\"http:\/\/4.bp.blogspot.com\/-irv6LpjElzg\/Tg6sOTAeU8I\/AAAAAAAAAwg\/mBkaqkAXVGk\/s400\/100_0720.JPG\" alt=\"\" width=\"400\" height=\"343\" border=\"0\" \/><\/a><\/div>\n<p>C\u00e9sar Di e o Vereador Professor Jos\u00e9 Maria de Itapecerica da Serra\/SP. Apoiador do Projeto Cantando Id\u00e9ias<\/p>\n<div class=\"separator\" style=\"clear: both; text-align: center;\"><a style=\"margin-left: 1em; margin-right: 1em;\" href=\"http:\/\/2.bp.blogspot.com\/-WHJue8OZBXs\/Tg6rlA41eMI\/AAAAAAAAAwY\/EaZ71gFsXjY\/s1600\/100_0710.JPG\"><img loading=\"lazy\" decoding=\"async\" src=\"http:\/\/2.bp.blogspot.com\/-WHJue8OZBXs\/Tg6rlA41eMI\/AAAAAAAAAwY\/EaZ71gFsXjY\/s400\/100_0710.JPG\" alt=\"\" width=\"397\" height=\"400\" border=\"0\" \/><\/a><\/div>\n<div class=\"separator\" style=\"clear: both; text-align: center;\"><a style=\"margin-left: 1em; margin-right: 1em;\" href=\"http:\/\/4.bp.blogspot.com\/-U5wV1Eouoj0\/Tg8lxHq-PuI\/AAAAAAAAA0Q\/2A3fvpo40S8\/s1600\/100_0662.JPG\"><img loading=\"lazy\" decoding=\"async\" src=\"http:\/\/4.bp.blogspot.com\/-U5wV1Eouoj0\/Tg8lxHq-PuI\/AAAAAAAAA0Q\/2A3fvpo40S8\/s400\/100_0662.JPG\" alt=\"\" width=\"400\" height=\"394\" border=\"0\" \/><\/a><\/div>\n<div class=\"separator\" style=\"clear: both; text-align: center;\"><a style=\"margin-left: 1em; margin-right: 1em;\" href=\"http:\/\/2.bp.blogspot.com\/-luZBGuRIQBE\/Tg6rNYOYrwI\/AAAAAAAAAwQ\/rIDHSrBR-74\/s1600\/100_0680.JPG\"><img loading=\"lazy\" decoding=\"async\" src=\"http:\/\/2.bp.blogspot.com\/-luZBGuRIQBE\/Tg6rNYOYrwI\/AAAAAAAAAwQ\/rIDHSrBR-74\/s400\/100_0680.JPG\" alt=\"\" width=\"400\" height=\"300\" border=\"0\" \/><\/a><\/div>\n<div class=\"separator\" style=\"clear: both; text-align: center;\"><a style=\"margin-left: 1em; margin-right: 1em;\" href=\"http:\/\/4.bp.blogspot.com\/-SXZn2ckJXJc\/Tg8bEraInQI\/AAAAAAAAAxw\/Dva8sKx4CFY\/s1600\/100_0616.JPG\"><img loading=\"lazy\" decoding=\"async\" src=\"http:\/\/4.bp.blogspot.com\/-SXZn2ckJXJc\/Tg8bEraInQI\/AAAAAAAAAxw\/Dva8sKx4CFY\/s400\/100_0616.JPG\" alt=\"\" width=\"320\" height=\"400\" border=\"0\" \/><\/a><\/div>\n<div class=\"separator\" style=\"clear: both; text-align: center;\"><a style=\"margin-left: 1em; margin-right: 1em;\" href=\"http:\/\/4.bp.blogspot.com\/-GaXQwBzV0Qw\/Tg8aW-dz34I\/AAAAAAAAAxo\/wUG5ixvKLi0\/s1600\/100_0588.JPG\"><img loading=\"lazy\" decoding=\"async\" src=\"http:\/\/4.bp.blogspot.com\/-GaXQwBzV0Qw\/Tg8aW-dz34I\/AAAAAAAAAxo\/wUG5ixvKLi0\/s400\/100_0588.JPG\" alt=\"\" width=\"400\" height=\"195\" border=\"0\" \/><\/a><\/div>\n<div class=\"separator\" style=\"clear: both; text-align: center;\"><a style=\"margin-left: 1em; margin-right: 1em;\" href=\"http:\/\/1.bp.blogspot.com\/-Fe7ky1-ywsg\/Tg8ZqWBqfCI\/AAAAAAAAAxg\/bWbY5-5YiZE\/s1600\/100_0583.JPG\"><img loading=\"lazy\" decoding=\"async\" src=\"http:\/\/1.bp.blogspot.com\/-Fe7ky1-ywsg\/Tg8ZqWBqfCI\/AAAAAAAAAxg\/bWbY5-5YiZE\/s400\/100_0583.JPG\" alt=\"\" width=\"400\" height=\"275\" border=\"0\" \/><\/a><\/div>\n<div class=\"separator\" style=\"clear: both; text-align: center;\"><a style=\"margin-left: 1em; margin-right: 1em;\" href=\"http:\/\/1.bp.blogspot.com\/-wp1_nfR_FeE\/Tg8Y5xK4h5I\/AAAAAAAAAxQ\/KQexVshvgHA\/s1600\/100_0683.JPG\"><img loading=\"lazy\" decoding=\"async\" src=\"http:\/\/1.bp.blogspot.com\/-wp1_nfR_FeE\/Tg8Y5xK4h5I\/AAAAAAAAAxQ\/KQexVshvgHA\/s400\/100_0683.JPG\" alt=\"\" width=\"400\" height=\"300\" border=\"0\" \/><\/a><\/div>\n<div class=\"separator\" style=\"clear: both; text-align: center;\"><a style=\"margin-left: 1em; margin-right: 1em;\" href=\"http:\/\/4.bp.blogspot.com\/-mw6JnuE8U1c\/Tg8YopAYprI\/AAAAAAAAAxI\/sQ-HqE6ybe4\/s1600\/100_0673.JPG\"><img loading=\"lazy\" decoding=\"async\" src=\"http:\/\/4.bp.blogspot.com\/-mw6JnuE8U1c\/Tg8YopAYprI\/AAAAAAAAAxI\/sQ-HqE6ybe4\/s400\/100_0673.JPG\" alt=\"\" width=\"400\" height=\"362\" border=\"0\" \/><\/a><\/div>\n<p>C\u00e9sar Di e a Professora V\u00e2nia Moura, que trabalhou em sala de aula com os alunos da Escola Nat\u00e9rcia Creemm o Projeto Cantando Id\u00e9ias:<\/p>\n<div class=\"separator\" style=\"clear: both; text-align: center;\"><a style=\"margin-left: 1em; margin-right: 1em;\" href=\"http:\/\/1.bp.blogspot.com\/-ZWsCcQydoNw\/Tg8YXk9px4I\/AAAAAAAAAxA\/ZEcCoCLuEHg\/s1600\/100_0672.JPG\"><img loading=\"lazy\" decoding=\"async\" src=\"http:\/\/1.bp.blogspot.com\/-ZWsCcQydoNw\/Tg8YXk9px4I\/AAAAAAAAAxA\/ZEcCoCLuEHg\/s400\/100_0672.JPG\" alt=\"\" width=\"400\" height=\"300\" border=\"0\" \/><\/a><\/div>\n<div class=\"separator\" style=\"clear: both; text-align: center;\"><a style=\"margin-left: 1em; margin-right: 1em;\" href=\"http:\/\/3.bp.blogspot.com\/-Puaey5aB2Bk\/Tg6l8hQYbPI\/AAAAAAAAAv4\/WtxtEHkae_0\/s1600\/100_0677.JPG\"><img loading=\"lazy\" decoding=\"async\" src=\"http:\/\/3.bp.blogspot.com\/-Puaey5aB2Bk\/Tg6l8hQYbPI\/AAAAAAAAAv4\/WtxtEHkae_0\/s400\/100_0677.JPG\" alt=\"\" width=\"400\" height=\"300\" border=\"0\" \/><\/a><\/div>\n<div class=\"separator\" style=\"clear: both; text-align: center;\"><a style=\"margin-left: 1em; margin-right: 1em;\" href=\"http:\/\/3.bp.blogspot.com\/-XtSQpmAiTpw\/Tg6lfw0z1YI\/AAAAAAAAAvw\/vmvEYyCil2I\/s1600\/100_0599.JPG\"><img loading=\"lazy\" decoding=\"async\" src=\"http:\/\/3.bp.blogspot.com\/-XtSQpmAiTpw\/Tg6lfw0z1YI\/AAAAAAAAAvw\/vmvEYyCil2I\/s400\/100_0599.JPG\" alt=\"\" width=\"400\" height=\"268\" border=\"0\" \/><\/a><\/div>\n<div class=\"separator\" style=\"clear: both; text-align: center;\"><a style=\"margin-left: 1em; margin-right: 1em;\" href=\"http:\/\/1.bp.blogspot.com\/-Qhyr6tPUNwg\/Tg6fWc4nTXI\/AAAAAAAAAvo\/U-vnqnJwWRc\/s1600\/100_0575.JPG\"><img loading=\"lazy\" decoding=\"async\" src=\"http:\/\/1.bp.blogspot.com\/-Qhyr6tPUNwg\/Tg6fWc4nTXI\/AAAAAAAAAvo\/U-vnqnJwWRc\/s400\/100_0575.JPG\" alt=\"\" width=\"400\" height=\"242\" border=\"0\" \/><\/a><\/div>\n<div class=\"separator\" style=\"clear: both; text-align: center;\"><a style=\"margin-left: 1em; margin-right: 1em;\" href=\"http:\/\/2.bp.blogspot.com\/-UbBZmDnTv7Q\/Tg-500oNssI\/AAAAAAAAA0Y\/GiwUZE59ffk\/s1600\/100_0669.JPG\"><img loading=\"lazy\" decoding=\"async\" src=\"http:\/\/2.bp.blogspot.com\/-UbBZmDnTv7Q\/Tg-500oNssI\/AAAAAAAAA0Y\/GiwUZE59ffk\/s400\/100_0669.JPG\" alt=\"\" width=\"400\" height=\"388\" border=\"0\" \/><\/a><\/div>\n<p>&nbsp;<\/p>\n<p>&nbsp;<\/p>\n<p>&nbsp;<\/p>\n<p>&#8212;&#8212;&#8212;&#8212;&#8212;&#8212;&#8212;&#8212;&#8212;&#8212;&#8212;&#8212;&#8212;&#8212;&#8212;&#8212;&#8212;&#8212;&#8212;&#8212;&#8212;&#8212;&#8212;&#8212;&#8212;&#8212;&#8212;&#8212;-<\/p>\n<h1>C\u00e9sar Di \u2013 Um grande artista brasileiro<\/h1>\n<div><b>V\u00eddeo Release 21 anos de Estrada c\/ shows, apresenta\u00e7\u00f5es Brasil afora e em R\u00e1dios e TVs. <\/b>Assista no V\u00eddeo abaixo:<\/div>\n<div class=\"flex-video\"><iframe loading=\"lazy\" src=\"https:\/\/www.youtube.com\/embed\/4wldBrOoWXA?feature=oembed\" width=\"640\" height=\"360\" frameborder=\"0\" allowfullscreen=\"allowfullscreen\" data-mce-fragment=\"1\"><\/iframe><\/div>\n<p>&nbsp;<\/p>\n","protected":false},"excerpt":{"rendered":"<p>O M\u00fasico mineiro C\u00e9sar Di subiu ao palco da FIT Faculdade de Itapecerica da Serra aproximadamente \u00e0s 18:45 do dia 29\/06\/2011 e n\u00e3o decepcionou os f\u00e3s que o aguardavam&#8230; Apesar dos problemas com o som, C\u00e9sar Di deu um show com seu talento e seu carisma e no final atendeu \u00e0 todos, distribuiu abra\u00e7os e [&hellip;]<\/p>\n","protected":false},"author":1,"featured_media":0,"parent":461,"menu_order":4,"comment_status":"open","ping_status":"open","template":"","meta":{"footnotes":""},"class_list":["post-475","page","type-page","status-publish","hentry"],"_links":{"self":[{"href":"https:\/\/cesardi.com.br\/cantandoideias\/wp-json\/wp\/v2\/pages\/475","targetHints":{"allow":["GET"]}}],"collection":[{"href":"https:\/\/cesardi.com.br\/cantandoideias\/wp-json\/wp\/v2\/pages"}],"about":[{"href":"https:\/\/cesardi.com.br\/cantandoideias\/wp-json\/wp\/v2\/types\/page"}],"author":[{"embeddable":true,"href":"https:\/\/cesardi.com.br\/cantandoideias\/wp-json\/wp\/v2\/users\/1"}],"replies":[{"embeddable":true,"href":"https:\/\/cesardi.com.br\/cantandoideias\/wp-json\/wp\/v2\/comments?post=475"}],"version-history":[{"count":5,"href":"https:\/\/cesardi.com.br\/cantandoideias\/wp-json\/wp\/v2\/pages\/475\/revisions"}],"predecessor-version":[{"id":1094,"href":"https:\/\/cesardi.com.br\/cantandoideias\/wp-json\/wp\/v2\/pages\/475\/revisions\/1094"}],"up":[{"embeddable":true,"href":"https:\/\/cesardi.com.br\/cantandoideias\/wp-json\/wp\/v2\/pages\/461"}],"wp:attachment":[{"href":"https:\/\/cesardi.com.br\/cantandoideias\/wp-json\/wp\/v2\/media?parent=475"}],"curies":[{"name":"wp","href":"https:\/\/api.w.org\/{rel}","templated":true}]}}