{"id":480,"date":"2014-07-04T05:28:47","date_gmt":"2014-07-04T05:28:47","guid":{"rendered":"http:\/\/cesardi.com.br\/cantandoideias\/?page_id=480"},"modified":"2024-05-05T14:35:08","modified_gmt":"2024-05-05T14:35:08","slug":"escola-sonia-maria","status":"publish","type":"page","link":"https:\/\/cesardi.com.br\/cantandoideias\/edicoes-realizadas\/escola-sonia-maria\/","title":{"rendered":"Escola S\u00f4nia Maria"},"content":{"rendered":"<p>&nbsp;<\/p>\n<p><strong>\u201cM\u00fasica \u00e0 servi\u00e7o do crescimento do ser humano\u201d<\/strong><\/p>\n<p><a href=\"http:\/\/cesardi.com.br\/cantandoideias\/wp-content\/uploads\/2014\/07\/S5031734.jpg\"><img loading=\"lazy\" decoding=\"async\" class=\"wp-image-485 alignright\" src=\"http:\/\/cesardi.com.br\/cantandoideias\/wp-content\/uploads\/2014\/07\/S5031734-1024x813.jpg\" alt=\"C\u00e9sar Di\" width=\"410\" height=\"325\" \/><\/a><\/p>\n<p>O Projeto Cantando Id\u00e9ias n\u00e3o tem a finalidade exclusiva de descobrir talentos musicais, a ideia \u00e9 muito mais que isto, \u00e9 ajudar os alunos e se despertarem para a vida e mostrar-lhes que podemos tomar as r\u00e9deas dos nossos destinos e construir a partir de n\u00f3s mesmos a nossa pr\u00f3pria hist\u00f3ria, independente da nossa condi\u00e7\u00e3o social, pol\u00edtica, religiosa, racial ou geogr\u00e1fica.<\/p>\n<p>O show de encerramento do Projeto \u00e9 um espet\u00e1culo aberto \u00e0 popula\u00e7\u00e3o em geral, mas com um foco especial nos estudantes.<\/p>\n<p>*\u201cO evento foi sem d\u00favida um grande sucesso, desde a sala de aula at\u00e9 o show. Foi realmente uma experi\u00eancia interessant\u00edssima, os alunos tiveram contato com letras e poesias contagiantes, puderam conhecer de perto um grande artista e, ainda, a op\u00e7\u00e3o de fazer um passeio cultural\u201d, Professora Elizangela.<\/p>\n<p>*\u201cA galera juvenil da EE Sonia Maria vibrou o tempo todo, cantando juntos todas as letras do artista. Um dos momentos mais emocionantes foi quando C\u00e9sar Di cantou a m\u00fasica \u201cO Prisma do teu olhar\u201d, n\u00e3o teve um que ficou calado\u201d. Parte da mat\u00e9ria do Jornal \u201cSPRep\u00f3rterNews\u201d.<\/p>\n<p>\u201cAprendemos muito com esse projeto, ele estimula a gente a acreditar em n\u00f3s mesmos.\u201d Comenta o estudante Diogo.<\/p>\n<p>\u201cO legal foi a oportunidade de conhecer de perto um teatro e ver o artista ao vivo\u201d coment\u00e1rios da estudante Karina.<\/p>\n<p>\u201cAcompanho o trabalho de C\u00e9sar Di, sei de sua luta e seu potencial, foi por isso que ao ser procurado para apoiar o projeto, n\u00e3o pensei duas vezes e, espero que exemplos como este, possam ser seguidos por outros artistas\u201d. \u201cQuem ganha com isso s\u00e3o os jovens estudantes, a comunidade educacional e a cultura local\u201d, Comenta o patrocinador do projeto, professor e vereador Jos\u00e9 Maria.<\/p>\n<p>FOI UM SUCESSO ESTA EDI\u00c7\u00c3O DO PROJETO. Com o show de encerramento no Espa\u00e7o Terra Natural (Centro de Itap. Serra\/SP).<\/p>\n<p>&nbsp;<\/p>\n<p><strong>CONFIRA NO V\u00cdDEO ABAIXO:<\/strong><\/p>\n<p><iframe loading=\"lazy\" title=\"C\u00e9sar Di - Show em Itapecerica \/S\u00e3o Paulo (O Prisma do Teu Olhar)\" width=\"640\" height=\"360\" src=\"https:\/\/www.youtube.com\/embed\/Ia6Pswxh4A4?feature=oembed\" frameborder=\"0\" allow=\"accelerometer; autoplay; clipboard-write; encrypted-media; gyroscope; picture-in-picture; web-share\" referrerpolicy=\"strict-origin-when-cross-origin\" allowfullscreen><\/iframe><\/p>\n<p><a href=\"https:\/\/cesardi.com.br\/cantandoideias\/wp-content\/uploads\/2024\/05\/IMG_20220601_1640473982.jpg\"><img loading=\"lazy\" decoding=\"async\" class=\"alignnone wp-image-1135 size-full\" src=\"https:\/\/cesardi.com.br\/cantandoideias\/wp-content\/uploads\/2024\/05\/IMG_20220601_1640473982.jpg\" alt=\"\" width=\"1064\" height=\"1600\" srcset=\"https:\/\/cesardi.com.br\/cantandoideias\/wp-content\/uploads\/2024\/05\/IMG_20220601_1640473982.jpg 1064w, https:\/\/cesardi.com.br\/cantandoideias\/wp-content\/uploads\/2024\/05\/IMG_20220601_1640473982-200x300.jpg 200w, https:\/\/cesardi.com.br\/cantandoideias\/wp-content\/uploads\/2024\/05\/IMG_20220601_1640473982-681x1024.jpg 681w, https:\/\/cesardi.com.br\/cantandoideias\/wp-content\/uploads\/2024\/05\/IMG_20220601_1640473982-768x1155.jpg 768w, https:\/\/cesardi.com.br\/cantandoideias\/wp-content\/uploads\/2024\/05\/IMG_20220601_1640473982-1021x1536.jpg 1021w\" sizes=\"auto, (max-width: 1064px) 100vw, 1064px\" \/><\/a><\/p>\n<p><a href=\"http:\/\/cesardi.com.br\/cantandoideias\/wp-content\/uploads\/2013\/03\/OgAAAOW_5Tus0qIDgtIKVpX0MY05He2Kj3g-oLc4TuMkeGJucQTz7wYbaXuJKYBAdEVtg1aZUrC1uVT9fH8HRHZoLHsAm1T1UN-nx3YFw6uZKRWJz_Ot3br0yTEx.jpg\"><img loading=\"lazy\" decoding=\"async\" class=\"alignnone size-full wp-image-270\" src=\"http:\/\/cesardi.com.br\/cantandoideias\/wp-content\/uploads\/2013\/03\/OgAAAOW_5Tus0qIDgtIKVpX0MY05He2Kj3g-oLc4TuMkeGJucQTz7wYbaXuJKYBAdEVtg1aZUrC1uVT9fH8HRHZoLHsAm1T1UN-nx3YFw6uZKRWJz_Ot3br0yTEx.jpg\" alt=\"OgAAAOW_5Tus0qIDgtIKVpX0MY05He2Kj3g-oLc4TuMkeGJucQTz7wYbaXuJKYBAdEVtg1aZUrC1uVT9fH8HRHZoLHsAm1T1UN-nx3YFw6uZKRWJz_Ot3br0yTEx\" width=\"800\" height=\"363\" \/><\/a><\/p>\n<p><a href=\"http:\/\/cesardi.com.br\/cantandoideias\/wp-content\/uploads\/2013\/03\/S5031772-21.jpg\"><img loading=\"lazy\" decoding=\"async\" class=\"alignnone wp-image-212\" src=\"http:\/\/cesardi.com.br\/cantandoideias\/wp-content\/uploads\/2013\/03\/S5031772-21-1024x768.jpg\" alt=\"S5031772 (2)\" width=\"640\" height=\"480\" \/><\/a><\/p>\n<p>O CARINHO DOS ALUNOS COM C\u00c9SAR DI<\/p>\n<p><a href=\"http:\/\/cesardi.com.br\/cantandoideias\/wp-content\/uploads\/2014\/07\/S5031530.jpg\"><img loading=\"lazy\" decoding=\"async\" class=\"alignnone size-large wp-image-487\" src=\"http:\/\/cesardi.com.br\/cantandoideias\/wp-content\/uploads\/2014\/07\/S5031530-1024x786.jpg\" alt=\"S5031530\" width=\"640\" height=\"491\" \/><\/a><\/p>\n<div class=\"separator\" style=\"clear: both; text-align: center;\"><\/div>\n<p>C\u00c9SAR DI COM A PROFESSORA ELIZANGELA QUE TRABALHOU COM OS ALUNOS EM SALA DE AULA<\/p>\n<p><a href=\"http:\/\/cesardi.com.br\/cantandoideias\/wp-content\/uploads\/2014\/07\/S5031636.jpg\"><img loading=\"lazy\" decoding=\"async\" class=\"alignnone size-large wp-image-488\" src=\"http:\/\/cesardi.com.br\/cantandoideias\/wp-content\/uploads\/2014\/07\/S5031636-1024x768.jpg\" alt=\"S5031636\" width=\"640\" height=\"480\" \/><\/a><\/p>\n<p>&nbsp;<\/p>\n<p>&nbsp;<\/p>\n<p>&nbsp;<\/p>\n<p>&#8212;&#8212;&#8212;&#8212;&#8212;&#8212;&#8212;&#8212;&#8212;&#8212;&#8212;&#8212;&#8212;&#8212;&#8212;&#8212;&#8212;&#8212;&#8212;&#8212;&#8212;&#8212;&#8212;&#8212;&#8212;&#8212;&#8212;&#8212;-<\/p>\n<h1>C\u00e9sar Di \u2013 Um grande artista brasileiro<\/h1>\n<div><b>V\u00eddeo Release 21 anos de Estrada c\/ shows, apresenta\u00e7\u00f5es Brasil afora e em R\u00e1dios e TVs. <\/b>Assista no V\u00eddeo abaixo:<\/div>\n<div class=\"flex-video\"><iframe loading=\"lazy\" src=\"https:\/\/www.youtube.com\/embed\/4wldBrOoWXA?feature=oembed\" width=\"640\" height=\"360\" frameborder=\"0\" allowfullscreen=\"allowfullscreen\" data-mce-fragment=\"1\"><\/iframe><\/div>\n<p>&nbsp;<\/p>\n","protected":false},"excerpt":{"rendered":"<p>&nbsp; \u201cM\u00fasica \u00e0 servi\u00e7o do crescimento do ser humano\u201d O Projeto Cantando Id\u00e9ias n\u00e3o tem a finalidade exclusiva de descobrir talentos musicais, a ideia \u00e9 muito mais que isto, \u00e9 ajudar os alunos e se despertarem para a vida e mostrar-lhes que podemos tomar as r\u00e9deas dos nossos destinos e construir a partir de n\u00f3s [&hellip;]<\/p>\n","protected":false},"author":1,"featured_media":0,"parent":461,"menu_order":0,"comment_status":"open","ping_status":"open","template":"","meta":{"footnotes":""},"class_list":["post-480","page","type-page","status-publish","hentry"],"_links":{"self":[{"href":"https:\/\/cesardi.com.br\/cantandoideias\/wp-json\/wp\/v2\/pages\/480","targetHints":{"allow":["GET"]}}],"collection":[{"href":"https:\/\/cesardi.com.br\/cantandoideias\/wp-json\/wp\/v2\/pages"}],"about":[{"href":"https:\/\/cesardi.com.br\/cantandoideias\/wp-json\/wp\/v2\/types\/page"}],"author":[{"embeddable":true,"href":"https:\/\/cesardi.com.br\/cantandoideias\/wp-json\/wp\/v2\/users\/1"}],"replies":[{"embeddable":true,"href":"https:\/\/cesardi.com.br\/cantandoideias\/wp-json\/wp\/v2\/comments?post=480"}],"version-history":[{"count":11,"href":"https:\/\/cesardi.com.br\/cantandoideias\/wp-json\/wp\/v2\/pages\/480\/revisions"}],"predecessor-version":[{"id":1137,"href":"https:\/\/cesardi.com.br\/cantandoideias\/wp-json\/wp\/v2\/pages\/480\/revisions\/1137"}],"up":[{"embeddable":true,"href":"https:\/\/cesardi.com.br\/cantandoideias\/wp-json\/wp\/v2\/pages\/461"}],"wp:attachment":[{"href":"https:\/\/cesardi.com.br\/cantandoideias\/wp-json\/wp\/v2\/media?parent=480"}],"curies":[{"name":"wp","href":"https:\/\/api.w.org\/{rel}","templated":true}]}}