{"id":5,"date":"2013-03-18T18:35:35","date_gmt":"2013-03-18T18:35:35","guid":{"rendered":"http:\/\/cesardi.com.br\/cantandoideias\/?page_id=2"},"modified":"2022-04-29T01:46:19","modified_gmt":"2022-04-29T01:46:19","slug":"sample-page-2","status":"publish","type":"page","link":"https:\/\/cesardi.com.br\/cantandoideias\/patrocinadores\/sample-page-2\/","title":{"rendered":"Publicidade \/ Patroc\u00ednio"},"content":{"rendered":"<p>&nbsp;<\/p>\n<p>&nbsp;<\/p>\n<h1><strong>P\u00fablico Alvo <\/strong><\/h1>\n<p>Realizado nas escolas p\u00fablicas, envolve milhares de alunos diretamente(projeto dentro das salas de aula). Na divulga\u00e7\u00e3o de rua e no Show de encerramento atinge tamb\u00e9m toda a popula\u00e7\u00e3o local, incluindo principalmente as fam\u00edlias dos estudantes.<br \/>\n&#8211; Milhares de pessoas envolvidas diretamente (Propaganda localizada), inclusive com sorteios de brindes.<br \/>\n&#8211; Buscamos sempre repercuss\u00e3o na m\u00eddia (Atrav\u00e9s de nossa assessoria de imprensa).<\/p>\n<p><a href=\"http:\/\/cesardi.com.br\/meubairrotemcultura\/wp-content\/uploads\/2013\/03\/S5030649-C\u00f3pia3.jpg\"><img loading=\"lazy\" decoding=\"async\" src=\"http:\/\/cesardi.com.br\/meubairrotemcultura\/wp-content\/uploads\/2013\/03\/S5030649-C\u00f3pia3.jpg\" alt=\"S5030649 - C\u00f3pia\" width=\"1024\" height=\"363\" \/><\/a><\/p>\n<p>&nbsp;<\/p>\n<p>&nbsp;<\/p>\n<p>&nbsp;<\/p>\n<p>&nbsp;<\/p>\n<h1 style=\"text-align: left;\" align=\"center\"><strong>Marketing Planejado:\u00a0<\/strong><\/h1>\n<p style=\"text-align: left;\" align=\"center\">Para garantir a presen\u00e7a maci\u00e7a do p\u00fablico, a organiza\u00e7\u00e3o do Projeto envolve de uma forma incontest\u00e1vel\u00a0toda a popula\u00e7\u00e3o local (por causa do sorteio de brindes,\u00a0acesso gratuito ao show, por causa de nossa estrat\u00e9gia de m\u00eddia bem planejada, da\u00a0parceria com as igrejas,\u00a0associa\u00e7\u00f5es e comerciantes&#8230; e\u00a0principalmente por causa de nosso trabalho realizado dentro da escola ou escolas locais atrav\u00e9s do Projeto <a href=\"http:\/\/cesardi.com.br\/cantandoideias\/\" target=\"_blank\" rel=\"noopener\"><strong>\u00a0&#8220;Cantando ideias, Despertando Consci\u00eancias&#8230;<\/strong>&#8220;<\/a>, atingindo diretamente milhares de alunos e seus familiares), e toda a popula\u00e7\u00e3o local.<\/p>\n<p style=\"text-align: left;\"><strong>OBS:<\/strong> O evento se torna um grande acontecimento cultural de propor\u00e7\u00f5es ilimitadas. Criando assim uma fant\u00e1stica resposta participativa dos moradores, proporcionando sem d\u00favida um grande retorno para as marcas e nomes envolvidos.<\/p>\n<p>&nbsp;<\/p>\n<p>&nbsp;<\/p>\n<p>&nbsp;<\/p>\n<p>&nbsp;<\/p>\n<p>&nbsp;<\/p>\n<h1><strong>Divulgue sua empresa:<\/strong><\/h1>\n<p>A produ\u00e7\u00e3o realiza sempre um investimento contratando uma boa estrutura de m\u00eddia. Para voc\u00ea que quer investir disponibilizamos:<\/p>\n<p><strong>Inser\u00e7\u00e3o da\u00a0Marca \/ logotipo em:<\/strong><br \/>\n\u2013 Camisetas do Palestrante e dos colaboradores do Projeto, usadas durante os v\u00e1rios dias de aplica\u00e7\u00e3o das palestras nas escolas.<br \/>\n\u2013 V\u00eddeo palestra: exibido para milhares de alunos da rede p\u00fablica de ensino.<br \/>\n\u2013 Faixas colocadas em frente as escolas participantes do projeto<br \/>\n\u2013\u00a0Livro \u201cO Despertar, Voc\u00ea tem coragem de ver al\u00e9m?\u201d \u2013 (E \u2013 Book, Livro Digital). Doado a todos os alunos, professores\u2026 participantes do Projeto.<br \/>\n\u2013 1 Banner 2,80 x 4,00 (Logomarca do Projeto <strong>Cantando ideias, Despertando Consci\u00eancias&#8230;<\/strong>). Usado na sala da palestra e na exposi\u00e7\u00e3o no dia do encerramento do Projeto<br \/>\n\u2013 4 banners de 1,50 x 2,00 cada (Fotos hist\u00f3ricas e trajet\u00f3ria do C\u00e9sar Di). Usados na sala da palestra e na exposi\u00e7\u00e3o no dia do encerramento do Projeto<br \/>\n\u2013 Milhares de CDs DIGITAIS do C\u00e9sar Di doados para os participantes do Projeto. Logomarca na P\u00e1gina de baixar e na Pasta do arquivo (Net)<br \/>\n\u2013 A\u00e7\u00e3o promocional(sampling) durante as palestras, nas escolas onde o Projeto \u00e9 realizado<\/p>\n<p><strong>Inser\u00e7\u00e3o da Marca \/ logotipo em:<br \/>\n<\/strong>\u2013 1.000 Cartazes(42 x 63) em pontos estrat\u00e9gicos e em todos os com\u00e9rcios da regi\u00e3o.<br \/>\n\u2013 20.000 Flayers.<br \/>\n\u2013 Banners<br \/>\n\u2013 Outdoors<br \/>\n\u2013 Cupons para sorteio<br \/>\n\u2013 P\u00e1gina oficial (Site na Internet, redes sociais do pr\u00f3prio Projeto e tamb\u00e9m na F\u00e3 Page e no Grupo de amigos do C\u00e9sar Di com mais de 36 Mil pessoas\/F\u00e3s e seguidores).<b><strong><br \/>\n<\/strong><\/b>\u2013 V\u00eddeo de divulga\u00e7\u00e3o no youtube (com impulsionamento, m\u00eddia paga).<br \/>\n\u2013 Portal C\u00e9sar Di com mais de Dois Milh\u00f5es e Duzentas mil visualiza\u00e7\u00f5es de p\u00e1ginas.<br \/>\n\u2013 Divulga\u00e7\u00e3o atrav\u00e9s do facebook (m\u00eddia paga)<br \/>\n\u2013 Banner de Marcas \/ Backdrop(3,00 x 2,50) usado para Entrevistas e fotos (atendimento da imprensa e do p\u00fablico no local do evento)<br \/>\n\u2013 Divulga\u00e7\u00e3o atrav\u00e9s de Wattsapp<\/p>\n<p><strong>Merchandising no palco e \u00e1rea do evento: \u00a0\u00a0<\/strong><br \/>\n\u2013 logotipos nos pain\u00e9is frontais do palco e \u00e1rea do evento.<br \/>\n\u2013 Inser\u00e7\u00e3o do logotipo em credenciais da equipe de produ\u00e7\u00e3o e apoio.<br \/>\n\u2013\u00a0A\u00e7\u00e3o promocional(sampling) na \u00e1rea do evento de encerramento do Projeto(mediante acordo com a organiza\u00e7\u00e3o).<br \/>\n\u2013 Logotipo impresso em camisetas da equipe de trabalho\/apoio e volunt\u00e1rios.<b><strong>\u00a0<\/strong><\/b><\/p>\n<p><a href=\"http:\/\/cesardi.com.br\/meubairrotemcultura\/wp-content\/uploads\/2013\/03\/b71c3245977b850eaa98e24613a85ecd.jpg\"><img loading=\"lazy\" decoding=\"async\" class=\"alignnone wp-image-308\" src=\"http:\/\/cesardi.com.br\/meubairrotemcultura\/wp-content\/uploads\/2013\/03\/b71c3245977b850eaa98e24613a85ecd.jpg\" alt=\"b71c3245977b850eaa98e24613a85ecd\" width=\"289\" height=\"192\" \/><\/a><\/p>\n<p>&nbsp;<\/p>\n<p><strong>Merchandising no youtube e durante a transmiss\u00e3o online:<\/strong><br \/>\n\u2013 Inser\u00e7\u00e3o de comerciais(propaganda pelo pr\u00f3prio C\u00e9sar Di), durante a transmiss\u00e3o online do Show. Sendo que o v\u00eddeo ser\u00e1 disponibilizado no youtube (ap\u00f3s certo per\u00edodo), mantendo assim a promo\u00e7\u00e3o da marca pr\u00e1 sempre.<br \/>\n\u2013 Divulga\u00e7\u00e3o paga(google adwords)<br \/>\n\u2013 Inser\u00e7\u00e3o da Marca na p\u00e1gina de transmiss\u00e3o online do Show.<\/p>\n<p><strong>Merchandising facebook:<\/strong><br \/>\n\u2013 Inser\u00e7\u00e3o da Marca em todos os posts de divulga\u00e7\u00e3o em nossa F\u00e3 Page com impulsionamento pago.<\/p>\n<p><strong><img loading=\"lazy\" decoding=\"async\" class=\"alignnone\" src=\"http:\/\/cesardi.com.br\/meubairrotemcultura\/wp-content\/uploads\/2013\/03\/233473601-300x203.jpg\" alt=\"233473601\" width=\"296\" height=\"200\" \/><\/strong><\/p>\n<p>&nbsp;<\/p>\n<p><b><strong>Inser\u00e7\u00e3o do nome do patrocinador em: <strong><strong><br \/>\n<\/strong><\/strong>&#8211;<\/strong><\/b> Chamadas nas r\u00e1dios e jornais da regi\u00e3o<br \/>\n\u2013 Vinheta de divulga\u00e7\u00e3o veiculada em carros de som.<\/p>\n<p>&nbsp;<\/p>\n<p><strong>Cotas \u00fanicas, de exclusividade em produtos como abaixo:<br \/>\n<\/strong>\u2013 Bandanas personalizadas (logomarca nas laterais), usadas pela equipe de trabalho e doadas e sorteadas durante o evento.<br \/>\n\u2013 Camisetas personalizadas. (Doadas e sorteadas durante o evento)<br \/>\n\u2013 Bandeirolas personalizadas 35 x 50cm (Distribu\u00eddas gratuitamente no dia do evento)<br \/>\n\u2013 Viseiras personalizadas (Distribu\u00eddas gratuitamente no dia do evento)<br \/>\n\u2013 Bate Bate personalizados (Distribu\u00eddas gratuitamente no dia do evento)<br \/>\n\u2013 Faixas para cabe\u00e7a personalizadas (Distribu\u00eddas gratuitamente no dia do evento)<br \/>\n\u2013 CDs do m\u00fasico C\u00e9sar Di(Produto f\u00edsico) com logomarca da sua empresa na capa (Distribu\u00eddas gratuitamente no dia do evento ou para os alunos do Projeto Cantando Ideias)<\/p>\n<p>&nbsp;<\/p>\n<p><strong><span style=\"color: #000000;\">OBS:<\/span><\/strong> S\u00e3o comercializadas cotas de patroc\u00ednio, distribu\u00eddas por segmento de mercado n\u00e3o concorrentes. \u00a0Aos patrocinadores s\u00e3o oferecidos benef\u00edcios de acordo com o valor determinado pelas cotas.<\/p>\n<p>&nbsp;<\/p>\n<h1><\/h1>\n<p>&nbsp;<\/p>\n<p>&nbsp;<\/p>\n<h1><b><strong>Envolvimento da comunidade: <\/strong><\/b><\/h1>\n<p><b>\u2013 <\/b>Enquanto o Projeto est\u00e1 acontecendo nas escolas e gerando o poderoso marketing do boca a boca, paralelamente s\u00e3o espalhadas centenas de urnas em v\u00e1rios pontos dos bairros:<strong>\u00a0\u00a0<\/strong>&#8211; Escolas e Faculdades.<strong>\u00a0 \u00a0 \u00a0 \u00a0<\/strong>&#8211; Igrejas<strong>\u00a0 \u00a0 \u00a0 \u00a0 \u00a0\u00a0<\/strong>&#8211; Associa\u00e7\u00f5es e entidades<strong>\u00a0 \u00a0 \u00a0 \u00a0 \u00a0<\/strong>&#8211; Al\u00e9m de todo o com\u00e9rcio da regi\u00e3o.<\/p>\n<p><em id=\"__mceDel\"><em id=\"__mceDel\"><em id=\"__mceDel\"><em id=\"__mceDel\"><em id=\"__mceDel\"><em id=\"__mceDel\"><em id=\"__mceDel\"><em id=\"__mceDel\"><em id=\"__mceDel\"><em id=\"__mceDel\"><strong>OBS:<\/strong> Junto com as urnas s\u00e3o deixados tamb\u00e9m cupons para que sejam distribu\u00eddos, e depois de preenchidos sejam colocados nas urnas. Desta forma toda a popula\u00e7\u00e3o pode assistir ao show e concorrer a todos os pr\u00eamios que s\u00e3o sorteados.<\/em><\/em><\/em><\/em><\/em><\/em><\/em><\/em><\/em><\/em><\/p>\n<p>Criando assim uma m\u00e1quina poderosa de divulga\u00e7\u00e3o objetiva e bem direcionada.<\/p>\n<p><img loading=\"lazy\" decoding=\"async\" class=\"alignleft\" src=\"http:\/\/cesardi.com.br\/meubairrotemcultura\/wp-content\/uploads\/2013\/03\/show_festa_da_maca-300x150.jpg\" alt=\"show_festa_da_maca\" width=\"438\" height=\"219\" \/><\/p>\n<p>&nbsp;<\/p>\n<p>&nbsp;<\/p>\n<p>&nbsp;<\/p>\n<p>&nbsp;<\/p>\n<p>&nbsp;<\/p>\n<p>&nbsp;<\/p>\n<hr \/>\n<h1><\/h1>\n<h1><\/h1>\n<p>&nbsp;<\/p>\n<p>&nbsp;<\/p>\n<p>&nbsp;<\/p>\n<p>&nbsp;<\/p>\n<h1><\/h1>\n<h1>C\u00e9sar Di \u2013 Um grande artista brasileiro<\/h1>\n<div><b>V\u00eddeo Release 21 anos de Estrada c\/ shows, apresenta\u00e7\u00f5es Brasil afora e em R\u00e1dios e TVs. <\/b>Assista no V\u00eddeo abaixo:<\/div>\n<div class=\"flex-video\"><iframe loading=\"lazy\" src=\"https:\/\/www.youtube.com\/embed\/4wldBrOoWXA?feature=oembed\" width=\"640\" height=\"360\" frameborder=\"0\" allowfullscreen=\"allowfullscreen\" data-mce-fragment=\"1\"><\/iframe><\/div>\n<p>&nbsp;<\/p>\n<p>&nbsp;<\/p>\n","protected":false},"excerpt":{"rendered":"<p>&nbsp; &nbsp; P\u00fablico Alvo Realizado nas escolas p\u00fablicas, envolve milhares de alunos diretamente(projeto dentro das salas de aula). Na divulga\u00e7\u00e3o de rua e no Show de encerramento atinge tamb\u00e9m toda a popula\u00e7\u00e3o local, incluindo principalmente as fam\u00edlias dos estudantes. &#8211; Milhares de pessoas envolvidas diretamente (Propaganda localizada), inclusive com sorteios de brindes. &#8211; Buscamos sempre [&hellip;]<\/p>\n","protected":false},"author":1,"featured_media":0,"parent":743,"menu_order":1,"comment_status":"open","ping_status":"open","template":"","meta":{"footnotes":""},"class_list":["post-5","page","type-page","status-publish","hentry"],"_links":{"self":[{"href":"https:\/\/cesardi.com.br\/cantandoideias\/wp-json\/wp\/v2\/pages\/5","targetHints":{"allow":["GET"]}}],"collection":[{"href":"https:\/\/cesardi.com.br\/cantandoideias\/wp-json\/wp\/v2\/pages"}],"about":[{"href":"https:\/\/cesardi.com.br\/cantandoideias\/wp-json\/wp\/v2\/types\/page"}],"author":[{"embeddable":true,"href":"https:\/\/cesardi.com.br\/cantandoideias\/wp-json\/wp\/v2\/users\/1"}],"replies":[{"embeddable":true,"href":"https:\/\/cesardi.com.br\/cantandoideias\/wp-json\/wp\/v2\/comments?post=5"}],"version-history":[{"count":17,"href":"https:\/\/cesardi.com.br\/cantandoideias\/wp-json\/wp\/v2\/pages\/5\/revisions"}],"predecessor-version":[{"id":1087,"href":"https:\/\/cesardi.com.br\/cantandoideias\/wp-json\/wp\/v2\/pages\/5\/revisions\/1087"}],"up":[{"embeddable":true,"href":"https:\/\/cesardi.com.br\/cantandoideias\/wp-json\/wp\/v2\/pages\/743"}],"wp:attachment":[{"href":"https:\/\/cesardi.com.br\/cantandoideias\/wp-json\/wp\/v2\/media?parent=5"}],"curies":[{"name":"wp","href":"https:\/\/api.w.org\/{rel}","templated":true}]}}