{"id":52,"date":"2013-03-26T00:08:21","date_gmt":"2013-03-26T00:08:21","guid":{"rendered":"http:\/\/cesardi.com.br\/cantandoideias\/?page_id=52"},"modified":"2022-04-29T01:31:45","modified_gmt":"2022-04-29T01:31:45","slug":"atracoes-e-servicos","status":"publish","type":"page","link":"https:\/\/cesardi.com.br\/cantandoideias\/sobre-o-projeto\/atracoes-e-servicos\/","title":{"rendered":"Pr\u00eamios"},"content":{"rendered":"<p>&nbsp;<\/p>\n<p>&nbsp;<\/p>\n<p><b><span style=\"color: #800080;\">Primeiro \u2013<\/span> 1 CD do C\u00e9sar Di .<\/b><\/p>\n<p>CD Digital do C\u00e9sar Di para cada participante do Projeto (alunos e professores)<\/p>\n<p><a href=\"http:\/\/cesardi.com.br\/meubairrotemcultura\/wp-content\/uploads\/2013\/03\/Virada-Cultural.jpg\"><img loading=\"lazy\" decoding=\"async\" class=\"alignleft wp-image-265\" src=\"http:\/\/cesardi.com.br\/meubairrotemcultura\/wp-content\/uploads\/2013\/03\/Virada-Cultural-300x152.jpg\" alt=\"Virada Cultural\" width=\"387\" height=\"196\" \/><\/a><a href=\"http:\/\/cesardi.com.br\/cantandoideias\/wp-content\/uploads\/2013\/03\/cd.jpg\"><img loading=\"lazy\" decoding=\"async\" class=\"alignleft\" src=\"http:\/\/cesardi.com.br\/cantandoideias\/wp-content\/uploads\/2013\/03\/cd-300x277.jpg\" alt=\"C\u00e9sar Di\" width=\"212\" height=\"196\" \/><\/a><\/p>\n<p>&nbsp;<\/p>\n<p>&nbsp;<\/p>\n<p>&nbsp;<\/p>\n<p>&nbsp;<\/p>\n<p>&nbsp;<\/p>\n<p>&nbsp;<\/p>\n<p>&nbsp;<\/p>\n<p>&nbsp;<\/p>\n<p><b><span style=\"color: #800080;\">Segundo \u2013<\/span> Kits C\u00e9sar Di.<\/b><\/p>\n<p>Ser\u00e3o sorteados alguns Kits para os participantes do Projeto.<\/p>\n<p>&nbsp;<\/p>\n<p><span style=\"color: #800080;\"><strong>Terceiro &#8211; <\/strong><span style=\"color: #333333;\">100,00<\/span><\/span><\/p>\n<p>Sorteio de 100,00(cem Reais) para os participantes do Projeto.<\/p>\n<p>&nbsp;<\/p>\n<p><span style=\"color: #800080;\"><strong>Quarto \u2013<\/strong><\/span>\u00a0Livro \u201cO Despertar, Voc\u00ea tem coragem de ver al\u00e9m?\u201d &#8211; Primeira Parte: O Pr\u00edncipe Cabedalis e o Reino de Feudoc\u00e1pit (E \u2013 Book, Livro Digital). Doado a todos os alunos, professores\u2026 participantes do Projeto.<\/p>\n<p>&nbsp;<\/p>\n<p><strong><span style=\"color: #800080;\">Quinto &#8211;<\/span><\/strong> Sorteio de brindes variados durante o Projeto e no dia do show<\/p>\n<p>&nbsp;<\/p>\n<p><span style=\"color: #800080;\"><strong>Sexto \u2013<\/strong><\/span><strong> Show de encerramento com o Cantor C\u00e9sar Di.<\/strong><\/p>\n<p><iframe loading=\"lazy\" title=\"C\u00e9sar Di - Show em Itapecerica \/S\u00e3o Paulo (O Prisma do Teu Olhar)\" width=\"640\" height=\"360\" src=\"https:\/\/www.youtube.com\/embed\/Ia6Pswxh4A4?feature=oembed\" frameborder=\"0\" allow=\"accelerometer; autoplay; clipboard-write; encrypted-media; gyroscope; picture-in-picture; web-share\" referrerpolicy=\"strict-origin-when-cross-origin\" allowfullscreen><\/iframe><\/p>\n<p>&nbsp;<\/p>\n<p>&nbsp;<\/p>\n<p>&nbsp;<\/p>\n<p>&#8212;&#8212;&#8212;&#8212;&#8212;&#8212;&#8212;&#8212;&#8212;&#8212;&#8212;&#8212;&#8212;&#8212;&#8212;&#8212;&#8212;&#8212;&#8212;&#8212;&#8212;&#8212;&#8212;&#8212;&#8212;&#8212;&#8212;&#8212;-<\/p>\n<h1>C\u00e9sar Di \u2013 Um grande artista brasileiro<\/h1>\n<div><b>V\u00eddeo Release 21 anos de Estrada c\/ shows, apresenta\u00e7\u00f5es Brasil afora e em R\u00e1dios e TVs. <\/b>Assista no V\u00eddeo abaixo:<\/div>\n<div class=\"flex-video\"><iframe loading=\"lazy\" src=\"https:\/\/www.youtube.com\/embed\/4wldBrOoWXA?feature=oembed\" width=\"640\" height=\"360\" frameborder=\"0\" allowfullscreen=\"allowfullscreen\" data-mce-fragment=\"1\"><\/iframe><\/div>\n<p>&nbsp;<\/p>\n","protected":false},"excerpt":{"rendered":"<p>&nbsp; &nbsp; Primeiro \u2013 1 CD do C\u00e9sar Di . CD Digital do C\u00e9sar Di para cada participante do Projeto (alunos e professores) &nbsp; &nbsp; &nbsp; &nbsp; &nbsp; &nbsp; &nbsp; &nbsp; Segundo \u2013 Kits C\u00e9sar Di. Ser\u00e3o sorteados alguns Kits para os participantes do Projeto. &nbsp; Terceiro &#8211; 100,00 Sorteio de 100,00(cem Reais) para os [&hellip;]<\/p>\n","protected":false},"author":1,"featured_media":0,"parent":48,"menu_order":3,"comment_status":"open","ping_status":"open","template":"","meta":{"footnotes":""},"class_list":["post-52","page","type-page","status-publish","hentry"],"_links":{"self":[{"href":"https:\/\/cesardi.com.br\/cantandoideias\/wp-json\/wp\/v2\/pages\/52","targetHints":{"allow":["GET"]}}],"collection":[{"href":"https:\/\/cesardi.com.br\/cantandoideias\/wp-json\/wp\/v2\/pages"}],"about":[{"href":"https:\/\/cesardi.com.br\/cantandoideias\/wp-json\/wp\/v2\/types\/page"}],"author":[{"embeddable":true,"href":"https:\/\/cesardi.com.br\/cantandoideias\/wp-json\/wp\/v2\/users\/1"}],"replies":[{"embeddable":true,"href":"https:\/\/cesardi.com.br\/cantandoideias\/wp-json\/wp\/v2\/comments?post=52"}],"version-history":[{"count":22,"href":"https:\/\/cesardi.com.br\/cantandoideias\/wp-json\/wp\/v2\/pages\/52\/revisions"}],"predecessor-version":[{"id":1081,"href":"https:\/\/cesardi.com.br\/cantandoideias\/wp-json\/wp\/v2\/pages\/52\/revisions\/1081"}],"up":[{"embeddable":true,"href":"https:\/\/cesardi.com.br\/cantandoideias\/wp-json\/wp\/v2\/pages\/48"}],"wp:attachment":[{"href":"https:\/\/cesardi.com.br\/cantandoideias\/wp-json\/wp\/v2\/media?parent=52"}],"curies":[{"name":"wp","href":"https:\/\/api.w.org\/{rel}","templated":true}]}}