{"id":552,"date":"2017-10-17T02:24:56","date_gmt":"2017-10-17T02:24:56","guid":{"rendered":"http:\/\/www.cesardi.com.br\/cantandoideias\/?page_id=552"},"modified":"2022-04-29T12:55:28","modified_gmt":"2022-04-29T12:55:28","slug":"apresentacao-produtora","status":"publish","type":"page","link":"https:\/\/cesardi.com.br\/cantandoideias\/ime-instituto\/apresentacao-produtora\/","title":{"rendered":"Apresentac\u00e3o Produtora"},"content":{"rendered":"<h3><\/h3>\n<h3><img loading=\"lazy\" decoding=\"async\" class=\"alignnone wp-image-658\" src=\"https:\/\/cesardi.com.br\/cantandoideias\/wp-content\/uploads\/2013\/03\/400dpiLogo-2-300x181.jpg\" alt=\"\" width=\"346\" height=\"209\" srcset=\"https:\/\/cesardi.com.br\/cantandoideias\/wp-content\/uploads\/2013\/03\/400dpiLogo-2-300x181.jpg 300w, https:\/\/cesardi.com.br\/cantandoideias\/wp-content\/uploads\/2013\/03\/400dpiLogo-2-768x464.jpg 768w, https:\/\/cesardi.com.br\/cantandoideias\/wp-content\/uploads\/2013\/03\/400dpiLogo-2-1024x619.jpg 1024w\" sizes=\"auto, (max-width: 346px) 100vw, 346px\" \/><\/h3>\n<p>&nbsp;<\/p>\n<h2>Somos a Produtora Instituto Movimento Evolutivo&#8230;<\/h2>\n<p><strong>Nosso Trabalho:<\/strong><br \/>\n<a href=\"http:\/\/www.cesardi.com.br\/wp-content\/uploads\/2015\/02\/conciencia-cosmica.jpg\"><img loading=\"lazy\" decoding=\"async\" class=\"alignright wp-image-4763 \" src=\"http:\/\/www.cesardi.com.br\/wp-content\/uploads\/2015\/02\/conciencia-cosmica.jpg\" alt=\"conciencia-cosmica\" width=\"237\" height=\"241\" \/><\/a><strong>1 &#8211;<\/strong> Gerenciamos todo o trabalho do Cantor, Compositor, Escritor, Produtor, Agitador Cultural e Poeta mineiro C\u00e9sar Di(Shows, Projetos Culturais Evolutivos, Eventos, Palestras, Livros, Produtos Personalizados&#8230;)<br \/>\n<strong>2 &#8211;<\/strong> Atuamos tamb\u00e9m no Acompanhamento, direcionamento e participa\u00e7\u00e3o na produ\u00e7\u00e3o, grava\u00e7\u00e3o de CD,\u00a0arte gr\u00e1fica, c\u00f3pias,\u00a0lan\u00e7amento e inser\u00e7\u00e3o de novos artistas no mercado fonogr\u00e1fico.<br \/>\n<strong>3 &#8211;<\/strong> Realizamos\u00a0al\u00e9m de nossos shows em muitas cidades pelo Brasil, tamb\u00e9m muitos Eventos, Projetos Culturais, Projetos Sociais em comunidades e bairros perif\u00e9ricos e ainda em escolas p\u00fablicas.<br \/>\n<strong>4 &#8211;<\/strong> Prestamos consultoria e apoio para artistas que querem gravar seus trabalhos mas n\u00e3o disp\u00f5em de Capital financeiro suficiente.<\/p>\n<p>&nbsp;<\/p>\n<p><strong>Nossa Inten\u00e7\u00e3o: <\/strong><br \/>\nNossos projetos s\u00e3o sempre voltados para o Despertar e o desenvolvimento das pessoas,\u00a0levando uma mensagem de conscientiza\u00e7\u00e3o e de crescimento humano.<\/p>\n<p>&nbsp;<\/p>\n<p><strong>Nossa Miss\u00e3o:<\/strong><br \/>\nCriar as condi\u00e7\u00f5es necess\u00e1rias para a produ\u00e7\u00e3o de uma arte de boa qualidade e que possa servir para &#8220;Despertar&#8221; as pessoas.<\/p>\n<p>&nbsp;<\/p>\n<p><strong>Veja Links abaixo:<\/strong><br \/>\n<a href=\"http:\/\/www.cesardi.com.br\/consultoria-cesar-di\/consultoria\/\" target=\"_blank\" rel=\"noopener noreferrer\">&#8211; Consultoria<\/a>\u00a0(lan\u00e7amento e inser\u00e7\u00e3o de novos artistas no mercado fonogr\u00e1fico)<br \/>\n<a href=\"http:\/\/www.cesardi.com.br\/consultoria-cesar-di\/amparando-talentos\/\" target=\"_blank\" rel=\"noopener noreferrer\">&#8211; Amparando Talentos<\/a> (projeto especial de Amparo \u00e0 artistas de pouco capital financeiro)<br \/>\n<a href=\"http:\/\/www.cesardi.com.br\/consultoria-cesar-di\/meu-bairro-musical\/\" target=\"_blank\" rel=\"noopener noreferrer\">&#8211; Projeto Meu Bairro Musical<\/a> (Cursos livres de M\u00fasica \u00e0 pre\u00e7os 60 e at\u00e9 70% mais barato)<br \/>\n<a href=\"http:\/\/www.cesardi.com.br\/projetos-culturais\/\" target=\"_blank\" rel=\"noopener noreferrer\">&#8211; Projetos Culturais Evolutivos e Sociais<\/a><br \/>\n<a href=\"http:\/\/www.cesardi.com.br\/movimento-evolutivo\/participar\/\" target=\"_blank\" rel=\"noopener noreferrer\">&#8211; Movimento Evolutivo<\/a><br \/>\n<a href=\"http:\/\/www.cesardi.com.br\/projetos-online\/\" target=\"_blank\" rel=\"noopener noreferrer\">&#8211; Projetos online<\/a><br \/>\n<a href=\"http:\/\/www.cesardi.com.br\/movimento-evolutivo\/apresentacao\/\" target=\"_blank\" rel=\"noopener noreferrer\">&#8211; Instituto Movimento Evolutivo<\/a><\/p>\n<h3><\/h3>\n<p>&nbsp;<\/p>\n<h1><strong>Contato e or\u00e7amento:\u00a0<\/strong><\/h1>\n<p>E-mail: producaocesardi@gmail.com<\/p>\n<p>Fones: (11) 9 84221463 (Tim \/ Whatsapp)<\/p>\n<hr \/>\n<p>&nbsp;<\/p>\n<p>&nbsp;<\/p>\n<p>&nbsp;<\/p>\n<p>&#8212;&#8212;&#8212;&#8212;&#8212;&#8212;&#8212;&#8212;&#8212;&#8212;&#8212;&#8212;&#8212;&#8212;&#8212;&#8212;&#8212;&#8212;&#8212;&#8212;&#8212;&#8212;&#8212;&#8212;&#8212;&#8212;&#8212;&#8212;-<\/p>\n<h1>C\u00e9sar Di \u2013 Um grande artista brasileiro<\/h1>\n<div><b>V\u00eddeo Release 21 anos de Estrada c\/ shows, apresenta\u00e7\u00f5es Brasil afora e em R\u00e1dios e TVs. <\/b>Assista no V\u00eddeo abaixo:<\/div>\n<div class=\"flex-video\"><iframe loading=\"lazy\" src=\"https:\/\/www.youtube.com\/embed\/4wldBrOoWXA?feature=oembed\" width=\"640\" height=\"360\" frameborder=\"0\" allowfullscreen=\"allowfullscreen\" data-mce-fragment=\"1\"><\/iframe><\/div>\n<p>&nbsp;<\/p>\n<p><a href=\"http:\/\/www.cesardi.com.br\/cantandoideias\/ime-instituto\/apresentacao\/\"><img loading=\"lazy\" decoding=\"async\" class=\"alignright wp-image-7529\" src=\"http:\/\/cesardi.com.br\/wp-content\/uploads\/2017\/09\/400dpiLogo-2-300x227.jpg\" alt=\"\" width=\"148\" height=\"112\" \/><\/a>Procuramos desenvolver A\u00e7\u00f5es, Planos, Estudos e Projetos que de alguma forma contribuam para o aumento do conhecimento esclarecedor, para o &#8220;Despertar&#8221; e a expans\u00e3o de nossas consci\u00eancias e mem\u00f3rias c\u00f3smicas.<\/p>\n<p><a href=\"http:\/\/www.cesardi.com.br\/cantandoideias\/ime-instituto\/apresentacao\/\" target=\"_blank\" rel=\"noopener noreferrer\"><strong>Saiba + <\/strong><\/a> sobre o nosso trabalho.<\/p>\n","protected":false},"excerpt":{"rendered":"<p>&nbsp; Somos a Produtora Instituto Movimento Evolutivo&#8230; Nosso Trabalho: 1 &#8211; Gerenciamos todo o trabalho do Cantor, Compositor, Escritor, Produtor, Agitador Cultural e Poeta mineiro C\u00e9sar Di(Shows, Projetos Culturais Evolutivos, Eventos, Palestras, Livros, Produtos Personalizados&#8230;) 2 &#8211; Atuamos tamb\u00e9m no Acompanhamento, direcionamento e participa\u00e7\u00e3o na produ\u00e7\u00e3o, grava\u00e7\u00e3o de CD,\u00a0arte gr\u00e1fica, c\u00f3pias,\u00a0lan\u00e7amento e inser\u00e7\u00e3o de novos [&hellip;]<\/p>\n","protected":false},"author":1,"featured_media":0,"parent":383,"menu_order":5,"comment_status":"closed","ping_status":"closed","template":"","meta":{"footnotes":""},"class_list":["post-552","page","type-page","status-publish","hentry"],"_links":{"self":[{"href":"https:\/\/cesardi.com.br\/cantandoideias\/wp-json\/wp\/v2\/pages\/552","targetHints":{"allow":["GET"]}}],"collection":[{"href":"https:\/\/cesardi.com.br\/cantandoideias\/wp-json\/wp\/v2\/pages"}],"about":[{"href":"https:\/\/cesardi.com.br\/cantandoideias\/wp-json\/wp\/v2\/types\/page"}],"author":[{"embeddable":true,"href":"https:\/\/cesardi.com.br\/cantandoideias\/wp-json\/wp\/v2\/users\/1"}],"replies":[{"embeddable":true,"href":"https:\/\/cesardi.com.br\/cantandoideias\/wp-json\/wp\/v2\/comments?post=552"}],"version-history":[{"count":10,"href":"https:\/\/cesardi.com.br\/cantandoideias\/wp-json\/wp\/v2\/pages\/552\/revisions"}],"predecessor-version":[{"id":1111,"href":"https:\/\/cesardi.com.br\/cantandoideias\/wp-json\/wp\/v2\/pages\/552\/revisions\/1111"}],"up":[{"embeddable":true,"href":"https:\/\/cesardi.com.br\/cantandoideias\/wp-json\/wp\/v2\/pages\/383"}],"wp:attachment":[{"href":"https:\/\/cesardi.com.br\/cantandoideias\/wp-json\/wp\/v2\/media?parent=552"}],"curies":[{"name":"wp","href":"https:\/\/api.w.org\/{rel}","templated":true}]}}