{"id":80,"date":"2013-03-26T01:09:27","date_gmt":"2013-03-26T01:09:27","guid":{"rendered":"http:\/\/cesardi.com.br\/cantandoideias\/?page_id=80"},"modified":"2022-04-29T12:51:56","modified_gmt":"2022-04-29T12:51:56","slug":"lojinha","status":"publish","type":"page","link":"https:\/\/cesardi.com.br\/cantandoideias\/ime-instituto\/lojinha\/","title":{"rendered":"Loja"},"content":{"rendered":"<h4><\/h4>\n<p>&nbsp;<\/p>\n<h4><strong>Ou\u00e7a as m\u00fasicas, adquira nossos produtos e Fortale\u00e7a o <a href=\"http:\/\/www.cesardi.com.br\/cantandoideias\/ime-instituto\/movimento-evolutivo\/\" target=\"_blank\" rel=\"noopener noreferrer\">Movimento Evolutivo<\/a>:<\/strong><\/h4>\n<p>&nbsp;<\/p>\n<h4><\/h4>\n<p>&nbsp;<\/p>\n<h2><strong>CDs C\u00e9sar Di\u00a0<\/strong><\/h2>\n<p>O Despertar (2014)\u00a0 \u00a0 \u00a0 \u00a0 \u00a0Ebuli\u00e7\u00e3o (2007)\u00a0 \u00a0 \u00a0 \u00a0 \u00a0 O Enigma(2002)\u00a0 \u00a0 \u00a0 \u00a0 \u00a0 \u00a0Parceria(2001)<br \/>\n<a href=\"http:\/\/www.cesardi.com.br\/lojinha\/cd-o-despertar\/\" target=\"_blank\" rel=\"noopener noreferrer\">+ Informa\u00e7\u00f5es<\/a>\u00a0 \u00a0 \u00a0 \u00a0 \u00a0 \u00a0 \u00a0 \u00a0\u00a0<b>\u00a0<\/b><a href=\"http:\/\/www.cesardi.com.br\/lojinha\/cd-ebulicao-de-ideias\/\" target=\"_blank\" rel=\"noopener noreferrer\">+ Informa\u00e7\u00f5es<\/a>\u00a0 \u00a0 \u00a0 \u00a0 \u00a0 \u00a0 \u00a0\u00a0<a href=\"http:\/\/www.cesardi.com.br\/lojinha\/cd-o-enigma\/\" target=\"_blank\" rel=\"noopener noreferrer\">+ Informa\u00e7\u00f5es<\/a>\u00a0 \u00a0 \u00a0 \u00a0 \u00a0 \u00a0 \u00a0<a href=\"http:\/\/www.cesardi.com.br\/lojinha\/cd-parceria\/\" target=\"_blank\" rel=\"noopener noreferrer\">+ Informa\u00e7\u00f5es<\/a><\/p>\n<p><a href=\"http:\/\/www.cesardi.com.br\/lojinha\/cd-o-despertar\/\" target=\"_blank\" rel=\"noopener noreferrer\"><img loading=\"lazy\" decoding=\"async\" class=\"alignleft\" src=\"http:\/\/www.cesardi.com.br\/wp-content\/uploads\/2014\/06\/cp02.jpg\" alt=\"C\u00e9sar Di - O Despertar\" width=\"137\" height=\"137\" \/><\/a><\/p>\n<p><a href=\"http:\/\/www.cesardi.com.br\/lojinha\/cd-ebulicao-de-ideias\/\" target=\"_blank\" rel=\"noopener noreferrer\"><img loading=\"lazy\" decoding=\"async\" class=\"alignleft\" title=\"Capa do CD: Ebuli\u00e7\u00e3o de Ideias do C\u00e9sar Di\" src=\"http:\/\/1.bp.blogspot.com\/-0FPTNchV-io\/TozzwB7OmLI\/AAAAAAAAA_o\/IHrtUG-YvlA\/s400\/CAPA_C%257E1.JPG\" alt=\"C\u00e9sar Di\" width=\"136\" height=\"136\" border=\"0\" \/><\/a><\/p>\n<p><strong><a href=\"http:\/\/www.cesardi.com.br\/lojinha\/cd-o-enigma\/\" target=\"_blank\" rel=\"noopener noreferrer\"><img loading=\"lazy\" decoding=\"async\" class=\" wp-image-3409 alignleft\" src=\"http:\/\/www.cesardi.com.br\/wp-content\/uploads\/2013\/03\/Caser-1.jpg\" alt=\"C\u00e9sar Di\" width=\"132\" height=\"133\" \/><\/a><\/strong><\/p>\n<p><a href=\"http:\/\/www.cesardi.com.br\/lojinha\/cd-parceria\/\" target=\"_blank\" rel=\"noopener noreferrer\"><img loading=\"lazy\" decoding=\"async\" class=\"wp-image-3429 alignnone\" src=\"http:\/\/www.cesardi.com.br\/wp-content\/uploads\/2013\/03\/Cesar-e-Nininho.jpg\" alt=\"C\u00e9sar Di - Nininho de Uau\u00e1\" width=\"142\" height=\"142\" \/><\/a><\/p>\n<p>&nbsp;<\/p>\n<p><strong><a href=\"http:\/\/www.cesardi.com.br\/site-oficial\/discografia\/\" target=\"_blank\" rel=\"noopener noreferrer\">Ouvir M\u00fasicas, clique aqui.<\/a><\/strong><\/p>\n<p>&nbsp;<\/p>\n<p>******************************************************************************************************************<\/p>\n<p>&nbsp;<\/p>\n<h2><strong>DVD e Camisetas<\/strong><\/h2>\n<p>S\u00e3o Paulo de Uau\u00e1 \u00a0 \u00a0 \u00a0 \u00a0 Roupas<br \/>\n<strong><a href=\"http:\/\/www.cesardi.com.br\/lojinha\/dvd-filme\/\" target=\"_blank\" rel=\"noopener noreferrer\">DVD &#8211; Filme<\/a>\u00a0 \u00a0 \u00a0 \u00a0 \u00a0 \u00a0 \u00a0 \u00a0 \u00a0 \u00a0\u00a0<a href=\"http:\/\/www.cesardi.com.br\/lojinha\/camisetas\/\" target=\"_blank\" rel=\"noopener noreferrer\">Camisetas<\/a><\/strong><br \/>\nM\u00fasica de C\u00e9sar Di \u00a0 \u00a0 \u00a0 <a href=\"http:\/\/www.cesardi.com.br\/lojinha\/camisetas\/\" target=\"_blank\" rel=\"noopener noreferrer\">+ Informa\u00e7\u00f5es<\/a><br \/>\nna trilha sonora \u00a0 \u00a0 \u00a0 \u00a0 \u00a0 \u00a0 \u00a0 Fem. \/ Masc.<br \/>\n<a href=\"http:\/\/www.cesardi.com.br\/lojinha\/dvd-filme\/\" target=\"_blank\" rel=\"noopener noreferrer\"><img loading=\"lazy\" decoding=\"async\" class=\"wp-image-3510 alignleft\" src=\"http:\/\/www.cesardi.com.br\/wp-content\/uploads\/2013\/03\/capa-dvd-s\u00e3o-paulo-de-Uau\u00e1-2.bmp\" alt=\"C\u00e9sar Di - capa dvd s\u00e3o paulo de Uau\u00e1 \" width=\"126\" height=\"177\" \/><\/a><a href=\"http:\/\/www.cesardi.com.br\/lojinha\/camisetas\/\" target=\"_blank\" rel=\"noopener noreferrer\"><img loading=\"lazy\" decoding=\"async\" class=\"alignnone\" src=\"http:\/\/1.bp.blogspot.com\/-Ke93xvE5A8s\/Toz0RDxWJMI\/AAAAAAAAA_4\/pEOBt6Daxzk\/s400\/S5031516.JPG\" alt=\"C\u00e9sar Di\" width=\"133\" height=\"177\" border=\"0\" \/><\/a><\/p>\n<p>&nbsp;<\/p>\n<p>&nbsp;<\/p>\n<p>******************************************************************************************************************<\/p>\n<p>&nbsp;<\/p>\n<h2>Livro<\/h2>\n<p>O Despertar, uma experi\u00eancia Extra Dimensional&#8230; da Psic\u00f3loga e espiritualista M\u00e1rcia Ramos.<br \/>\n<a href=\"http:\/\/www.cesardi.com.br\/marcia-ramos-psicologa-e-escritora\/\" target=\"_blank\" rel=\"noopener noreferrer\"><strong>+Informa\u00e7\u00f5es<\/strong><\/a><\/p>\n<p><img loading=\"lazy\" decoding=\"async\" class=\"alignleft\" src=\"http:\/\/cesardi.com.br\/wp-content\/uploads\/2017\/09\/Imagem-02.jpg\" alt=\"\" width=\"198\" height=\"198\" \/><strong>O Despertar\u00a0<\/strong>foi publicado em dezembro de 2014 e \u00e9 um livro voltado para o autoconhecimento e espiritualidade. T\u00eam como prop\u00f3sito geral auxiliar as pessoas no processo do Despertar da Consci\u00eancia, bem como, ser mais uma ferramenta que ajude o leitor (em suas d\u00favidas, anseios e medos) neste momento de transi\u00e7\u00e3o planet\u00e1ria em que a humanidade est\u00e1 inserida.\u00a0 <strong><a href=\"http:\/\/www.cesardi.com.br\/marcia-ramos-psicologa-e-escritora\/\" target=\"_blank\" rel=\"noopener noreferrer\">+ Informa\u00e7\u00f5es sobre este Produto<\/a><\/strong><\/p>\n<p>&nbsp;<\/p>\n<p>&nbsp;<\/p>\n<form action=\"https:\/\/pagseguro.uol.com.br\/checkout\/v2\/cart.html?action=add\" method=\"post\" target=\"pagseguro\">&nbsp;<\/p>\n<p>******************************************************************************************************************<\/p>\n<\/form>\n<h3><\/h3>\n<h2>Shows com C\u00e9sar Di<\/h2>\n<p><a href=\"http:\/\/www.cesardi.com.br\/recado\/contratantes-2\/\" target=\"_blank\" rel=\"noopener noreferrer\"><img loading=\"lazy\" decoding=\"async\" class=\"alignleft wp-image-5018\" src=\"http:\/\/cesardi.com.br\/wp-content\/uploads\/2015\/08\/IMG_20150821_183211174-300x168.jpg\" alt=\"IMG_20150821_183211174\" width=\"316\" height=\"177\" \/><\/a>&#8211; Sucesso garantido em seu evento:<\/p>\n<p><strong>C\u00e9sar vem percorrendo v\u00e1rias cidades pelo Brasil<\/strong>\u00a0com seus shows que atendem \u00e0 expectativa tanto de grandes plateias quanto de pequenas. \u00c9 algo Novo no mercado fonogr\u00e1fico, diferente e que chama muito a aten\u00e7\u00e3o, de um conte\u00fado muito edificante, de muito bom gosto e ao mesmo tempo extremamente popular, agrad\u00e1vel, cativante\u2026 que consegue envolver e prender surpreendentemente a aten\u00e7\u00e3o do p\u00fablico.<br \/>\nPor onde tem passado, o m\u00fasico vem conquistando pessoas de todas as idades e de todas as classes sociais com seu carisma, seus versos fortes e sua voz firme de um timbre muito especial.<\/p>\n<p><a href=\"http:\/\/www.cesardi.com.br\/recado\/contratantes-2\/\" target=\"_blank\" rel=\"noopener noreferrer\">\u00a0<strong>+ informa\u00e7\u00f5es sobre este produto<\/strong><\/a><\/p>\n<p>&nbsp;<\/p>\n<p>******************************************************************************************************************<\/p>\n<p>&nbsp;<\/p>\n<h2>Patroc\u00ednio para voc\u00ea gravar seu trabalho<\/h2>\n<p><a href=\"http:\/\/www.cesardi.com.br\/lojinha\/amparando-talentos\/\" target=\"_blank\" rel=\"noopener noreferrer\"><img loading=\"lazy\" decoding=\"async\" class=\"alignleft wp-image-6205 size-medium\" src=\"http:\/\/cesardi.com.br\/wp-content\/uploads\/2013\/03\/evento-300x185.jpg\" alt=\"evento\" width=\"300\" height=\"185\" \/><\/a>Atrav\u00e9s deste Projeto: <strong>\u201cAmparando Talentos\u201d<\/strong> A Produtora C\u00e9sar Di Produ\u00e7\u00f5es presta uma contribui\u00e7\u00e3o inestim\u00e1vel para artistas que querem gravar seus trabalhos mas n\u00e3o disp\u00f5em de Capital financeiro suficiente.<\/p>\n<p><strong>N\u00f3s Criamos toda uma coordena\u00e7\u00e3o, Gravamos seu CD, produzimos a parte gr\u00e1fica, c\u00f3pias, ajudamos na Capta\u00e7\u00e3o do Patroc\u00ednio, realizamos o lan\u00e7amento e a inser\u00e7\u00e3o no mercado (todo o projeto \u00e9 pago por patrocinadores).<\/strong><br \/>\n\u2013 Incluindo ainda o acompanhamento, direcionamento e participa\u00e7\u00e3o na pr\u00e9 produ\u00e7\u00e3o, escolha de repert\u00f3rio, escolha de m\u00fasicos, est\u00fadios de grava\u00e7\u00e3o, produ\u00e7\u00e3o musical.<\/p>\n<p><a href=\"http:\/\/www.cesardi.com.br\/lojinha\/amparando-talentos\/\" target=\"_blank\" rel=\"noopener noreferrer\">\u00a0<strong>+ informa\u00e7\u00f5es sobre este produto<\/strong><\/a><br \/>\n&nbsp;<\/p>\n<p>&nbsp;<\/p>\n<h1><strong>Contatos:\u00a0<\/strong><\/h1>\n<p>E-mail: producaocesardi@gmail.com<\/p>\n<p>Fones: (11) 9 84221463 (Tim \/ Whatsapp)<\/p>\n<hr \/>\n<p>&nbsp;<\/p>\n<p>&nbsp;<\/p>\n<p>&nbsp;<\/p>\n<p>&#8212;&#8212;&#8212;&#8212;&#8212;&#8212;&#8212;&#8212;&#8212;&#8212;&#8212;&#8212;&#8212;&#8212;&#8212;&#8212;&#8212;&#8212;&#8212;&#8212;&#8212;&#8212;&#8212;&#8212;&#8212;&#8212;&#8212;&#8212;-<\/p>\n<h1>C\u00e9sar Di \u2013 Um grande artista brasileiro<\/h1>\n<div><b>V\u00eddeo Release 21 anos de Estrada c\/ shows, apresenta\u00e7\u00f5es Brasil afora e em R\u00e1dios e TVs. <\/b>Assista no V\u00eddeo abaixo:<\/div>\n<div class=\"flex-video\"><iframe loading=\"lazy\" src=\"https:\/\/www.youtube.com\/embed\/4wldBrOoWXA?feature=oembed\" width=\"640\" height=\"360\" frameborder=\"0\" allowfullscreen=\"allowfullscreen\" data-mce-fragment=\"1\"><\/iframe><\/div>\n<p>&nbsp;<\/p>\n<p><a href=\"http:\/\/www.cesardi.com.br\/cantandoideias\/ime-instituto\/apresentacao\/\"><img loading=\"lazy\" decoding=\"async\" class=\"alignright wp-image-7529\" src=\"http:\/\/cesardi.com.br\/wp-content\/uploads\/2017\/09\/400dpiLogo-2-300x227.jpg\" alt=\"\" width=\"148\" height=\"112\" \/><\/a>Procuramos desenvolver A\u00e7\u00f5es, Planos, Estudos e Projetos que de alguma forma contribuam para o aumento do conhecimento esclarecedor, para o &#8220;Despertar&#8221; e a expans\u00e3o de nossas consci\u00eancias e mem\u00f3rias c\u00f3smicas.<\/p>\n<p><a href=\"http:\/\/www.cesardi.com.br\/cantandoideias\/ime-instituto\/apresentacao\/\" target=\"_blank\" rel=\"noopener noreferrer\"><strong>Saiba + <\/strong><\/a> sobre o nosso trabalho.<\/p>\n","protected":false},"excerpt":{"rendered":"<p>&nbsp; Ou\u00e7a as m\u00fasicas, adquira nossos produtos e Fortale\u00e7a o Movimento Evolutivo: &nbsp; &nbsp; CDs C\u00e9sar Di\u00a0 O Despertar (2014)\u00a0 \u00a0 \u00a0 \u00a0 \u00a0Ebuli\u00e7\u00e3o (2007)\u00a0 \u00a0 \u00a0 \u00a0 \u00a0 O Enigma(2002)\u00a0 \u00a0 \u00a0 \u00a0 \u00a0 \u00a0Parceria(2001) + Informa\u00e7\u00f5es\u00a0 \u00a0 \u00a0 \u00a0 \u00a0 \u00a0 \u00a0 \u00a0\u00a0\u00a0+ Informa\u00e7\u00f5es\u00a0 \u00a0 \u00a0 \u00a0 \u00a0 \u00a0 \u00a0\u00a0+ Informa\u00e7\u00f5es\u00a0 \u00a0 \u00a0 [&hellip;]<\/p>\n","protected":false},"author":1,"featured_media":0,"parent":383,"menu_order":6,"comment_status":"open","ping_status":"open","template":"","meta":{"footnotes":""},"class_list":["post-80","page","type-page","status-publish","hentry"],"_links":{"self":[{"href":"https:\/\/cesardi.com.br\/cantandoideias\/wp-json\/wp\/v2\/pages\/80","targetHints":{"allow":["GET"]}}],"collection":[{"href":"https:\/\/cesardi.com.br\/cantandoideias\/wp-json\/wp\/v2\/pages"}],"about":[{"href":"https:\/\/cesardi.com.br\/cantandoideias\/wp-json\/wp\/v2\/types\/page"}],"author":[{"embeddable":true,"href":"https:\/\/cesardi.com.br\/cantandoideias\/wp-json\/wp\/v2\/users\/1"}],"replies":[{"embeddable":true,"href":"https:\/\/cesardi.com.br\/cantandoideias\/wp-json\/wp\/v2\/comments?post=80"}],"version-history":[{"count":13,"href":"https:\/\/cesardi.com.br\/cantandoideias\/wp-json\/wp\/v2\/pages\/80\/revisions"}],"predecessor-version":[{"id":1108,"href":"https:\/\/cesardi.com.br\/cantandoideias\/wp-json\/wp\/v2\/pages\/80\/revisions\/1108"}],"up":[{"embeddable":true,"href":"https:\/\/cesardi.com.br\/cantandoideias\/wp-json\/wp\/v2\/pages\/383"}],"wp:attachment":[{"href":"https:\/\/cesardi.com.br\/cantandoideias\/wp-json\/wp\/v2\/media?parent=80"}],"curies":[{"name":"wp","href":"https:\/\/api.w.org\/{rel}","templated":true}]}}