{"id":946,"date":"2018-03-08T18:40:08","date_gmt":"2018-03-08T18:40:08","guid":{"rendered":"http:\/\/www.cesardi.com.br\/cantandoideias\/?page_id=946"},"modified":"2022-04-29T12:49:20","modified_gmt":"2022-04-29T12:49:20","slug":"irmaos-amparadores","status":"publish","type":"page","link":"https:\/\/cesardi.com.br\/cantandoideias\/ime-instituto\/irmaos-amparadores\/","title":{"rendered":"Irm\u00e3os Amparadores"},"content":{"rendered":"<p>&nbsp;<\/p>\n<p><a href=\"http:\/\/www.cesardi.com.br\/movimento-evolutivo\/apresentacao\/\"><img loading=\"lazy\" decoding=\"async\" class=\"alignleft wp-image-7529\" src=\"http:\/\/cesardi.com.br\/wp-content\/uploads\/2017\/09\/400dpiLogo-2-300x227.jpg\" alt=\"\" width=\"162\" height=\"123\" \/><\/a>\u00a0Agradecemos profundamente \u00e0 estas consci\u00eancias que de forma volunt\u00e1ria e por amor, se uniram \u00e0 n\u00f3s se tornando como imprescind\u00edveis &#8220;Irm\u00e3os Amparadores&#8221;.\u00a0S\u00e3o como b\u00e1lsamos e tesouros valiosos que se dedicam \u00e0 nossa causa e fazem parte de nossa fam\u00edlia C\u00f3smica, nos apoiando incondicionalmente.<\/p>\n<p>Obrigado sempre&#8230;<\/p>\n<h1><\/h1>\n<p>&nbsp;<\/p>\n<p>&nbsp;<\/p>\n<h1><\/h1>\n<h1>Geraldo Magela Florencio<\/h1>\n<p><img loading=\"lazy\" decoding=\"async\" class=\"alignright wp-image-8404 \" src=\"http:\/\/cesardi.com.br\/wp-content\/uploads\/2018\/02\/17629596_180457765804442_2330798439358737225_n-300x225.jpg\" alt=\"\" width=\"249\" height=\"187\" \/>Geraldo Magela \u00e9 apoiador e irm\u00e3o Amparador do Instituto Movimento Evolutivo. Um cidad\u00e3o que acredita no melhor da vida e vem trabalhando para se tornar um Ser humano melhor \u00e0 cada dia.<\/p>\n<p>Amigo de inf\u00e2ncia e primo, \u00e9 um dos primeiros incentivadores do trabalho do C\u00e9sar Di desde o in\u00edcio, sempre esteve ao seu lado com toda determina\u00e7\u00e3o, fornecendo incentivo e apoio incondicional. Obrigado pela parceria e por acreditar sempre&#8230;<\/p>\n<p>&nbsp;<\/p>\n<p>&nbsp;<\/p>\n<p>&nbsp;<\/p>\n<p>&nbsp;<\/p>\n<p>&nbsp;<\/p>\n<h1>Andressa Cristina<\/h1>\n<p><a href=\"http:\/\/www.cesardi.com.br\/cantandoideias\/wp-content\/uploads\/2018\/03\/27655165_603166750026940_802274086796291683_n.jpg\"><img loading=\"lazy\" decoding=\"async\" class=\"alignright wp-image-981 \" src=\"http:\/\/www.cesardi.com.br\/cantandoideias\/wp-content\/uploads\/2018\/03\/27655165_603166750026940_802274086796291683_n-225x300.jpg\" alt=\"\" width=\"218\" height=\"291\" srcset=\"https:\/\/cesardi.com.br\/cantandoideias\/wp-content\/uploads\/2018\/03\/27655165_603166750026940_802274086796291683_n-225x300.jpg 225w, https:\/\/cesardi.com.br\/cantandoideias\/wp-content\/uploads\/2018\/03\/27655165_603166750026940_802274086796291683_n.jpg 720w\" sizes=\"auto, (max-width: 218px) 100vw, 218px\" \/><\/a>Amante da Natureza e dos animais, cursando &#8220;Auxiliar de veterin\u00e1ria&#8221;. Envolvida desde o in\u00edcio em todos os trabalhos do Instituto: Produ\u00e7\u00e3o geral, fotografia, v\u00eddeos, cuidado com os animais, amplo suporte de amparo incondicional a todos os Projetos.<\/p>\n<p>Filha do C\u00e9sar Di, \u00e9 sua parceira e c\u00famplice insepar\u00e1vel de todos os momentos, nesta breve passagem por este planeta. Os dois moram juntos e mant\u00eam a Sede do Instituto e do Movimento Evolutivo em Itapecerica da Serra &#8211; S\u00e3o Paulo. Uma jovem de 21 anos que trabalha com muito amor no cora\u00e7\u00e3o, se tornando a principal &#8220;Irm\u00e3 Amparadora&#8221; e cuidadora do C\u00e9sar Di e de todo o seu trabalho, pois acredita na Evolu\u00e7\u00e3o e quer a cada dia se tornar uma pessoa muito melhor.<\/p>\n<p>&nbsp;<\/p>\n<p>&nbsp;<\/p>\n<p>&nbsp;<\/p>\n<p>&#8212;&#8212;&#8212;&#8212;&#8212;&#8212;&#8212;&#8212;&#8212;&#8212;&#8212;&#8212;&#8212;&#8212;&#8212;&#8212;&#8212;&#8212;&#8212;&#8212;&#8212;&#8212;&#8212;&#8212;&#8212;&#8212;&#8212;&#8212;-<\/p>\n<h1>C\u00e9sar Di \u2013 Um grande artista brasileiro<\/h1>\n<div><b>V\u00eddeo Release 21 anos de Estrada c\/ shows, apresenta\u00e7\u00f5es Brasil afora e em R\u00e1dios e TVs. <\/b>Assista no V\u00eddeo abaixo:<\/div>\n<div class=\"flex-video\"><iframe loading=\"lazy\" src=\"https:\/\/www.youtube.com\/embed\/4wldBrOoWXA?feature=oembed\" width=\"640\" height=\"360\" frameborder=\"0\" allowfullscreen=\"allowfullscreen\" data-mce-fragment=\"1\"><\/iframe><\/div>\n<p>&nbsp;<\/p>\n","protected":false},"excerpt":{"rendered":"<p>&nbsp; \u00a0Agradecemos profundamente \u00e0 estas consci\u00eancias que de forma volunt\u00e1ria e por amor, se uniram \u00e0 n\u00f3s se tornando como imprescind\u00edveis &#8220;Irm\u00e3os Amparadores&#8221;.\u00a0S\u00e3o como b\u00e1lsamos e tesouros valiosos que se dedicam \u00e0 nossa causa e fazem parte de nossa fam\u00edlia C\u00f3smica, nos apoiando incondicionalmente. Obrigado sempre&#8230; &nbsp; &nbsp; Geraldo Magela Florencio Geraldo Magela \u00e9 apoiador [&hellip;]<\/p>\n","protected":false},"author":1,"featured_media":0,"parent":383,"menu_order":7,"comment_status":"closed","ping_status":"closed","template":"","meta":{"footnotes":""},"class_list":["post-946","page","type-page","status-publish","hentry"],"_links":{"self":[{"href":"https:\/\/cesardi.com.br\/cantandoideias\/wp-json\/wp\/v2\/pages\/946","targetHints":{"allow":["GET"]}}],"collection":[{"href":"https:\/\/cesardi.com.br\/cantandoideias\/wp-json\/wp\/v2\/pages"}],"about":[{"href":"https:\/\/cesardi.com.br\/cantandoideias\/wp-json\/wp\/v2\/types\/page"}],"author":[{"embeddable":true,"href":"https:\/\/cesardi.com.br\/cantandoideias\/wp-json\/wp\/v2\/users\/1"}],"replies":[{"embeddable":true,"href":"https:\/\/cesardi.com.br\/cantandoideias\/wp-json\/wp\/v2\/comments?post=946"}],"version-history":[{"count":9,"href":"https:\/\/cesardi.com.br\/cantandoideias\/wp-json\/wp\/v2\/pages\/946\/revisions"}],"predecessor-version":[{"id":1107,"href":"https:\/\/cesardi.com.br\/cantandoideias\/wp-json\/wp\/v2\/pages\/946\/revisions\/1107"}],"up":[{"embeddable":true,"href":"https:\/\/cesardi.com.br\/cantandoideias\/wp-json\/wp\/v2\/pages\/383"}],"wp:attachment":[{"href":"https:\/\/cesardi.com.br\/cantandoideias\/wp-json\/wp\/v2\/media?parent=946"}],"curies":[{"name":"wp","href":"https:\/\/api.w.org\/{rel}","templated":true}]}}