{"id":949,"date":"2018-03-08T18:50:19","date_gmt":"2018-03-08T18:50:19","guid":{"rendered":"http:\/\/www.cesardi.com.br\/cantandoideias\/?page_id=949"},"modified":"2022-04-29T12:46:33","modified_gmt":"2022-04-29T12:46:33","slug":"parceiros-e-apoiadores","status":"publish","type":"page","link":"https:\/\/cesardi.com.br\/cantandoideias\/ime-instituto\/parceiros-e-apoiadores\/","title":{"rendered":"Parceiros e Apoiadores"},"content":{"rendered":"<p><a href=\"http:\/\/www.cesardi.com.br\/wp-content\/uploads\/2015\/07\/nativa-fm.jpg\"><img loading=\"lazy\" decoding=\"async\" class=\"alignright wp-image-4834 size-medium\" src=\"http:\/\/www.cesardi.com.br\/wp-content\/uploads\/2015\/07\/nativa-fm-300x144.jpg\" alt=\"nativa-fm\" width=\"300\" height=\"144\" \/><\/a><\/p>\n<p>&nbsp;<\/p>\n<p><strong>Radio Nativa FM<\/strong><br \/>\nProjeto: Encontro Cultural de Mineiros<\/p>\n<p>A R\u00e1dio Nativa foi a nossa grande parceira no Primeiro Encontro Cultural de Mineiros realizado em S\u00e3o Paulo. <strong>Site:<\/strong>\u00a0<a href=\"https:\/\/www.facebook.com\/RadioNativaFMSP?fref=ts\" target=\"_blank\" rel=\"noopener\">www.facebook.com\/RadioNativaFMSP?fref=ts<\/a><\/p>\n<p>&nbsp;<\/p>\n<p>&nbsp;<\/p>\n<p>&nbsp;<\/p>\n<p><a href=\"http:\/\/www.cesardi.com.br\/wp-content\/uploads\/2014\/05\/401263_325545897478028_100000678626494_982840_1961985789_n1.jpg\"><img loading=\"lazy\" decoding=\"async\" class=\"alignleft wp-image-4827\" src=\"http:\/\/www.cesardi.com.br\/wp-content\/uploads\/2015\/07\/geraldo-cruz-300x204.jpg\" alt=\"geraldo cruz\" width=\"192\" height=\"131\" \/><\/a><\/p>\n<p><strong>Deputado Estadual Geraldo Cruz.<\/strong><br \/>\nProjeto: Cantando Ideias, Despertando Consci\u00eancias&#8230;<\/p>\n<p>Tivemos o apoio do Deputado Geraldo Cruz em Projetos que realizamos na cidade de Itapecerica da Serra\/SP. Projeto: Criando, Cantando e escrevendo Ideias com show de encerramento na FIT &#8211; Faculdade de Itapecerica da Serra\/SP. \u00a0<strong>Site:<\/strong>\u00a0<a href=\"http:\/\/www.geraldocruz.com.br\" target=\"_blank\" rel=\"noopener\">http:\/\/www.geraldocruz.com.br<\/a><\/p>\n<p>&nbsp;<\/p>\n<p>&nbsp;<\/p>\n<p>&nbsp;<\/p>\n<p><a href=\"http:\/\/www.cesardi.com.br\/wp-content\/uploads\/2015\/07\/uniespFitImgLogo.png\"><img loading=\"lazy\" decoding=\"async\" class=\"alignright wp-image-4844 size-full\" src=\"http:\/\/www.cesardi.com.br\/wp-content\/uploads\/2015\/07\/uniespFitImgLogo.png\" alt=\"uniespFitImgLogo\" width=\"265\" height=\"100\" \/><\/a><strong>FIT &#8211; Faculdade de Itapecerica da Serra<\/strong><br \/>\nProjeto: Cantando Ideias, Despertando Consci\u00eancias&#8230;<br \/>\nProjeto: Meu Bairro Tem Cultura<\/p>\n<p>A\u00a0FIT &#8211; Faculdade de Itapecerica da Serra foi nossa grande parceira em v\u00e1rias edi\u00e7\u00f5es do Projeto:\u00a0Criando, Cantando e Escrevendo Ideias e Tamb\u00e9m\u00a0na primeira Edi\u00e7\u00e3o do Projeto: Meu Bairro Tem Cultura. \u00a0 \u00a0 \u00a0 \u00a0 \u00a0 \u00a0 \u00a0 \u00a0 \u00a0 \u00a0 \u00a0 \u00a0 \u00a0 \u00a0 \u00a0 \u00a0 \u00a0 \u00a0 \u00a0 <strong>Site:\u00a0<\/strong><a href=\"http:\/\/www.faculdadefit.edu.br\" target=\"_blank\" rel=\"noopener\">http:\/\/www.faculdadefit.edu.br<\/a><\/p>\n<p>&nbsp;<\/p>\n<p>&nbsp;<\/p>\n<p>&nbsp;<\/p>\n<p><img loading=\"lazy\" decoding=\"async\" class=\"alignleft wp-image-4828\" src=\"http:\/\/www.cesardi.com.br\/wp-content\/uploads\/2015\/07\/Gilmar-300x231.jpeg\" alt=\"Gilmar\" width=\"160\" height=\"124\" \/><strong>Deputado Federal Gilmar Tatto<\/strong><br \/>\nProjeto: Encontro do S\u00e9culo, Raul Seixas e Luiz Gonzaga<\/p>\n<p>O Deputado Gilmar Tatto foi um dos nossos Apoiadores Culturais no show que realizamos na Cidade de Embu Gua\u00e7u\/SP. Projeto: Encontro do S\u00e9culo, Raul Seixas e Luiz Gonzaga. <strong>Site:<\/strong>\u00a0<a href=\"https:\/\/www.facebook.com\/jilmar.tatto?fref=ts\" target=\"_blank\" rel=\"noopener\">https:\/\/www.facebook.com\/jilmar.tatto?fref=ts<\/a><\/p>\n<p>&nbsp;<\/p>\n<p>&nbsp;<\/p>\n<p>&nbsp;<\/p>\n<p><a href=\"http:\/\/www.cesardi.com.br\/wp-content\/uploads\/2015\/07\/20120914165327_01.jpg\"><img loading=\"lazy\" decoding=\"async\" class=\"alignleft wp-image-4855\" src=\"http:\/\/www.cesardi.com.br\/wp-content\/uploads\/2015\/07\/20120914165327_01-300x216.jpg\" alt=\"20120914165327_01\" width=\"162\" height=\"116\" \/><\/a>\u00a0<img loading=\"lazy\" decoding=\"async\" class=\"alignright wp-image-3810\" src=\"http:\/\/www.cesardi.com.br\/wp-content\/uploads\/2014\/05\/401263_325545897478028_100000678626494_982840_1961985789_n1-300x247.jpg\" alt=\"401263_325545897478028_100000678626494_982840_1961985789_n\" width=\"132\" height=\"109\" \/><strong>SESC &#8211; Servi\u00e7o Social do Com\u00e9rcio<\/strong><br \/>\nProjeto: Show Ebuli\u00e7\u00e3o de Ideias<\/p>\n<p>Nosso Show no SESC Thermas, Presidente Prudente (Divisa de S\u00e3o Paulo com Mato Grosso do Sul). Site:\u00a0<a href=\"http:\/\/www.sesc.com.br\" target=\"_blank\" rel=\"noopener\">http:\/\/www.sesc.com.br<\/a><\/p>\n<p>&nbsp;<\/p>\n<p>&nbsp;<\/p>\n<p>&nbsp;<\/p>\n<p><a href=\"http:\/\/www.cesardi.com.br\/wp-content\/uploads\/2015\/07\/OgAAAGwLNYqq2e6282GRdv-oCXl0C0BnFOHPrDYZnVFB2wO5nxrYaLaQp2cNViHeAJ54fCXK_v4iMcMHSzzSaMIBxAAAm1T1UDBbYKG3vGr5t8sHAGqblwg-5-dx.jpg\"><img loading=\"lazy\" decoding=\"async\" class=\"alignleft wp-image-4831 \" src=\"http:\/\/www.cesardi.com.br\/wp-content\/uploads\/2015\/07\/OgAAAGwLNYqq2e6282GRdv-oCXl0C0BnFOHPrDYZnVFB2wO5nxrYaLaQp2cNViHeAJ54fCXK_v4iMcMHSzzSaMIBxAAAm1T1UDBbYKG3vGr5t8sHAGqblwg-5-dx-300x289.jpg\" alt=\"OgAAAGwLNYqq2e6282GRdv-oCXl0C0BnFOHPrDYZnVFB2wO5nxrYaLaQp2cNViHeAJ54fCXK_v4iMcMHSzzSaMIBxAAAm1T1UDBbYKG3vGr5t8sHAGqblwg-5-dx\" width=\"167\" height=\"160\" \/><\/a><\/p>\n<p><strong>Z\u00e9 Turin<\/strong><br \/>\nProjeto: Encontro Cultural de Mineiros em S\u00e3o Paulo<\/p>\n<p>O Empres\u00e1rio Z\u00e9 Turin(2010) foi um dos nossos Patrocinadores no Primeiro Encontro Cultural de Mineiros em S\u00e3o Paulo. <strong>Site:\u00a0<\/strong><a href=\"https:\/\/www.facebook.com\/zeturin\" target=\"_blank\" rel=\"noopener\">https:\/\/www.facebook.com\/zeturin<\/a><\/p>\n<p>&nbsp;<\/p>\n<p>&nbsp;<\/p>\n<p>&nbsp;<\/p>\n<p>&nbsp;<\/p>\n<p><a href=\"http:\/\/www.cesardi.com.br\/wp-content\/uploads\/2015\/07\/P1030842.jpg\"><img loading=\"lazy\" decoding=\"async\" class=\"alignright wp-image-4839\" src=\"http:\/\/www.cesardi.com.br\/wp-content\/uploads\/2015\/07\/P1030842-300x300.jpg\" alt=\"P1030842\" width=\"121\" height=\"121\" \/><\/a><strong>Vereador Jos\u00e9 Maria<\/strong><br \/>\nProjeto: Cantando Ideias, Despertando Consci\u00eancias&#8230;<br \/>\nProjeto: Encontro Cultural de Mineiros<\/p>\n<p>O Vereador Jos\u00e9 Maria nos apoiou em alguns Projetos.\u00a0<strong>Site:<\/strong>\u00a0<a href=\"https:\/\/www.facebook.com\/zemariaitapecerica?fref=ts\" target=\"_blank\" rel=\"noopener\">https:\/\/www.facebook.com\/zemariaitapecerica?fref=ts<\/a><\/p>\n<p>&nbsp;<\/p>\n<p>&nbsp;<\/p>\n<p>&nbsp;<\/p>\n<p><a href=\"http:\/\/www.cesardi.com.br\/wp-content\/uploads\/2015\/07\/1b34f633340ad20c3ae5342c12dc1d28.jpg\"><img loading=\"lazy\" decoding=\"async\" class=\"alignleft wp-image-4847\" src=\"http:\/\/www.cesardi.com.br\/wp-content\/uploads\/2015\/07\/1b34f633340ad20c3ae5342c12dc1d28-300x215.jpg\" alt=\"1b34f633340ad20c3ae5342c12dc1d28\" width=\"187\" height=\"134\" \/><\/a><strong>Mano Veio e Mano Novo<img loading=\"lazy\" decoding=\"async\" class=\"alignright wp-image-4848\" src=\"http:\/\/www.cesardi.com.br\/wp-content\/uploads\/2015\/07\/DSC00361-271x300.jpg\" alt=\"DSC00361\" width=\"106\" height=\"117\" \/><\/strong><\/p>\n<p>Projeto: Encontro Cultural de Mineiros<\/p>\n<p>A dupla de radialistas Mano Veio e Mano novo da R\u00e1dio Nativa FM foram os grandes parceiros na realiza\u00e7\u00e3o do Primeiro Encontro Cultural de Mineiros de S\u00e3o Paulo. Nossos amigos e divulgadores de nosso trabalho. <strong>Site:<\/strong>\u00a0<a href=\"http:\/\/loja.manoveioemanonovo.com.br\/\" target=\"_blank\" rel=\"noopener\">http:\/\/loja.manoveioemanonovo.com.br\/<\/a><\/p>\n<p>&nbsp;<\/p>\n<p>&nbsp;<\/p>\n<p>&nbsp;<\/p>\n<p><a href=\"http:\/\/www.cesardi.com.br\/wp-content\/uploads\/2015\/07\/foto-jonas.jpg\"><img loading=\"lazy\" decoding=\"async\" class=\"alignright wp-image-4840\" src=\"http:\/\/www.cesardi.com.br\/wp-content\/uploads\/2015\/07\/foto-jonas-300x271.jpg\" alt=\"foto jonas\" width=\"137\" height=\"123\" \/><\/a><strong>Vereador Professor Jonas Feij\u00f3<\/strong><br \/>\nProjeto: Meu Bairro Tem Cultura<\/p>\n<p>O Vereador Professor Jonas Feij\u00f3 foi nosso grande parceiro na primeira Edi\u00e7\u00e3o do Projeto: Meu Bairro Tem Cultura.\u00a0<strong>Site:<\/strong><a href=\"https:\/\/www.facebook.com\/jonas.feijo.1?fref=ts\" target=\"_blank\" rel=\"noopener\"><strong>\u00a0<\/strong>https:\/\/www.facebook.com\/jonas.feijo.1?fref=ts<\/a><\/p>\n<p>&nbsp;<\/p>\n<p>&nbsp;<\/p>\n<p>&nbsp;<\/p>\n<p><img loading=\"lazy\" decoding=\"async\" class=\"alignleft wp-image-4826\" src=\"http:\/\/www.cesardi.com.br\/wp-content\/uploads\/2015\/07\/fg122511-300x203.jpg\" alt=\"fg122511\" width=\"179\" height=\"121\" \/><\/p>\n<p><strong>Deputado Estadual \u00canio Tatto<\/strong><br \/>\nProjeto: Encontro do S\u00e9culo, Raul Seixas e Luiz Gonzaga<\/p>\n<p>O Deputado Gilmar Tatto foi um dos nossos Apoiadores Culturais no show que realizamos na Cidade de Embu Gua\u00e7u\/SP. Projeto: Encontro do S\u00e9culo, Raul Seixas e Luiz Gonzaga. <strong>Site:<\/strong>\u00a0<a href=\"http:\/\/www.eniotatto.com.br\" target=\"_blank\" rel=\"noopener\">http:\/\/www.eniotatto.com.br<\/a><\/p>\n<p>&nbsp;<\/p>\n<p>&nbsp;<\/p>\n<p><a href=\"http:\/\/www.cesardi.com.br\/wp-content\/uploads\/2014\/05\/401263_325545897478028_100000678626494_982840_1961985789_n1.jpg\"><img loading=\"lazy\" decoding=\"async\" class=\"alignnone wp-image-3926 \" src=\"http:\/\/www.cesardi.com.br\/wp-content\/uploads\/2014\/11\/ok_frente1-2.jpg\" alt=\"ok_frente(1) 2\" width=\"1022\" height=\"730\" \/><\/a><\/p>\n<p><a href=\"http:\/\/www.cesardi.com.br\/wp-content\/uploads\/2014\/05\/401263_325545897478028_100000678626494_982840_1961985789_n1.jpg\"><img loading=\"lazy\" decoding=\"async\" class=\"alignnone wp-image-3922 size-full\" src=\"http:\/\/www.cesardi.com.br\/wp-content\/uploads\/2014\/11\/ok_verso1.jpg\" alt=\"ok_verso(1)\" width=\"1022\" height=\"730\" \/><\/a><a href=\"http:\/\/www.cesardi.com.br\/wp-content\/uploads\/2014\/10\/Modificado-fotoshop2.jpg\"><img loading=\"lazy\" decoding=\"async\" class=\"alignnone wp-image-3638 \" src=\"http:\/\/www.cesardi.com.br\/wp-content\/uploads\/2014\/10\/Modificado-fotoshop2.jpg\" alt=\"Modificado fotoshop2\" width=\"714\" height=\"503\" \/><\/a><\/p>\n<p><img loading=\"lazy\" decoding=\"async\" class=\"alignnone wp-image-603 size-full\" src=\"http:\/\/www.cesardi.com.br\/wp-content\/uploads\/2013\/03\/Frente-Encontro-dos-MineirosPronto-para-net.jpg\" alt=\"Frente Encontro dos Mineiros(Pronto) para net\" width=\"994\" height=\"713\" \/><\/p>\n<p><a href=\"http:\/\/www.cesardi.com.br\/wp-content\/uploads\/2013\/03\/Frente-Encontro-dos-MineirosPronto-para-net.jpg\"><img loading=\"lazy\" decoding=\"async\" class=\"alignnone wp-image-4865 size-full\" src=\"http:\/\/www.cesardi.com.br\/wp-content\/uploads\/2015\/07\/enorme-7-3.jpg\" alt=\"enorme (7) (3)\" width=\"1600\" height=\"1200\" \/><\/a><\/p>\n<p>&nbsp;<\/p>\n<p>&nbsp;<\/p>\n<p>&nbsp;<\/p>\n<p>&nbsp;<\/p>\n<p>&#8212;&#8212;&#8212;&#8212;&#8212;&#8212;&#8212;&#8212;&#8212;&#8212;&#8212;&#8212;&#8212;&#8212;&#8212;&#8212;&#8212;&#8212;&#8212;&#8212;&#8212;&#8212;&#8212;&#8212;&#8212;&#8212;&#8212;&#8212;-<\/p>\n<h1>C\u00e9sar Di \u2013 Um grande artista brasileiro<\/h1>\n<div><b>V\u00eddeo Release 21 anos de Estrada c\/ shows, apresenta\u00e7\u00f5es Brasil afora e em R\u00e1dios e TVs. <\/b>Assista no V\u00eddeo abaixo:<\/div>\n<div class=\"flex-video\"><iframe loading=\"lazy\" src=\"https:\/\/www.youtube.com\/embed\/4wldBrOoWXA?feature=oembed\" width=\"640\" height=\"360\" frameborder=\"0\" allowfullscreen=\"allowfullscreen\" data-mce-fragment=\"1\"><\/iframe><\/div>\n<p>&nbsp;<\/p>\n","protected":false},"excerpt":{"rendered":"<p>&nbsp; Radio Nativa FM Projeto: Encontro Cultural de Mineiros A R\u00e1dio Nativa foi a nossa grande parceira no Primeiro Encontro Cultural de Mineiros realizado em S\u00e3o Paulo. Site:\u00a0www.facebook.com\/RadioNativaFMSP?fref=ts &nbsp; &nbsp; &nbsp; Deputado Estadual Geraldo Cruz. Projeto: Cantando Ideias, Despertando Consci\u00eancias&#8230; Tivemos o apoio do Deputado Geraldo Cruz em Projetos que realizamos na cidade de Itapecerica [&hellip;]<\/p>\n","protected":false},"author":1,"featured_media":0,"parent":383,"menu_order":8,"comment_status":"closed","ping_status":"closed","template":"","meta":{"footnotes":""},"class_list":["post-949","page","type-page","status-publish","hentry"],"_links":{"self":[{"href":"https:\/\/cesardi.com.br\/cantandoideias\/wp-json\/wp\/v2\/pages\/949","targetHints":{"allow":["GET"]}}],"collection":[{"href":"https:\/\/cesardi.com.br\/cantandoideias\/wp-json\/wp\/v2\/pages"}],"about":[{"href":"https:\/\/cesardi.com.br\/cantandoideias\/wp-json\/wp\/v2\/types\/page"}],"author":[{"embeddable":true,"href":"https:\/\/cesardi.com.br\/cantandoideias\/wp-json\/wp\/v2\/users\/1"}],"replies":[{"embeddable":true,"href":"https:\/\/cesardi.com.br\/cantandoideias\/wp-json\/wp\/v2\/comments?post=949"}],"version-history":[{"count":4,"href":"https:\/\/cesardi.com.br\/cantandoideias\/wp-json\/wp\/v2\/pages\/949\/revisions"}],"predecessor-version":[{"id":1104,"href":"https:\/\/cesardi.com.br\/cantandoideias\/wp-json\/wp\/v2\/pages\/949\/revisions\/1104"}],"up":[{"embeddable":true,"href":"https:\/\/cesardi.com.br\/cantandoideias\/wp-json\/wp\/v2\/pages\/383"}],"wp:attachment":[{"href":"https:\/\/cesardi.com.br\/cantandoideias\/wp-json\/wp\/v2\/media?parent=949"}],"curies":[{"name":"wp","href":"https:\/\/api.w.org\/{rel}","templated":true}]}}